{"id":8133,"date":"2022-06-09T19:33:41","date_gmt":"2022-06-09T19:33:41","guid":{"rendered":"https:\/\/umnb.ca\/?page_id=8133"},"modified":"2022-09-20T19:14:14","modified_gmt":"2022-09-20T19:14:14","slug":"congres-annuel-2022-hebergement-2","status":"publish","type":"page","link":"https:\/\/umnb.ca\/fr\/congres-annuel-2022-hebergement-2\/","title":{"rendered":"hebergement 2022"},"content":{"rendered":"<p>[et_pb_section fb_built=\u00a0\u00bb1&Prime; admin_label=\u00a0\u00bbHeader\u00a0\u00bb _builder_version=\u00a0\u00bb4.16&Prime; use_background_color_gradient=\u00a0\u00bbon\u00a0\u00bb background_color_gradient_type=\u00a0\u00bbcircular\u00a0\u00bb background_color_gradient_direction_radial=\u00a0\u00bbtop left\u00a0\u00bb background_color_gradient_stops=\u00a0\u00bbrgba(255,255,255,0.89) 30%|rgba(255,255,255,0) 80%\u00a0\u00bb background_color_gradient_overlays_image=\u00a0\u00bbon\u00a0\u00bb background_color_gradient_start=\u00a0\u00bbrgba(255,255,255,0.89)\u00a0\u00bb background_color_gradient_start_position=\u00a0\u00bb30%\u00a0\u00bb background_color_gradient_end=\u00a0\u00bbrgba(255,255,255,0)\u00a0\u00bb background_color_gradient_end_position=\u00a0\u00bb80%\u00a0\u00bb background_image=\u00a0\u00bbhttps:\/\/umnb.ca\/wp-content\/uploads\/2019\/06\/Fredericton2byKandiseBrown.jpg\u00a0\u00bb custom_padding=\u00a0\u00bb8vw|0px|280px|0px|false|false\u00a0\u00bb global_colors_info=\u00a0\u00bb{}\u00a0\u00bb][et_pb_row _builder_version=\u00a0\u00bb4.16&Prime; global_colors_info=\u00a0\u00bb{}\u00a0\u00bb][et_pb_column type=\u00a0\u00bb4_4&Prime; _builder_version=\u00a0\u00bb4.16&Prime; custom_padding=\u00a0\u00bb|||\u00a0\u00bb global_colors_info=\u00a0\u00bb{}\u00a0\u00bb custom_padding__hover=\u00a0\u00bb|||\u00a0\u00bb][et_pb_text _builder_version=\u00a0\u00bb4.16&Prime; text_font=\u00a0\u00bb||||||||\u00a0\u00bb header_font=\u00a0\u00bbRaleway|700|||||||\u00a0\u00bb header_font_size=\u00a0\u00bb80px\u00a0\u00bb header_line_height=\u00a0\u00bb1.2em\u00a0\u00bb header_5_font=\u00a0\u00bbRaleway|700||on|||||\u00a0\u00bb header_5_text_color=\u00a0\u00bb#000000&Prime; header_5_font_size=\u00a0\u00bb20px\u00a0\u00bb header_5_letter_spacing=\u00a0\u00bb0.5em\u00a0\u00bb header_5_line_height=\u00a0\u00bb1.8em\u00a0\u00bb animation_style=\u00a0\u00bbzoom\u00a0\u00bb animation_intensity_zoom=\u00a0\u00bb5%\u00a0\u00bb header_font_size_tablet=\u00a0\u00bb48px\u00a0\u00bb header_font_size_phone=\u00a0\u00bb32px\u00a0\u00bb header_font_size_last_edited=\u00a0\u00bbon|phone\u00a0\u00bb header_5_font_size_tablet=\u00a0\u00bb14px\u00a0\u00bb header_5_font_size_phone=\u00a0\u00bb12px\u00a0\u00bb header_5_font_size_last_edited=\u00a0\u00bbon|desktop\u00a0\u00bb global_colors_info=\u00a0\u00bb{}\u00a0\u00bb]<\/p>\n<h5>October 7 &#8211; 9, 2022<\/h5>\n<h1>Congr\u00e8s annuel<\/h1>\n<p>[\/et_pb_text][\/et_pb_column][\/et_pb_row][\/et_pb_section][et_pb_section fb_built=\u00a0\u00bb1&Prime; admin_label=\u00a0\u00bbBlog\u00a0\u00bb _builder_version=\u00a0\u00bb4.16&Prime; background_color=\u00a0\u00bb#ffffff\u00a0\u00bb max_width=\u00a0\u00bb90%\u00a0\u00bb max_width_tablet=\u00a0\u00bb\u00a0\u00bb max_width_phone=\u00a0\u00bb100%\u00a0\u00bb max_width_last_edited=\u00a0\u00bbon|phone\u00a0\u00bb custom_margin=\u00a0\u00bb-160px||-71px|||\u00a0\u00bb border_color_all=\u00a0\u00bb#ffffff\u00a0\u00bb border_width_left=\u00a0\u00bb10vw\u00a0\u00bb global_colors_info=\u00a0\u00bb{}\u00a0\u00bb][et_pb_row column_structure=\u00a0\u00bb2_5,3_5&Prime; _builder_version=\u00a0\u00bb4.16&Prime; global_colors_info=\u00a0\u00bb{}\u00a0\u00bb][et_pb_column type=\u00a0\u00bb2_5&Prime; _builder_version=\u00a0\u00bb4.16&Prime; custom_padding=\u00a0\u00bb|||\u00a0\u00bb global_colors_info=\u00a0\u00bb{}\u00a0\u00bb custom_padding__hover=\u00a0\u00bb|||\u00a0\u00bb][et_pb_text _builder_version=\u00a0\u00bb4.16&Prime; global_colors_info=\u00a0\u00bb{}\u00a0\u00bb]<\/p>\n<p>&nbsp;<\/p>\n<div><a href=\"https:\/\/umnb.ca\/wp-content\/uploads\/2022\/09\/2022-UMNB-CONFERENCE-SCHEDULE-FR-2-1.pdf\"><strong>PROGRAMME<\/strong><\/a><\/div>\n<div><\/div>\n<div><a href=\"https:\/\/umnb.ca\/fr\/congres-annuel-2022-inscription\/\"><strong>INSCRIPTION<\/strong><\/a><\/div>\n<div><\/div>\n<div><a href=\"https:\/\/umnb.ca\/fr\/congres-annuel-2022-hebergement-2\/\"><strong>H\u00c9BERGEMENT<\/strong><\/a><\/div>\n<div><\/div>\n<div><a href=\"https:\/\/umnb.ca\/fr\/nos-membres\/prix-commemoratifs\/\"><strong>PRIX ET REMERCIEMENTS<\/strong><\/a><\/div>\n<div><\/div>\n<div><strong>SALON PROFESSIONNEL<\/strong><\/div>\n<div><\/div>\n<div><strong>R\u00c9SOLUTIONS<\/strong><\/div>\n<div><\/div>\n<div><strong>COMMANDITES<\/strong><\/div>\n<p><strong><\/strong><\/p>\n<p><strong><\/strong><\/p>\n<p>[\/et_pb_text][\/et_pb_column][et_pb_column type=\u00a0\u00bb3_5&Prime; _builder_version=\u00a0\u00bb4.16&Prime; custom_padding=\u00a0\u00bb|||\u00a0\u00bb global_colors_info=\u00a0\u00bb{}\u00a0\u00bb custom_padding__hover=\u00a0\u00bb|||\u00a0\u00bb][et_pb_text _builder_version=\u00a0\u00bb4.16&Prime; global_colors_info=\u00a0\u00bb{}\u00a0\u00bb]<\/p>\n<p><strong>H\u00c9BERGEMENT<\/strong><\/p>\n<p>L&rsquo;h\u00e9bergement est disponible selon le principe du premier arriv\u00e9, premier servi, aux endroits suivants :<\/p>\n<p><strong>Delta Fredericton<\/strong>, 225 Woodstock Rd.<\/p>\n<p>Pour r\u00e9server un h\u00f4tel en ligne, cliquez<strong> <a href=\"https:\/\/www.marriott.com\/event-reservations\/reservation-link.mi?id=1646766816761&amp;key=GRP&amp;app=resvlink\">ICI.<\/a><\/strong><\/p>\n<p>Le bloc de d\u00e9bordement sera \u00e0 l&rsquo;h\u00f4tel <strong><a href=\"https:\/\/www.crowneplaza.com\/hotels\/us\/en\/reservation?fromRedirect=true&amp;qSrt=sBR&amp;qIta=99629062&amp;icdv=99629062&amp;setPMCookies=true&amp;dp=true&amp;gclid=CjwKCAjw7cGUBhA9EiwArBAvosHfjloYyw2PGfvRlDPIV8I0BaQ8URCmHOF2xr30OnzaAr5_s6FxAxoCNtkQAvD_BwE&amp;cm_mmc=PDSEA-_-G_F-AMER_FS-USA_H-AMER_HS-USA_CP_BRI_EXM_CORE-CROWNE-_-PLAZA&amp;srb_u=1\">Crowne Plaza.<\/a><\/strong><\/p>\n<p>Pour r\u00e9server une chambre d&rsquo;h\u00f4tel, cliquez <a href=\"https:\/\/book.passkey.com\/event\/50336863\/owner\/55344\/home\"><strong>ICI.<\/strong><\/a><\/p>\n<p>Pour de plus amples renseignements, veuillez communiquer avec notre bureau \u00e0 info@umnb.ca ou au 506-444-2285.<\/p>\n<div><\/div>\n<div>\n<div><span>\u00a0<\/span><\/div>\n<\/div>\n<div>\n<div><\/div>\n<div><span><\/span><\/div>\n<div><span><\/span><\/div>\n<div><span><\/span><\/div>\n<\/div>\n<p>&nbsp;<\/p>\n<p>[\/et_pb_text][\/et_pb_column][\/et_pb_row][\/et_pb_section][et_pb_section fb_built=\u00a0\u00bb1&Prime; _builder_version=\u00a0\u00bb4.17.4&Prime; _module_preset=\u00a0\u00bbdefault\u00a0\u00bb global_colors_info=\u00a0\u00bb{}\u00a0\u00bb][et_pb_row _builder_version=\u00a0\u00bb4.17.4&Prime; _module_preset=\u00a0\u00bbdefault\u00a0\u00bb global_colors_info=\u00a0\u00bb{}\u00a0\u00bb][et_pb_column type=\u00a0\u00bb4_4&Prime; _builder_version=\u00a0\u00bb4.17.4&Prime; _module_preset=\u00a0\u00bbdefault\u00a0\u00bb global_colors_info=\u00a0\u00bb{}\u00a0\u00bb][et_pb_map address=\u00a0\u00bb225 Woodstock Rd, Fredericton, NB E3B 2H8, Canada\u00a0\u00bb address_lat=\u00a0\u00bb45.9649072&Prime; address_lng=\u00a0\u00bb-66.6629681&Prime; _builder_version=\u00a0\u00bb4.17.4&Prime; _module_preset=\u00a0\u00bbdefault\u00a0\u00bb global_colors_info=\u00a0\u00bb{}\u00a0\u00bb][\/et_pb_map][\/et_pb_column][\/et_pb_row][\/et_pb_section]<\/p>\n","protected":false},"excerpt":{"rendered":"<p>October 7 &#8211; 9, 2022 Congr\u00e8s annuel&nbsp; PROGRAMME INSCRIPTION H\u00c9BERGEMENT PRIX ET REMERCIEMENTS SALON PROFESSIONNEL R\u00c9SOLUTIONS COMMANDITES H\u00c9BERGEMENT L&rsquo;h\u00e9bergement est disponible selon le principe du premier arriv\u00e9, premier servi, aux endroits suivants : Delta Fredericton, 225 Woodstock Rd. Pour r\u00e9server un h\u00f4tel en ligne, cliquez ICI. Le bloc de d\u00e9bordement sera \u00e0 l&rsquo;h\u00f4tel Crowne Plaza. [&hellip;]<\/p>\n","protected":false},"author":2,"featured_media":0,"parent":0,"menu_order":0,"comment_status":"closed","ping_status":"closed","template":"","meta":{"_et_pb_use_builder":"on","_et_pb_old_content":"","_et_gb_content_width":"","footnotes":""},"class_list":["post-8133","page","type-page","status-publish","hentry"],"_links":{"self":[{"href":"https:\/\/umnb.ca\/fr\/wp-json\/wp\/v2\/pages\/8133\/"}],"collection":[{"href":"https:\/\/umnb.ca\/fr\/wp-json\/wp\/v2\/pages\/"}],"about":[{"href":"https:\/\/umnb.ca\/fr\/wp-json\/wp\/v2\/types\/page\/"}],"author":[{"embeddable":true,"href":"https:\/\/umnb.ca\/fr\/wp-json\/wp\/v2\/users\/2\/"}],"replies":[{"embeddable":true,"href":"https:\/\/umnb.ca\/fr\/wp-json\/wp\/v2\/comments\/?post=8133"}],"version-history":[{"count":5,"href":"https:\/\/umnb.ca\/fr\/wp-json\/wp\/v2\/pages\/8133\/revisions\/"}],"predecessor-version":[{"id":8475,"href":"https:\/\/umnb.ca\/fr\/wp-json\/wp\/v2\/pages\/8133\/revisions\/8475\/"}],"wp:attachment":[{"href":"https:\/\/umnb.ca\/fr\/wp-json\/wp\/v2\/media\/?parent=8133"}],"curies":[{"name":"wp","href":"https:\/\/api.w.org\/{rel}","templated":true}]}}