{"id":6224,"date":"2021-03-31T00:09:35","date_gmt":"2021-03-31T00:09:35","guid":{"rendered":"https:\/\/umnb.ca\/ressources\/guide-et-boite-a-outils-pour-la-reduction-du-gaz-a-effet-de-serre\/"},"modified":"2021-05-11T16:57:46","modified_gmt":"2021-05-11T16:57:46","slug":"guide-gaz-a-effet-de-serre","status":"publish","type":"page","link":"https:\/\/umnb.ca\/fr\/guide-gaz-a-effet-de-serre\/","title":{"rendered":"Guide et bo\u00eete \u00e0 outils pour la r\u00e9duction du gaz \u00e0 effet de serre"},"content":{"rendered":"<p>[et_pb_section fb_built=\u00a0\u00bb1&Prime; admin_label=\u00a0\u00bbHeader\u00a0\u00bb _builder_version=\u00a0\u00bb4.9.2&Prime; use_background_color_gradient=\u00a0\u00bbon\u00a0\u00bb background_color_gradient_start=\u00a0\u00bbrgba(255,255,255,0.89)\u00a0\u00bb background_color_gradient_end=\u00a0\u00bbrgba(255,255,255,0)\u00a0\u00bb background_color_gradient_type=\u00a0\u00bbradial\u00a0\u00bb background_color_gradient_direction_radial=\u00a0\u00bbtop left\u00a0\u00bb background_color_gradient_start_position=\u00a0\u00bb30%\u00a0\u00bb background_color_gradient_end_position=\u00a0\u00bb80%\u00a0\u00bb background_color_gradient_overlays_image=\u00a0\u00bbon\u00a0\u00bb background_image=\u00a0\u00bbhttps:\/\/umnb.ca\/wp-content\/uploads\/2021\/03\/AdobeStock_368293717.jpeg\u00a0\u00bb custom_margin=\u00a0\u00bb|||\u00a0\u00bb custom_padding=\u00a0\u00bb8vw||8vw||true\u00a0\u00bb][et_pb_row _builder_version=\u00a0\u00bb3.25&Prime;][et_pb_column type=\u00a0\u00bb4_4&Prime; _builder_version=\u00a0\u00bb3.25&Prime; custom_padding=\u00a0\u00bb|||\u00a0\u00bb custom_padding__hover=\u00a0\u00bb|||\u00a0\u00bb][et_pb_text _builder_version=\u00a0\u00bb4.9.2&Prime; text_font=\u00a0\u00bb||||||||\u00a0\u00bb header_font=\u00a0\u00bbRaleway|700|||||||\u00a0\u00bb header_font_size=\u00a0\u00bb80px\u00a0\u00bb header_line_height=\u00a0\u00bb1.2em\u00a0\u00bb header_5_font=\u00a0\u00bbRaleway|700||on|||||\u00a0\u00bb header_5_text_color=\u00a0\u00bb#000000&Prime; header_5_font_size=\u00a0\u00bb20px\u00a0\u00bb header_5_letter_spacing=\u00a0\u00bb0.5em\u00a0\u00bb header_5_line_height=\u00a0\u00bb1.8em\u00a0\u00bb animation_style=\u00a0\u00bbzoom\u00a0\u00bb animation_intensity_zoom=\u00a0\u00bb5%\u00a0\u00bb header_font_size_tablet=\u00a0\u00bb48px\u00a0\u00bb header_font_size_phone=\u00a0\u00bb32px\u00a0\u00bb header_font_size_last_edited=\u00a0\u00bbon|phone\u00a0\u00bb header_5_font_size_tablet=\u00a0\u00bb14px\u00a0\u00bb header_5_font_size_phone=\u00a0\u00bb12px\u00a0\u00bb header_5_font_size_last_edited=\u00a0\u00bbon|desktop\u00a0\u00bb]<\/p>\n<h1>Guide &amp; Bo\u00eete \u00e0 outils<\/h1>\n<h1>pour la r\u00e9duction des<\/h1>\n<h1>gaz \u00e0 effet de serre<\/h1>\n<p>[\/et_pb_text][\/et_pb_column][\/et_pb_row][\/et_pb_section][et_pb_section fb_built=\u00a0\u00bb1&Prime; _builder_version=\u00a0\u00bb3.22&Prime;][et_pb_row _builder_version=\u00a0\u00bb3.25&Prime;][et_pb_column type=\u00a0\u00bb4_4&Prime; _builder_version=\u00a0\u00bb3.25&Prime; custom_padding=\u00a0\u00bb|||\u00a0\u00bb custom_padding__hover=\u00a0\u00bb|||\u00a0\u00bb][et_pb_text _builder_version=\u00a0\u00bb4.9.2&Prime;]<\/p>\n<p><strong>Guide et bo\u00eete \u00e0 outils pour la r\u00e9duction des gaz \u00e0 effet de serre de l&rsquo;UMNB<\/strong><\/p>\n<p>Les municipalit\u00e9s sont le palier de gouvernement le plus proche de la vie quotidienne des gens. Les municipalit\u00e9s sont \u00e9galement responsables des d\u00e9cisions quotidiennes et des infrastructures importantes qui ont un impact sur les \u00e9missions de gaz \u00e0 effet de serre (GES) au niveau local. Mais pour de nombreuses communaut\u00e9s, il existe peu de directives sur les impacts climatiques de leurs politiques et actions, et encore moins de connaissances sur les mesures d&rsquo;att\u00e9nuation efficaces qui correspondent au contexte local unique du Nouveau-Brunswick.<\/p>\n<p>L&rsquo;UMNB a \u00e9labor\u00e9 un guide et une bo\u00eete \u00e0 outils sur les \u00e9missions de gaz \u00e0 effet de serre (GES) afin d&rsquo;aider les gouvernements locaux \u00e0 comprendre les impacts de leurs d\u00e9cisions et activit\u00e9s courantes, et de fournir des outils, des ressources, des mod\u00e8les et un soutien pour l&rsquo;action locale ! Le guide comprend une bo\u00eete \u00e0 outils de ressources pr\u00eates \u00e0 l&#8217;emploi qui rendent la r\u00e9duction des GES plus accessible aux collectivit\u00e9s de toutes tailles.<\/p>\n<p><strong>T\u00e9l\u00e9chargez le guide :<\/strong><\/p>\n<p>[\/et_pb_text][\/et_pb_column][\/et_pb_row][et_pb_row _builder_version=\u00a0\u00bb4.9.4&Prime; _module_preset=\u00a0\u00bbdefault\u00a0\u00bb][et_pb_column _builder_version=\u00a0\u00bb4.9.4&Prime; _module_preset=\u00a0\u00bbdefault\u00a0\u00bb type=\u00a0\u00bb4_4&Prime;][et_pb_code _builder_version=\u00a0\u00bb4.9.4&Prime; _module_preset=\u00a0\u00bbdefault\u00a0\u00bb hover_enabled=\u00a0\u00bb0&Prime; sticky_enabled=\u00a0\u00bb0&Prime;]<div class='w3eden'><!-- WPDM Link Template: Default Template -->\n\n<div class=\"link-template-default card mb-2\">\n    <div class=\"card-body\">\n        <div class=\"media\">\n            <div class=\"mr-3 img-48\"><img decoding=\"async\" class=\"wpdm_icon\" alt=\"Ic\u00f4ne\"   src=\"https:\/\/umnb.ca\/wp-content\/plugins\/download-manager\/assets\/file-type-icons\/box_download.png\" \/><\/div>\n            <div class=\"media-body\">\n                <h3 class=\"package-title\"><a href='https:\/\/umnb.ca\/fr\/download\/umnb-guide-et-trousse-doutils-a-lusage-des-municipalites-sur-la-reduction-des-emissions-de-ges\/'>UMNB Guide et trousse d\u2019outils \u00e0 l\u2019usage des municipalit\u00e9s sur la r\u00e9duction des \u00e9missions de GES<\/a><\/h3>\n                <div class=\"text-muted text-small\"><i class=\"fas fa-copy\"><\/i> 1 fichier\u00b7s <i class=\"fas fa-hdd ml-3\"><\/i> 3 MB<\/div>\n            <\/div>\n            <div class=\"ml-3\">\n                <a class='wpdm-download-link download-on-click btn btn-primary ' rel='nofollow' href='#' data-downloadurl=\"https:\/\/umnb.ca\/fr\/download\/umnb-guide-et-trousse-doutils-a-lusage-des-municipalites-sur-la-reduction-des-emissions-de-ges\/?wpdmdl=6522&refresh=69ef958e902cd1777309070\">T\u00e9l\u00e9charger<\/a>\n            <\/div>\n        <\/div>\n    <\/div>\n<\/div>\n\n<\/div>[\/et_pb_code][\/et_pb_column][\/et_pb_row][et_pb_row _builder_version=\u00a0\u00bb4.9.4&Prime; _module_preset=\u00a0\u00bbdefault\u00a0\u00bb][et_pb_column _builder_version=\u00a0\u00bb4.9.4&Prime; _module_preset=\u00a0\u00bbdefault\u00a0\u00bb type=\u00a0\u00bb4_4&Prime;][et_pb_text _builder_version=\u00a0\u00bb4.9.4&Prime; _module_preset=\u00a0\u00bbdefault\u00a0\u00bb hover_enabled=\u00a0\u00bb0&Prime; sticky_enabled=\u00a0\u00bb0&Prime;]<\/p>\n<p><strong>Ressources suppl\u00e9mentaires :<\/strong><\/p>\n<p>Partenaires dans le protection du climat : <a href=\"https:\/\/fr.pcp-ppc.ca\/resources\/guide-climate-action-in-small-and-rural-communities\">Guide d&rsquo;action climatique pour les petites collectivit\u00e9s et les collectivit\u00e9s rurales\u00a0<\/a><\/p>\n<p>[\/et_pb_text][\/et_pb_column][\/et_pb_row][\/et_pb_section]<\/p>\n","protected":false},"excerpt":{"rendered":"<p>Guide &amp; Bo\u00eete \u00e0 outils pour la r\u00e9duction des gaz \u00e0 effet de serreGuide et bo\u00eete \u00e0 outils pour la r\u00e9duction des gaz \u00e0 effet de serre de l&rsquo;UMNB Les municipalit\u00e9s sont le palier de gouvernement le plus proche de la vie quotidienne des gens. Les municipalit\u00e9s sont \u00e9galement responsables des d\u00e9cisions quotidiennes et des [&hellip;]<\/p>\n","protected":false},"author":3,"featured_media":0,"parent":0,"menu_order":0,"comment_status":"closed","ping_status":"closed","template":"","meta":{"_et_pb_use_builder":"on","_et_pb_old_content":"","_et_gb_content_width":"","footnotes":""},"class_list":["post-6224","page","type-page","status-publish","hentry"],"_links":{"self":[{"href":"https:\/\/umnb.ca\/fr\/wp-json\/wp\/v2\/pages\/6224\/"}],"collection":[{"href":"https:\/\/umnb.ca\/fr\/wp-json\/wp\/v2\/pages\/"}],"about":[{"href":"https:\/\/umnb.ca\/fr\/wp-json\/wp\/v2\/types\/page\/"}],"author":[{"embeddable":true,"href":"https:\/\/umnb.ca\/fr\/wp-json\/wp\/v2\/users\/3\/"}],"replies":[{"embeddable":true,"href":"https:\/\/umnb.ca\/fr\/wp-json\/wp\/v2\/comments\/?post=6224"}],"version-history":[{"count":6,"href":"https:\/\/umnb.ca\/fr\/wp-json\/wp\/v2\/pages\/6224\/revisions\/"}],"predecessor-version":[{"id":6528,"href":"https:\/\/umnb.ca\/fr\/wp-json\/wp\/v2\/pages\/6224\/revisions\/6528\/"}],"wp:attachment":[{"href":"https:\/\/umnb.ca\/fr\/wp-json\/wp\/v2\/media\/?parent=6224"}],"curies":[{"name":"wp","href":"https:\/\/api.w.org\/{rel}","templated":true}]}}