{"id":4418,"date":"2020-05-28T18:21:37","date_gmt":"2020-05-28T18:21:37","guid":{"rendered":"https:\/\/umnb.ca\/congres-annuel-2021\/"},"modified":"2023-06-05T03:17:57","modified_gmt":"2023-06-05T03:17:57","slug":"congres-annuel-2022","status":"publish","type":"page","link":"https:\/\/umnb.ca\/fr\/congres-annuel-2022\/","title":{"rendered":"Congr\u00e8s annuel 2022"},"content":{"rendered":"<p>[et_pb_section fb_built=\u00a0\u00bb1&Prime; admin_label=\u00a0\u00bbHeader\u00a0\u00bb _builder_version=\u00a0\u00bb4.16&Prime; use_background_color_gradient=\u00a0\u00bbon\u00a0\u00bb background_color_gradient_type=\u00a0\u00bbcircular\u00a0\u00bb background_color_gradient_direction_radial=\u00a0\u00bbtop left\u00a0\u00bb background_color_gradient_stops=\u00a0\u00bbrgba(255,255,255,0.89) 30%|rgba(255,255,255,0) 80%\u00a0\u00bb background_color_gradient_overlays_image=\u00a0\u00bbon\u00a0\u00bb background_color_gradient_start=\u00a0\u00bbrgba(255,255,255,0.89)\u00a0\u00bb background_color_gradient_start_position=\u00a0\u00bb30%\u00a0\u00bb background_color_gradient_end=\u00a0\u00bbrgba(255,255,255,0)\u00a0\u00bb background_color_gradient_end_position=\u00a0\u00bb80%\u00a0\u00bb background_image=\u00a0\u00bbhttps:\/\/umnb.ca\/wp-content\/uploads\/2019\/06\/Fredericton2byKandiseBrown.jpg\u00a0\u00bb custom_padding=\u00a0\u00bb8vw|0px|280px|0px|false|false\u00a0\u00bb global_colors_info=\u00a0\u00bb{}\u00a0\u00bb][et_pb_row _builder_version=\u00a0\u00bb4.16&Prime; global_colors_info=\u00a0\u00bb{}\u00a0\u00bb][et_pb_column type=\u00a0\u00bb4_4&Prime; _builder_version=\u00a0\u00bb4.16&Prime; custom_padding=\u00a0\u00bb|||\u00a0\u00bb global_colors_info=\u00a0\u00bb{}\u00a0\u00bb custom_padding__hover=\u00a0\u00bb|||\u00a0\u00bb][et_pb_text _builder_version=\u00a0\u00bb4.16&Prime; text_font=\u00a0\u00bb||||||||\u00a0\u00bb header_font=\u00a0\u00bbRaleway|700|||||||\u00a0\u00bb header_font_size=\u00a0\u00bb80px\u00a0\u00bb header_line_height=\u00a0\u00bb1.2em\u00a0\u00bb header_5_font=\u00a0\u00bbRaleway|700||on|||||\u00a0\u00bb header_5_text_color=\u00a0\u00bb#000000&Prime; header_5_font_size=\u00a0\u00bb20px\u00a0\u00bb header_5_letter_spacing=\u00a0\u00bb0.5em\u00a0\u00bb header_5_line_height=\u00a0\u00bb1.8em\u00a0\u00bb animation_style=\u00a0\u00bbzoom\u00a0\u00bb animation_intensity_zoom=\u00a0\u00bb5%\u00a0\u00bb header_font_size_tablet=\u00a0\u00bb48px\u00a0\u00bb header_font_size_phone=\u00a0\u00bb32px\u00a0\u00bb header_font_size_last_edited=\u00a0\u00bbon|phone\u00a0\u00bb header_5_font_size_tablet=\u00a0\u00bb14px\u00a0\u00bb header_5_font_size_phone=\u00a0\u00bb12px\u00a0\u00bb header_5_font_size_last_edited=\u00a0\u00bbon|desktop\u00a0\u00bb global_colors_info=\u00a0\u00bb{}\u00a0\u00bb]<\/p>\n<h5>7-9 OCTOBRE 2022<\/h5>\n<h1>Congr\u00e8s annuel<\/h1>\n<p>[\/et_pb_text][\/et_pb_column][\/et_pb_row][\/et_pb_section][et_pb_section fb_built=\u00a0\u00bb1&Prime; admin_label=\u00a0\u00bbBlog\u00a0\u00bb _builder_version=\u00a0\u00bb4.16&Prime; background_color=\u00a0\u00bb#ffffff\u00a0\u00bb max_width=\u00a0\u00bb90%\u00a0\u00bb max_width_tablet=\u00a0\u00bb\u00a0\u00bb max_width_phone=\u00a0\u00bb100%\u00a0\u00bb max_width_last_edited=\u00a0\u00bbon|phone\u00a0\u00bb min_height=\u00a0\u00bb1172.8px\u00a0\u00bb custom_margin=\u00a0\u00bb-160px|||\u00a0\u00bb border_color_all=\u00a0\u00bb#ffffff\u00a0\u00bb border_width_left=\u00a0\u00bb10vw\u00a0\u00bb global_colors_info=\u00a0\u00bb{}\u00a0\u00bb][et_pb_row _builder_version=\u00a0\u00bb4.16&Prime; global_colors_info=\u00a0\u00bb{}\u00a0\u00bb][et_pb_column type=\u00a0\u00bb4_4&Prime; _builder_version=\u00a0\u00bb4.16&Prime; custom_padding=\u00a0\u00bb|||\u00a0\u00bb global_colors_info=\u00a0\u00bb{}\u00a0\u00bb custom_padding__hover=\u00a0\u00bb|||\u00a0\u00bb][et_pb_text admin_label=\u00a0\u00bbText\u00a0\u00bb _builder_version=\u00a0\u00bb4.16&Prime; background_size=\u00a0\u00bbinitial\u00a0\u00bb background_position=\u00a0\u00bbtop_left\u00a0\u00bb background_repeat=\u00a0\u00bbrepeat\u00a0\u00bb global_colors_info=\u00a0\u00bb{}\u00a0\u00bb]<\/p>\n<p><strong>L&rsquo;assembl\u00e9e g\u00e9n\u00e9rale annuelle 2022 de UMNB s&rsquo;est tenue au Delta Fredericton pendant la fin de semaine de l&rsquo;Action de gr\u00e2ce, du 7 au 9 octobre 2022.\u00a0<\/strong><\/p>\n<p>Nous \u00e9tions ravis d&rsquo;accueillir 199 d\u00e9l\u00e9gu\u00e9s, 34 conf\u00e9renciers et 43 vendeurs \u00e0 Fredericton pour notre premi\u00e8re conf\u00e9rence annuelle en personne depuis 2019. Les membres se sont r\u00e9unis pour des s\u00e9ances et des discussions sur de nombreux sujets, notamment : la r\u00e9forme municipale, la crise du logement, les changements climatiques, la GRC, les relations entre les municipalit\u00e9s et les Autochtones, et bien d&rsquo;autres encore. Les membres ont entrepris les affaires de l&rsquo;UMNB lors de l&rsquo;assembl\u00e9e g\u00e9n\u00e9rale annuelle du dimanche 9 octobre, notamment en d\u00e9cidant des politiques et des priorit\u00e9s en votant des r\u00e9solutions, en entendant les rapports financiers et op\u00e9rationnels et en recevant des mises \u00e0 jour sur le travail des comit\u00e9s et des zones.\u00a0<\/p>\n<p>Ensemble, nous avons c\u00e9l\u00e9br\u00e9 les gagnants du prix comm\u00e9moratif Raymond Murphy et du prix comm\u00e9moratif Louise Breau, reconnu les gagnants du prix d&rsquo;anciennet\u00e9, port\u00e9 un toast aux municipalit\u00e9s qui c\u00e9l\u00e8brent des \u00e9tapes importantes de leur incorporation et honor\u00e9 les \u00e9lus municipaux d\u00e9c\u00e9d\u00e9s.<\/p>\n<p>Nous tenons \u00e0 remercier tout particuli\u00e8rement nos commanditaires :\u00a0<\/p>\n<ul>\n<li style=\"font-weight: 400;\" aria-level=\"1\"><strong><a href=\"https:\/\/www.alc.ca\/content\/alc\/en.html?gclid=CjwKCAjwkaSaBhA4EiwALBgQaNuZmPx_f14qnL2C9kvDgJ5En6CqF_ZpjHemoy-VO1DLiIaabzkgRhoC-OcQAvD_BwE\">Loto Atlantique<\/a><a href=\"https:\/\/www.alc.ca\/content\/alc\/en.html?gclid=CjwKCAjwkaSaBhA4EiwALBgQaNuZmPx_f14qnL2C9kvDgJ5En6CqF_ZpjHemoy-VO1DLiIaabzkgRhoC-OcQAvD_BwE\"><\/a><\/strong><\/li>\n<li style=\"font-weight: 400;\" aria-level=\"1\"><strong><a href=\"https:\/\/www.cn.ca\/fr\/\">CN<\/a><\/strong><\/li>\n<li><strong><a href=\"https:\/\/www.intactpublicentities.ca\/\">Entit\u00e9s publiques Intact<\/a><\/strong><\/li>\n<li><a href=\"https:\/\/www.jdirving.com\/fr\/\"><strong>J.D. Irving Limited<\/strong><\/a><\/li>\n<li><a href=\"https:\/\/www.englobecorp.com\/\"><strong>Englobe<\/strong><\/a><\/li>\n<li><a href=\"https:\/\/www.nbpower.com\/Welcome.aspx?lang=fr\"><strong>\u00c9nergie NB<\/strong><\/a><\/li>\n<li><a href=\"https:\/\/npf-fpn.com\/fr\/\"><strong>F\u00e9d\u00e9ration nationale de la police<\/strong><\/a><\/li>\n<li><a href=\"https:\/\/www.nwmo.ca\/?gclid=CjwKCAjwkaSaBhA4EiwALBgQaCS42IyjCBrof7o4OEPqAWvGW4PXPek9wbH148ASeBu2aY1JvLPFwhoCJ40QAvD_BwE\"><strong>Soci\u00e9t\u00e9 de gestion des d\u00e9chets nucl\u00e9aires<\/strong><\/a><\/li>\n<li><a href=\"https:\/\/www.canadapost-postescanada.ca\/scp\/fr\/accueil.page\"><strong>Postes Canada<\/strong><\/a><\/li>\n<li><a href=\"https:\/\/www.rbanb.com\/\"><strong>Constructeurs de routes du Nouveau-Brunswick<\/strong><\/a><\/li>\n<\/ul>\n<p>Voici toutes les pr\u00e9sentations de la fin de semaine :\u00a0<\/p>\n<p>VENDREDI<\/p>\n<p>&nbsp;<\/p>\n<p>&nbsp;<\/p>\n<p>SAMEDI\u00a0<\/p>\n<p>&nbsp;<\/p>\n<p>&nbsp;<\/p>\n<p>DIMANCHE<\/p>\n<p>Pour toute information sur la conf\u00e9rence annuelle 2023, veuillez contacter Vanessa Pettersson \u00e0 <a href=\"mailto:vanessa.pettersson@umnb.ca\">vanessa.pettersson@umnb.ca<\/a>\u00a0<\/p>\n<p>[\/et_pb_text][\/et_pb_column][\/et_pb_row][\/et_pb_section][et_pb_section fb_built=\u00a0\u00bb1&Prime; _builder_version=\u00a0\u00bb4.17.4&Prime; _module_preset=\u00a0\u00bbdefault\u00a0\u00bb min_height=\u00a0\u00bb893.1px\u00a0\u00bb global_colors_info=\u00a0\u00bb{}\u00a0\u00bb][et_pb_row _builder_version=\u00a0\u00bb4.17.4&Prime; _module_preset=\u00a0\u00bbdefault\u00a0\u00bb global_colors_info=\u00a0\u00bb{}\u00a0\u00bb][et_pb_column type=\u00a0\u00bb4_4&Prime; _builder_version=\u00a0\u00bb4.17.4&Prime; _module_preset=\u00a0\u00bbdefault\u00a0\u00bb global_colors_info=\u00a0\u00bb{}\u00a0\u00bb][et_pb_image src=\u00a0\u00bbhttps:\/\/umnb.ca\/wp-content\/uploads\/2022\/09\/THANK-YOU-TO-OUR-2022-SPONSORS-2.png\u00a0\u00bb _builder_version=\u00a0\u00bb4.17.4&Prime; _module_preset=\u00a0\u00bbdefault\u00a0\u00bb global_colors_info=\u00a0\u00bb{}\u00a0\u00bb][\/et_pb_image][\/et_pb_column][\/et_pb_row][\/et_pb_section]<\/p>\n","protected":false},"excerpt":{"rendered":"<p>7-9 OCTOBRE 2022 Congr\u00e8s annuelL&rsquo;assembl\u00e9e g\u00e9n\u00e9rale annuelle 2022 de UMNB s&rsquo;est tenue au Delta Fredericton pendant la fin de semaine de l&rsquo;Action de gr\u00e2ce, du 7 au 9 octobre 2022.\u00a0 Nous \u00e9tions ravis d&rsquo;accueillir 199 d\u00e9l\u00e9gu\u00e9s, 34 conf\u00e9renciers et 43 vendeurs \u00e0 Fredericton pour notre premi\u00e8re conf\u00e9rence annuelle en personne depuis 2019. Les membres se [&hellip;]<\/p>\n","protected":false},"author":2,"featured_media":0,"parent":0,"menu_order":0,"comment_status":"closed","ping_status":"closed","template":"","meta":{"_et_pb_use_builder":"on","_et_pb_old_content":"","_et_gb_content_width":"","footnotes":""},"class_list":["post-4418","page","type-page","status-publish","hentry"],"_links":{"self":[{"href":"https:\/\/umnb.ca\/fr\/wp-json\/wp\/v2\/pages\/4418\/"}],"collection":[{"href":"https:\/\/umnb.ca\/fr\/wp-json\/wp\/v2\/pages\/"}],"about":[{"href":"https:\/\/umnb.ca\/fr\/wp-json\/wp\/v2\/types\/page\/"}],"author":[{"embeddable":true,"href":"https:\/\/umnb.ca\/fr\/wp-json\/wp\/v2\/users\/2\/"}],"replies":[{"embeddable":true,"href":"https:\/\/umnb.ca\/fr\/wp-json\/wp\/v2\/comments\/?post=4418"}],"version-history":[{"count":14,"href":"https:\/\/umnb.ca\/fr\/wp-json\/wp\/v2\/pages\/4418\/revisions\/"}],"predecessor-version":[{"id":9400,"href":"https:\/\/umnb.ca\/fr\/wp-json\/wp\/v2\/pages\/4418\/revisions\/9400\/"}],"wp:attachment":[{"href":"https:\/\/umnb.ca\/fr\/wp-json\/wp\/v2\/media\/?parent=4418"}],"curies":[{"name":"wp","href":"https:\/\/api.w.org\/{rel}","templated":true}]}}