{"id":2605,"date":"2019-11-04T18:58:31","date_gmt":"2019-11-04T18:58:31","guid":{"rendered":"https:\/\/umnb.ca\/congres-annuel-2020\/"},"modified":"2021-07-27T17:01:27","modified_gmt":"2021-07-27T17:01:27","slug":"congres-annuel-2020","status":"publish","type":"page","link":"https:\/\/umnb.ca\/fr\/congres-annuel-2020\/","title":{"rendered":"UMNB 2020"},"content":{"rendered":"<p>[et_pb_section fb_built=\u00a0\u00bb1&Prime; admin_label=\u00a0\u00bbHeader\u00a0\u00bb _builder_version=\u00a0\u00bb4.4.8&Prime; use_background_color_gradient=\u00a0\u00bbon\u00a0\u00bb background_color_gradient_start=\u00a0\u00bbrgba(255,255,255,0.89)\u00a0\u00bb background_color_gradient_end=\u00a0\u00bbrgba(255,255,255,0)\u00a0\u00bb background_color_gradient_type=\u00a0\u00bbradial\u00a0\u00bb background_color_gradient_direction_radial=\u00a0\u00bbtop left\u00a0\u00bb background_color_gradient_start_position=\u00a0\u00bb20%\u00a0\u00bb background_color_gradient_end_position=\u00a0\u00bb40%\u00a0\u00bb background_color_gradient_overlays_image=\u00a0\u00bbon\u00a0\u00bb background_image=\u00a0\u00bbhttps:\/\/umnb.ca\/wp-content\/uploads\/2020\/09\/superzoom.jpg\u00a0\u00bb custom_padding=\u00a0\u00bb8vw|0px|280px|0px|false|false\u00a0\u00bb][et_pb_row _builder_version=\u00a0\u00bb3.25&Prime;][et_pb_column type=\u00a0\u00bb4_4&Prime; _builder_version=\u00a0\u00bb3.25&Prime; custom_padding=\u00a0\u00bb|||\u00a0\u00bb custom_padding__hover=\u00a0\u00bb|||\u00a0\u00bb][et_pb_text _builder_version=\u00a0\u00bb3.27.4&Prime; text_font=\u00a0\u00bb||||||||\u00a0\u00bb header_font=\u00a0\u00bbRaleway|700|||||||\u00a0\u00bb header_font_size=\u00a0\u00bb80px\u00a0\u00bb header_line_height=\u00a0\u00bb1.2em\u00a0\u00bb header_5_font=\u00a0\u00bbRaleway|700||on|||||\u00a0\u00bb header_5_text_color=\u00a0\u00bb#000000&Prime; header_5_font_size=\u00a0\u00bb20px\u00a0\u00bb header_5_letter_spacing=\u00a0\u00bb0.5em\u00a0\u00bb header_5_line_height=\u00a0\u00bb1.8em\u00a0\u00bb animation_style=\u00a0\u00bbzoom\u00a0\u00bb animation_intensity_zoom=\u00a0\u00bb5%\u00a0\u00bb header_font_size_tablet=\u00a0\u00bb48px\u00a0\u00bb header_font_size_phone=\u00a0\u00bb32px\u00a0\u00bb header_font_size_last_edited=\u00a0\u00bbon|phone\u00a0\u00bb header_5_font_size_tablet=\u00a0\u00bb14px\u00a0\u00bb header_5_font_size_phone=\u00a0\u00bb12px\u00a0\u00bb header_5_font_size_last_edited=\u00a0\u00bbon|desktop\u00a0\u00bb]<\/p>\n<h5>4 octobre 2020<\/h5>\n<h1>Assembl\u00e9e g\u00e9n\u00e9rale annuelle<\/h1>\n<p>[\/et_pb_text][\/et_pb_column][\/et_pb_row][\/et_pb_section][et_pb_section fb_built=\u00a0\u00bb1&Prime; admin_label=\u00a0\u00bbBlog\u00a0\u00bb _builder_version=\u00a0\u00bb3.22&Prime; background_color=\u00a0\u00bb#ffffff\u00a0\u00bb max_width=\u00a0\u00bb90%\u00a0\u00bb max_width_tablet=\u00a0\u00bb\u00a0\u00bb max_width_phone=\u00a0\u00bb100%\u00a0\u00bb max_width_last_edited=\u00a0\u00bbon|phone\u00a0\u00bb custom_margin=\u00a0\u00bb-160px|||\u00a0\u00bb border_color_all=\u00a0\u00bb#ffffff\u00a0\u00bb border_width_left=\u00a0\u00bb10vw\u00a0\u00bb][et_pb_row _builder_version=\u00a0\u00bb3.25&Prime;][et_pb_column type=\u00a0\u00bb4_4&Prime; _builder_version=\u00a0\u00bb3.25&Prime; custom_padding=\u00a0\u00bb|||\u00a0\u00bb custom_padding__hover=\u00a0\u00bb|||\u00a0\u00bb][et_pb_video src=\u00a0\u00bbhttps:\/\/youtu.be\/Q77mzWPHU0k\u00a0\u00bb _builder_version=\u00a0\u00bb4.5.3&Prime; _module_preset=\u00a0\u00bbdefault\u00a0\u00bb][\/et_pb_video][\/et_pb_column][\/et_pb_row][et_pb_row _builder_version=\u00a0\u00bb3.25&Prime;][et_pb_column type=\u00a0\u00bb4_4&Prime; _builder_version=\u00a0\u00bb3.25&Prime; custom_padding=\u00a0\u00bb|||\u00a0\u00bb custom_padding__hover=\u00a0\u00bb|||\u00a0\u00bb][et_pb_text _builder_version=\u00a0\u00bb4.9.4&Prime;]<\/p>\n<p><strong><a href=\"https:\/\/umnb.ca\/wp-content\/uploads\/2020\/10\/UMNB2020-AGM-Presentation-AGA.pdf\">L&rsquo;assembl\u00e9e g\u00e9n\u00e9rale annuelle 2020 de l&rsquo;UMNB<\/a> a eu lieu \u00e0 distance via Zoom le 4 octobre 2020 \u00e0 9 heures. <a href=\"https:\/\/youtu.be\/mCezRPej4gc\">Voir l&rsquo;enregistrement ici<\/a>.<\/strong><\/p>\n<p><strong>R\u00c9SOLUTIONS SOUMISES (MEMBRES SEULEMENT)<\/strong><\/p>\n<p>Les r\u00e9solutions suivantes ont \u00e9t\u00e9 d\u00e9battues lors de l\u2019assembl\u00e9e g\u00e9n\u00e9rale annuelle de l\u2019UMNB le 4 octobre 2020 :<\/p>\n<table>\n<tbody>\n<tr>\n<td><a href=\"https:\/\/umnb.ca\/wp-content\/uploads\/2020\/09\/UMNB2020-Submitted-Resolutions-FR.pdf\">U-20-01<\/a><\/td>\n<td>\n<p class=\"p1\">Soutien au secteur forestier du Nouveau-Brunswick (adopt\u00e9 avec amendements)<\/p>\n<\/td>\n<\/tr>\n<tr>\n<td><a href=\"https:\/\/umnb.ca\/wp-content\/uploads\/2020\/09\/UMNB2020-Submitted-Resolutions-FR.pdf\">U-20-02<\/a><\/td>\n<td>\n<p class=\"p1\">Cr\u00e9ation et mise en application du r\u00e8glement sur le code de conduite (rejet\u00e9)<\/p>\n<\/td>\n<\/tr>\n<tr>\n<td><a href=\"https:\/\/umnb.ca\/wp-content\/uploads\/2020\/09\/UMNB2020-Submitted-Resolutions-FR.pdf\">U-20-03<\/a><\/td>\n<td>\n<p class=\"p1\">N\u00e9gociations sur la relance s\u00e9curitaire (adopt\u00e9)<\/p>\n<\/td>\n<\/tr>\n<tr>\n<td><a href=\"https:\/\/umnb.ca\/wp-content\/uploads\/2020\/09\/UMNB2020-Submitted-Resolutions-FR.pdf\">U-20-04<\/a><\/td>\n<td>\n<p class=\"p1\">Acc\u00e8s universel abordable \u00e0 l\u2019Internet \u00e0 haute vitesse au Nouveau-Brunswick (adopt\u00e9)<\/p>\n<\/td>\n<\/tr>\n<tr>\n<td><a href=\"https:\/\/umnb.ca\/wp-content\/uploads\/2020\/09\/UMNB2020-Submitted-Resolutions-FR.pdf\">U-20-05<\/a><\/td>\n<td>\n<p class=\"p1\">Mandats de trois ans pour les \u00e9lections municipales (rejet\u00e9)<\/p>\n<\/td>\n<\/tr>\n<tr>\n<td><a href=\"https:\/\/umnb.ca\/wp-content\/uploads\/2020\/09\/UMNB2020-Submitted-Resolutions-FR.pdf\">U-20-06<\/a><\/td>\n<td>\n<p class=\"p1\">R\u00e9solution visant la taxe sur les machines (adopt\u00e9)<\/p>\n<\/td>\n<\/tr>\n<tr>\n<td><\/td>\n<td><a href=\"https:\/\/umnb.ca\/fr\/resolutions\/\">Cliquez ici pour voir les r\u00e9solutions ouvertes de l&rsquo;UMNB en date du 4 octobre 2020.<\/a><\/td>\n<\/tr>\n<\/tbody>\n<\/table>\n<p><strong>PRIX ET REMERCIEMENTS<\/strong><\/p>\n<p>Lors de l&rsquo;Assembl\u00e9e g\u00e9n\u00e9rale annuelle 2020, l&rsquo;UMNB a remis le <a href=\"https:\/\/umnb.ca\/fr\/nos-membres\/prix-commemoratifs\/\">Prix comm\u00e9moratif Raymond Murphy<\/a> au maire Gerald \u00ab\u00a0Jerry\u00a0\u00bb Gogan de Petitcodiac et le <a href=\"https:\/\/umnb.ca\/fr\/nos-membres\/prix-commemoratifs\/\">Prix comm\u00e9moratif Louise Breau<\/a> au conseiller et ancien maire Clem Tremblay de Dalhousie.<\/p>\n<p>Le village de Grand Manan et la ville de Miramichi ont \u00e9t\u00e9 reconnus pour leur 25e anniversaire de constitution en soci\u00e9t\u00e9.<\/p>\n<p>Des r\u00e9compenses pour services longs pour 12+ et 20+ ann\u00e9es de service ont \u00e9t\u00e9 d\u00e9cern\u00e9es, et un moment de silence a \u00e9t\u00e9 observ\u00e9 \u00e0 la m\u00e9moire des \u00e9lus municipaux d\u00e9c\u00e9d\u00e9s.<\/p>\n<p>[\/et_pb_text][\/et_pb_column][\/et_pb_row][\/et_pb_section]<\/p>\n","protected":false},"excerpt":{"rendered":"<p>4 octobre 2020 Assembl\u00e9e g\u00e9n\u00e9rale annuelleL&rsquo;assembl\u00e9e g\u00e9n\u00e9rale annuelle 2020 de l&rsquo;UMNB a eu lieu \u00e0 distance via Zoom le 4 octobre 2020 \u00e0 9 heures. Voir l&rsquo;enregistrement ici. R\u00c9SOLUTIONS SOUMISES (MEMBRES SEULEMENT) Les r\u00e9solutions suivantes ont \u00e9t\u00e9 d\u00e9battues lors de l\u2019assembl\u00e9e g\u00e9n\u00e9rale annuelle de l\u2019UMNB le 4 octobre 2020 : U-20-01 Soutien au secteur forestier [&hellip;]<\/p>\n","protected":false},"author":2,"featured_media":0,"parent":0,"menu_order":0,"comment_status":"closed","ping_status":"closed","template":"","meta":{"_et_pb_use_builder":"on","_et_pb_old_content":"","_et_gb_content_width":"","footnotes":""},"class_list":["post-2605","page","type-page","status-publish","hentry"],"_links":{"self":[{"href":"https:\/\/umnb.ca\/fr\/wp-json\/wp\/v2\/pages\/2605\/"}],"collection":[{"href":"https:\/\/umnb.ca\/fr\/wp-json\/wp\/v2\/pages\/"}],"about":[{"href":"https:\/\/umnb.ca\/fr\/wp-json\/wp\/v2\/types\/page\/"}],"author":[{"embeddable":true,"href":"https:\/\/umnb.ca\/fr\/wp-json\/wp\/v2\/users\/2\/"}],"replies":[{"embeddable":true,"href":"https:\/\/umnb.ca\/fr\/wp-json\/wp\/v2\/comments\/?post=2605"}],"version-history":[{"count":34,"href":"https:\/\/umnb.ca\/fr\/wp-json\/wp\/v2\/pages\/2605\/revisions\/"}],"predecessor-version":[{"id":6815,"href":"https:\/\/umnb.ca\/fr\/wp-json\/wp\/v2\/pages\/2605\/revisions\/6815\/"}],"wp:attachment":[{"href":"https:\/\/umnb.ca\/fr\/wp-json\/wp\/v2\/media\/?parent=2605"}],"curies":[{"name":"wp","href":"https:\/\/api.w.org\/{rel}","templated":true}]}}