{"id":1689,"date":"2019-06-25T14:45:31","date_gmt":"2019-06-25T14:45:31","guid":{"rendered":"https:\/\/umnb.ca\/congres-annuel-2019-hebergement\/"},"modified":"2019-09-12T13:48:14","modified_gmt":"2019-09-12T13:48:14","slug":"congres-annuel-2019-hebergement","status":"publish","type":"page","link":"https:\/\/umnb.ca\/fr\/congres-annuel-2019-hebergement\/","title":{"rendered":"Congr\u00e8s annuel 2019 &#8211; H\u00e9bergement"},"content":{"rendered":"<p>[et_pb_section fb_built=\u00a0\u00bb1&Prime; admin_label=\u00a0\u00bbHeader\u00a0\u00bb _builder_version=\u00a0\u00bb3.19.15&Prime; use_background_color_gradient=\u00a0\u00bbon\u00a0\u00bb background_color_gradient_start=\u00a0\u00bbrgba(255,255,255,0.89)\u00a0\u00bb background_color_gradient_end=\u00a0\u00bbrgba(255,255,255,0)\u00a0\u00bb background_color_gradient_type=\u00a0\u00bbradial\u00a0\u00bb background_color_gradient_direction_radial=\u00a0\u00bbtop left\u00a0\u00bb background_color_gradient_start_position=\u00a0\u00bb30%\u00a0\u00bb background_color_gradient_end_position=\u00a0\u00bb80%\u00a0\u00bb background_color_gradient_overlays_image=\u00a0\u00bbon\u00a0\u00bb background_image=\u00a0\u00bbhttps:\/\/umnb.ca\/wp-content\/uploads\/2019\/06\/Fredericton2byKandiseBrown.jpg\u00a0\u00bb custom_padding=\u00a0\u00bb8vw|0px|280px|0px|false|false\u00a0\u00bb][et_pb_row _builder_version=\u00a0\u00bb3.13&Prime;][et_pb_column type=\u00a0\u00bb4_4&Prime; _builder_version=\u00a0\u00bb3.12.2&Prime;][et_pb_text _builder_version=\u00a0\u00bb3.12.2&Prime; text_font=\u00a0\u00bb||||||||\u00a0\u00bb header_font=\u00a0\u00bbRaleway|700|||||||\u00a0\u00bb header_font_size=\u00a0\u00bb80px\u00a0\u00bb header_font_size_tablet=\u00a0\u00bb48px\u00a0\u00bb header_font_size_phone=\u00a0\u00bb32px\u00a0\u00bb header_font_size_last_edited=\u00a0\u00bbon|phone\u00a0\u00bb header_line_height=\u00a0\u00bb1.2em\u00a0\u00bb header_5_font=\u00a0\u00bbRaleway|700||on|||||\u00a0\u00bb header_5_text_color=\u00a0\u00bb#000000&Prime; header_5_font_size=\u00a0\u00bb20px\u00a0\u00bb header_5_font_size_tablet=\u00a0\u00bb14px\u00a0\u00bb header_5_font_size_phone=\u00a0\u00bb12px\u00a0\u00bb header_5_font_size_last_edited=\u00a0\u00bbon|desktop\u00a0\u00bb header_5_letter_spacing=\u00a0\u00bb0.5em\u00a0\u00bb header_5_line_height=\u00a0\u00bb1.8em\u00a0\u00bb animation_style=\u00a0\u00bbzoom\u00a0\u00bb animation_intensity_zoom=\u00a0\u00bb5%\u00a0\u00bb]<\/p>\n<h5>4-6 octobre 2019<\/h5>\n<h1>Congr\u00e8s annuel<\/h1>\n<p>[\/et_pb_text][\/et_pb_column][\/et_pb_row][\/et_pb_section][et_pb_section fb_built=\u00a0\u00bb1&Prime; admin_label=\u00a0\u00bbBlog\u00a0\u00bb _builder_version=\u00a0\u00bb3.12.2&Prime; background_color=\u00a0\u00bb#ffffff\u00a0\u00bb border_color_all=\u00a0\u00bb#ffffff\u00a0\u00bb border_width_left=\u00a0\u00bb10vw\u00a0\u00bb max_width=\u00a0\u00bb90%\u00a0\u00bb max_width_phone=\u00a0\u00bb100%\u00a0\u00bb max_width_last_edited=\u00a0\u00bbon|phone\u00a0\u00bb custom_margin=\u00a0\u00bb-160px|||\u00a0\u00bb][et_pb_row _builder_version=\u00a0\u00bb3.19.15&Prime;][et_pb_column type=\u00a0\u00bb2_5&Prime; _builder_version=\u00a0\u00bb3.19.15&Prime;][et_pb_text _builder_version=\u00a0\u00bb3.19.15&Prime;]<\/p>\n<p><strong><a href=\"https:\/\/umnb.ca\/fr\/congres-annuel-2019-programme\/\">PROGRAMME<\/a><\/strong><\/p>\n<p><strong><a href=\"https:\/\/umnb.ca\/fr\/congres-annuel-2019-inscription\/\">INSCRIPTION<\/a><\/strong><\/p>\n<p><strong><a href=\"https:\/\/umnb.ca\/fr\/congres-annuel-2019-hebergement\/\">H\u00c9BERGEMENT<\/a><\/strong><\/p>\n<p><strong><a href=\"https:\/\/umnb.ca\/fr\/congres-annuel-2019-les-prix-et-remerciements\/\">PRIX ET REMERCIEMENTS<\/a><\/strong><\/p>\n<p><strong><a href=\"https:\/\/umnb.ca\/fr\/congres-annuel-2019-salon-professionel\/\">SALON PROFESSIONEL<\/a><\/strong><\/p>\n<p><strong><a href=\"https:\/\/umnb.ca\/fr\/congres-annuel-2019-auction-ventre-aux-encheres\/\">L&rsquo;ENCAN SILENCIEUX<\/a><\/strong><\/p>\n<p><strong><a href=\"https:\/\/umnb.ca\/fr\/congres-annuel-2019-demande-des-resolutions\/\">R\u00c9SOLUTIONS<\/a><\/strong><\/p>\n<p><strong><a href=\"https:\/\/umnb.ca\/fr\/congres-annuel-2019-commandites\/\">COMMANDITES<\/a><\/strong><\/p>\n<p>[\/et_pb_text][\/et_pb_column][et_pb_column type=\u00a0\u00bb3_5&Prime; _builder_version=\u00a0\u00bb3.19.15&Prime;][et_pb_text _builder_version=\u00a0\u00bb3.19.15&Prime;]<\/p>\n<p><strong>H\u00c9BERGEMENT<\/strong><\/p>\n<p>L&rsquo;h\u00e9bergement est disponible sur la base du premier arrive premier servi aux endroits suivants:<\/p>\n<p><a href=\"https:\/\/www.crowneplaza.com\/hotels\/us\/en\/fredericton\/yfcqs\/hoteldetail?fromRedirect=true&amp;qSrt=sBR&amp;qIta=99504425&amp;icdv=99504425&amp;glat=SEAR&amp;qSlH=yfcqs&amp;setPMCookies=true&amp;qDest=659%20Queen%20Street,%20Fredericton,%20NB,%20CA&amp;dp=true&amp;gclid=CjwKCAjw3azoBRAXEiwA-_64OjNqJ0YihXMCs9dC3w1QwbfBM4G6WWCttbUJUJrdVagWwmXHtvROxBoCwYIQAvD_BwE&amp;cid=25714&amp;srb_u=1\"><strong>Crowne Plaza Lord Beaverbrook<\/strong><\/a>, <em>659 rue Queen<\/em><\/p>\n<p>**Complet.** Liste d&rsquo;attente seulement: 1-866-444-1946 ou <a href=\"mailto:reservations@cpfredericton.com\">reservations@cpfredericton.com<\/a><\/p>\n<p><a href=\"http:\/\/www.hilton.com\/search\/gi\/ca\/0\/fredericton\/0\/00000000000\/0\/0\/0\/0\/20?WT.mc_id=zLADA0WW1XX2PSH3DA4PPC5PPC6MULTIBR7\"><strong>Hilton Garden Inn<\/strong><\/a>, <em>620 rue Queen<\/em><\/p>\n<p>**Le bloq UMNB is complet** Chambres disponibles:\u00a01-506-999-1551<br \/><span style=\"font-size: 15px;\">Les r\u00e9servations doivent \u00eatre garanties avec une carte de cr\u00e9dit.<\/span><\/p>\n<p>Pour plus des informations, veuillez nous contacter au (506) 444-2285 ou <a href=\"mailto:info@umnb.ca\">info@umnb.ca.<\/a><\/p>\n<p>[\/et_pb_text][\/et_pb_column][\/et_pb_row][et_pb_row _builder_version=\u00a0\u00bb3.19.15&Prime;][et_pb_column type=\u00a0\u00bb4_4&Prime; _builder_version=\u00a0\u00bb3.19.15&Prime;][et_pb_code _builder_version=\u00a0\u00bb3.19.15&Prime;]<iframe loading=\"lazy\" src=\"https:\/\/www.google.com\/maps\/embed?pb=!1m18!1m12!1m3!1d2773.5293595397084!2d-66.63890794915932!3d45.96068560809593!2m3!1f0!2f0!3f0!3m2!1i1024!2i768!4f13.1!3m3!1m2!1s0x4ca418a6aef2156f%3A0xa037513f11c9abea!2sCrowne+Plaza+Fredericton-Lord+Beaverbrook!5e0!3m2!1sen!2sca!4v1560965887384!5m2!1sen!2sca\" width=\"1200\" height=\"600\" frameborder=\"0\" style=\"border:0\" allowfullscreen><\/iframe>[\/et_pb_code][\/et_pb_column][\/et_pb_row][\/et_pb_section]<\/p>\n","protected":false},"excerpt":{"rendered":"<p>4-6 octobre 2019 Congr\u00e8s annuelPROGRAMME INSCRIPTION H\u00c9BERGEMENT PRIX ET REMERCIEMENTS SALON PROFESSIONEL L&rsquo;ENCAN SILENCIEUX R\u00c9SOLUTIONS COMMANDITESH\u00c9BERGEMENT L&rsquo;h\u00e9bergement est disponible sur la base du premier arrive premier servi aux endroits suivants: Crowne Plaza Lord Beaverbrook, 659 rue Queen **Complet.** Liste d&rsquo;attente seulement: 1-866-444-1946 ou reservations@cpfredericton.com Hilton Garden Inn, 620 rue Queen **Le bloq UMNB is complet** [&hellip;]<\/p>\n","protected":false},"author":3,"featured_media":0,"parent":0,"menu_order":0,"comment_status":"closed","ping_status":"closed","template":"","meta":{"_et_pb_use_builder":"on","_et_pb_old_content":"<!-- wp:divi\/placeholder \/-->","_et_gb_content_width":"","footnotes":""},"class_list":["post-1689","page","type-page","status-publish","hentry"],"_links":{"self":[{"href":"https:\/\/umnb.ca\/fr\/wp-json\/wp\/v2\/pages\/1689\/"}],"collection":[{"href":"https:\/\/umnb.ca\/fr\/wp-json\/wp\/v2\/pages\/"}],"about":[{"href":"https:\/\/umnb.ca\/fr\/wp-json\/wp\/v2\/types\/page\/"}],"author":[{"embeddable":true,"href":"https:\/\/umnb.ca\/fr\/wp-json\/wp\/v2\/users\/3\/"}],"replies":[{"embeddable":true,"href":"https:\/\/umnb.ca\/fr\/wp-json\/wp\/v2\/comments\/?post=1689"}],"version-history":[{"count":8,"href":"https:\/\/umnb.ca\/fr\/wp-json\/wp\/v2\/pages\/1689\/revisions\/"}],"predecessor-version":[{"id":2154,"href":"https:\/\/umnb.ca\/fr\/wp-json\/wp\/v2\/pages\/1689\/revisions\/2154\/"}],"wp:attachment":[{"href":"https:\/\/umnb.ca\/fr\/wp-json\/wp\/v2\/media\/?parent=1689"}],"curies":[{"name":"wp","href":"https:\/\/api.w.org\/{rel}","templated":true}]}}