{"id":1663,"date":"2019-06-25T13:56:04","date_gmt":"2019-06-25T13:56:04","guid":{"rendered":"https:\/\/umnb.ca\/congres-annuel-2019-inscription\/"},"modified":"2019-09-09T12:11:04","modified_gmt":"2019-09-09T12:11:04","slug":"congres-annuel-2019-inscription","status":"publish","type":"page","link":"https:\/\/umnb.ca\/fr\/congres-annuel-2019-inscription\/","title":{"rendered":"Congr\u00e8s annuel 2019 &#8211; Inscription"},"content":{"rendered":"<p>[et_pb_section fb_built=\u00a0\u00bb1&Prime; admin_label=\u00a0\u00bbHeader\u00a0\u00bb _builder_version=\u00a0\u00bb3.19.15&Prime; use_background_color_gradient=\u00a0\u00bbon\u00a0\u00bb background_color_gradient_start=\u00a0\u00bbrgba(255,255,255,0.89)\u00a0\u00bb background_color_gradient_end=\u00a0\u00bbrgba(255,255,255,0)\u00a0\u00bb background_color_gradient_type=\u00a0\u00bbradial\u00a0\u00bb background_color_gradient_direction_radial=\u00a0\u00bbtop left\u00a0\u00bb background_color_gradient_start_position=\u00a0\u00bb30%\u00a0\u00bb background_color_gradient_end_position=\u00a0\u00bb80%\u00a0\u00bb background_color_gradient_overlays_image=\u00a0\u00bbon\u00a0\u00bb background_image=\u00a0\u00bbhttps:\/\/umnb.ca\/wp-content\/uploads\/2019\/06\/Fredericton2byKandiseBrown.jpg\u00a0\u00bb custom_padding=\u00a0\u00bb8vw|0px|280px|0px|false|false\u00a0\u00bb][et_pb_row _builder_version=\u00a0\u00bb3.13&Prime;][et_pb_column type=\u00a0\u00bb4_4&Prime; _builder_version=\u00a0\u00bb3.12.2&Prime;][et_pb_text _builder_version=\u00a0\u00bb3.12.2&Prime; text_font=\u00a0\u00bb||||||||\u00a0\u00bb header_font=\u00a0\u00bbRaleway|700|||||||\u00a0\u00bb header_font_size=\u00a0\u00bb80px\u00a0\u00bb header_font_size_tablet=\u00a0\u00bb48px\u00a0\u00bb header_font_size_phone=\u00a0\u00bb32px\u00a0\u00bb header_font_size_last_edited=\u00a0\u00bbon|phone\u00a0\u00bb header_line_height=\u00a0\u00bb1.2em\u00a0\u00bb header_5_font=\u00a0\u00bbRaleway|700||on|||||\u00a0\u00bb header_5_text_color=\u00a0\u00bb#000000&Prime; header_5_font_size=\u00a0\u00bb20px\u00a0\u00bb header_5_font_size_tablet=\u00a0\u00bb14px\u00a0\u00bb header_5_font_size_phone=\u00a0\u00bb12px\u00a0\u00bb header_5_font_size_last_edited=\u00a0\u00bbon|desktop\u00a0\u00bb header_5_letter_spacing=\u00a0\u00bb0.5em\u00a0\u00bb header_5_line_height=\u00a0\u00bb1.8em\u00a0\u00bb animation_style=\u00a0\u00bbzoom\u00a0\u00bb animation_intensity_zoom=\u00a0\u00bb5%\u00a0\u00bb]<\/p>\n<h5>4-6 octobre 2019<\/h5>\n<h1>Congr\u00e8s annuel<\/h1>\n<p>[\/et_pb_text][\/et_pb_column][\/et_pb_row][\/et_pb_section][et_pb_section fb_built=\u00a0\u00bb1&Prime; admin_label=\u00a0\u00bbBlog\u00a0\u00bb _builder_version=\u00a0\u00bb3.12.2&Prime; background_color=\u00a0\u00bb#ffffff\u00a0\u00bb border_color_all=\u00a0\u00bb#ffffff\u00a0\u00bb border_width_left=\u00a0\u00bb10vw\u00a0\u00bb max_width=\u00a0\u00bb90%\u00a0\u00bb max_width_phone=\u00a0\u00bb100%\u00a0\u00bb max_width_last_edited=\u00a0\u00bbon|phone\u00a0\u00bb custom_margin=\u00a0\u00bb-160px|||\u00a0\u00bb][et_pb_row _builder_version=\u00a0\u00bb3.19.15&Prime;][et_pb_column type=\u00a0\u00bb2_5&Prime; _builder_version=\u00a0\u00bb3.19.15&Prime;][et_pb_text _builder_version=\u00a0\u00bb3.19.15&Prime;]<\/p>\n<p><strong><a href=\"https:\/\/umnb.ca\/fr\/congres-annuel-2019-programme\/\">PROGRAMME<\/a><\/strong><\/p>\n<p><strong><a href=\"https:\/\/umnb.ca\/fr\/congres-annuel-2019-inscription\/\">INSCRIPTION<\/a><\/strong><\/p>\n<p><strong><a href=\"https:\/\/umnb.ca\/fr\/congres-annuel-2019-hebergement\/\">H\u00c9BERGEMENT<\/a><\/strong><\/p>\n<p><strong><a href=\"https:\/\/umnb.ca\/fr\/congres-annuel-2019-les-prix-et-remerciements\/\">PRIX ET REMERCIEMENTS<\/a><\/strong><\/p>\n<p><strong><a href=\"https:\/\/umnb.ca\/fr\/congres-annuel-2019-salon-professionel\/\">SALON PROFESSIONEL<\/a><\/strong><\/p>\n<p><strong style=\"font-size: 15px;\"><a href=\"https:\/\/umnb.ca\/fr\/congres-annuel-2019-auction-ventre-aux-encheres\/\">L&rsquo;ENCAN SILENCIEUX<\/a><\/strong><\/p>\n<p><strong><a href=\"https:\/\/umnb.ca\/fr\/congres-annuel-2019-demande-des-resolutions\/\">R\u00c9SOLUTIONS<\/a><\/strong><\/p>\n<p><strong><a href=\"https:\/\/umnb.ca\/fr\/congres-annuel-2019-commandites\/\">COMMANDITES<\/a><\/strong><\/p>\n<p>[\/et_pb_text][\/et_pb_column][et_pb_column type=\u00a0\u00bb3_5&Prime; _builder_version=\u00a0\u00bb3.19.15&Prime;][et_pb_text _builder_version=\u00a0\u00bb3.19.15&Prime;]<b>INSCRIPTION<\/b><\/p>\n<p><span style=\"font-weight: 400;\">Nous sommes ravis que vous vous joigniez \u00e0 nous pour notre congr\u00e8s annuel et AGA 2019!\u00a0<\/span><\/p>\n<p><span style=\"font-weight: 400;\">Pour vous inscrire, veuillez remplir le formulaire suivant et nous le retourner. <\/span><b>L\u2019inscription h\u00e2tive prend fin le 23 ao\u00fbt 2019.<\/b><span style=\"font-weight: 400;\"> Les inscriptions seront accept\u00e9es sur la base du premier arriv\u00e9, premier servi.\u00a0<\/span><\/p>\n<p><span style=\"font-weight: 400;\">Finalisez votre inscription en envoyant votre paiement par <a href=\"mailto:info@umnb.ca?subject=depot direct\">d\u00e9p\u00f4t direct<\/a>, ou en postant votre ch\u00e8que \u00e0 l\u2019<\/span><b>UMNB <\/b><span style=\"font-weight: 400;\">au <\/span><b>259, rue Brunswick, local 302 Fredericton N.-B. E3B 1G8<\/b><span style=\"font-weight: 400;\">. \u00c0 noter : aucune inscription ne sera d\u00e9finitive avant la r\u00e9ception du paiement complet.\u00a0<\/span><span style=\"font-weight: 400;\">\u00a0<\/span><\/p>\n<p><span style=\"font-weight: 400;\">Politique d\u2019annulation :<br \/>\n<\/span><span style=\"font-weight: 400;\">Apr\u00e8s le 23 ao\u00fbt : perte de 25% des frais d\u2019inscription (rempla\u00e7ants accept\u00e9s).<br \/>\n<\/span><span style=\"font-weight: 400;\">Apr\u00e8s le 6 septembre : perte de 100% des frais d\u2019inscription (rempla\u00e7ants accept\u00e9s).<\/p>\n<p>Pour plus des informations, veuillez contacter Margot Cragg au (506) 444-2285 ou <a href=\"mailto:margot.cragg@umnb.ca\">margot.cragg@umnb.ca.<\/a> <\/span>[\/et_pb_text][et_pb_code _builder_version=\u00a0\u00bb3.19.15&Prime;]<iframe loading=\"lazy\" src=\"https:\/\/docs.google.com\/forms\/d\/e\/1FAIpQLSd15fJ9wL-HcMZcwOqwRRv3rfsy26fZXdgshOnuMEOjGRIO1A\/viewform?embedded=true\" width=\"640\" height=\"2089\" frameborder=\"0\" marginheight=\"0\" marginwidth=\"0\">Loading&#8230;<\/iframe>[\/et_pb_code][\/et_pb_column][\/et_pb_row][\/et_pb_section]<\/p>\n","protected":false},"excerpt":{"rendered":"<p>4-6 octobre 2019 Congr\u00e8s annuelPROGRAMME INSCRIPTION H\u00c9BERGEMENT PRIX ET REMERCIEMENTS SALON PROFESSIONEL L&rsquo;ENCAN SILENCIEUX R\u00c9SOLUTIONS COMMANDITESINSCRIPTION Nous sommes ravis que vous vous joigniez \u00e0 nous pour notre congr\u00e8s annuel et AGA 2019!\u00a0 Pour vous inscrire, veuillez remplir le formulaire suivant et nous le retourner. L\u2019inscription h\u00e2tive prend fin le 23 ao\u00fbt 2019. Les inscriptions seront [&hellip;]<\/p>\n","protected":false},"author":3,"featured_media":0,"parent":0,"menu_order":0,"comment_status":"closed","ping_status":"closed","template":"","meta":{"_et_pb_use_builder":"on","_et_pb_old_content":"<!-- wp:divi\/placeholder \/-->","_et_gb_content_width":"","footnotes":""},"class_list":["post-1663","page","type-page","status-publish","hentry"],"_links":{"self":[{"href":"https:\/\/umnb.ca\/fr\/wp-json\/wp\/v2\/pages\/1663\/"}],"collection":[{"href":"https:\/\/umnb.ca\/fr\/wp-json\/wp\/v2\/pages\/"}],"about":[{"href":"https:\/\/umnb.ca\/fr\/wp-json\/wp\/v2\/types\/page\/"}],"author":[{"embeddable":true,"href":"https:\/\/umnb.ca\/fr\/wp-json\/wp\/v2\/users\/3\/"}],"replies":[{"embeddable":true,"href":"https:\/\/umnb.ca\/fr\/wp-json\/wp\/v2\/comments\/?post=1663"}],"version-history":[{"count":12,"href":"https:\/\/umnb.ca\/fr\/wp-json\/wp\/v2\/pages\/1663\/revisions\/"}],"predecessor-version":[{"id":2094,"href":"https:\/\/umnb.ca\/fr\/wp-json\/wp\/v2\/pages\/1663\/revisions\/2094\/"}],"wp:attachment":[{"href":"https:\/\/umnb.ca\/fr\/wp-json\/wp\/v2\/media\/?parent=1663"}],"curies":[{"name":"wp","href":"https:\/\/api.w.org\/{rel}","templated":true}]}}