{"id":1659,"date":"2019-06-25T13:40:52","date_gmt":"2019-06-25T13:40:52","guid":{"rendered":"https:\/\/umnb.ca\/congres-annuel-2019-commandites\/"},"modified":"2019-09-09T18:10:41","modified_gmt":"2019-09-09T18:10:41","slug":"congres-annuel-2019-commandites","status":"publish","type":"page","link":"https:\/\/umnb.ca\/fr\/congres-annuel-2019-commandites\/","title":{"rendered":"Congr\u00e8s annuel 2019 &#8211; Commandites"},"content":{"rendered":"<p>[et_pb_section fb_built=\u00a0\u00bb1&Prime; admin_label=\u00a0\u00bbHeader\u00a0\u00bb _builder_version=\u00a0\u00bb3.19.15&Prime; use_background_color_gradient=\u00a0\u00bbon\u00a0\u00bb background_color_gradient_start=\u00a0\u00bbrgba(255,255,255,0.89)\u00a0\u00bb background_color_gradient_end=\u00a0\u00bbrgba(255,255,255,0)\u00a0\u00bb background_color_gradient_type=\u00a0\u00bbradial\u00a0\u00bb background_color_gradient_direction_radial=\u00a0\u00bbtop left\u00a0\u00bb background_color_gradient_start_position=\u00a0\u00bb30%\u00a0\u00bb background_color_gradient_end_position=\u00a0\u00bb80%\u00a0\u00bb background_color_gradient_overlays_image=\u00a0\u00bbon\u00a0\u00bb background_image=\u00a0\u00bbhttps:\/\/umnb.ca\/wp-content\/uploads\/2019\/06\/Fredericton2byKandiseBrown.jpg\u00a0\u00bb custom_padding=\u00a0\u00bb8vw|0px|280px|0px|false|false\u00a0\u00bb][et_pb_row _builder_version=\u00a0\u00bb3.13&Prime;][et_pb_column type=\u00a0\u00bb4_4&Prime; _builder_version=\u00a0\u00bb3.12.2&Prime;][et_pb_text _builder_version=\u00a0\u00bb3.12.2&Prime; text_font=\u00a0\u00bb||||||||\u00a0\u00bb header_font=\u00a0\u00bbRaleway|700|||||||\u00a0\u00bb header_font_size=\u00a0\u00bb80px\u00a0\u00bb header_font_size_tablet=\u00a0\u00bb48px\u00a0\u00bb header_font_size_phone=\u00a0\u00bb32px\u00a0\u00bb header_font_size_last_edited=\u00a0\u00bbon|phone\u00a0\u00bb header_line_height=\u00a0\u00bb1.2em\u00a0\u00bb header_5_font=\u00a0\u00bbRaleway|700||on|||||\u00a0\u00bb header_5_text_color=\u00a0\u00bb#000000&Prime; header_5_font_size=\u00a0\u00bb20px\u00a0\u00bb header_5_font_size_tablet=\u00a0\u00bb14px\u00a0\u00bb header_5_font_size_phone=\u00a0\u00bb12px\u00a0\u00bb header_5_font_size_last_edited=\u00a0\u00bbon|desktop\u00a0\u00bb header_5_letter_spacing=\u00a0\u00bb0.5em\u00a0\u00bb header_5_line_height=\u00a0\u00bb1.8em\u00a0\u00bb animation_style=\u00a0\u00bbzoom\u00a0\u00bb animation_intensity_zoom=\u00a0\u00bb5%\u00a0\u00bb]<\/p>\n<h5>4 &#8211; 6 octobre 2019<\/h5>\n<h1>Congr\u00e8s annuel<\/h1>\n<p>[\/et_pb_text][\/et_pb_column][\/et_pb_row][\/et_pb_section][et_pb_section fb_built=\u00a0\u00bb1&Prime; admin_label=\u00a0\u00bbBlog\u00a0\u00bb _builder_version=\u00a0\u00bb3.12.2&Prime; background_color=\u00a0\u00bb#ffffff\u00a0\u00bb border_color_all=\u00a0\u00bb#ffffff\u00a0\u00bb border_width_left=\u00a0\u00bb10vw\u00a0\u00bb max_width=\u00a0\u00bb90%\u00a0\u00bb max_width_phone=\u00a0\u00bb100%\u00a0\u00bb max_width_last_edited=\u00a0\u00bbon|phone\u00a0\u00bb custom_margin=\u00a0\u00bb-160px|||\u00a0\u00bb][et_pb_row _builder_version=\u00a0\u00bb3.19.15&Prime;][et_pb_column type=\u00a0\u00bb2_5&Prime; _builder_version=\u00a0\u00bb3.19.15&Prime;][et_pb_text _builder_version=\u00a0\u00bb3.19.15&Prime;]<\/p>\n<p><a href=\"https:\/\/umnb.ca\/fr\/congres-annuel-2019-programme\/\"><b>PROGRAMME<\/b><\/a><\/p>\n<p><strong><a href=\"https:\/\/umnb.ca\/fr\/congres-annuel-2019-inscription\/\">INSCRIPTION<\/a><\/strong><\/p>\n<p><strong><a href=\"https:\/\/umnb.ca\/fr\/congres-annuel-2019-hebergement\/\">H\u00c9BERGEMENT<\/a><\/strong><\/p>\n<p><strong><a href=\"https:\/\/umnb.ca\/fr\/congres-annuel-2019-les-prix-et-remerciements\/\">PRIX<\/a><\/strong><\/p>\n<p><strong><a href=\"https:\/\/umnb.ca\/fr\/congres-annuel-2019-salon-professionel\/\">SALON PROFESSIONEL<\/a><\/strong><\/p>\n<p><strong><a href=\"https:\/\/umnb.ca\/fr\/congres-annuel-2019-auction-ventre-aux-encheres\/\">L&rsquo;ENCAN SILENCIEUX<\/a><\/strong><\/p>\n<p><strong><a href=\"https:\/\/umnb.ca\/fr\/congres-annuel-2019-demande-des-resolutions\/\">R\u00c9SOLUTIONS<\/a><\/strong><\/p>\n<p><strong><a href=\"https:\/\/umnb.ca\/fr\/congres-annuel-2019-commandites\/\">COMMANDITES<\/a><\/strong><\/p>\n<p>[\/et_pb_text][\/et_pb_column][et_pb_column type=\u00a0\u00bb3_5&Prime; _builder_version=\u00a0\u00bb3.19.15&Prime;][et_pb_text _builder_version=\u00a0\u00bb3.19.15&Prime;]<\/p>\n<p><em>L\u2019UMNB remercie tous nos commanditaires, qui nous aident \u00e0 b\u00e2tir des collectivit\u00e9s plus fortes et mieux connect\u00e9es.<\/em><\/p>\n<p><span><strong>Commanditaire platine<\/strong><\/span><\/p>\n<div class=\"mceTemp\"><a href=\"https:\/\/www.frankcowan.com\"><img loading=\"lazy\" decoding=\"async\" class=\" wp-image-29137 aligncenter\" src=\"http:\/\/www.umnb.ca\/wp-content\/uploads\/2019\/04\/FrankCowan2018.jpg\" alt=\"Frank Cowan\" width=\"461\" height=\"112\" \/><\/a><\/div>\n<p>&nbsp;<\/p>\n<p><span><strong>Commanditaire or<\/strong><\/span><br \/> <a href=\"https:\/\/www.cn.ca\/fr\/\"><img loading=\"lazy\" decoding=\"async\" class=\"wp-image-29138 aligncenter\" src=\"https:\/\/www.cn.ca\/-\/media\/Images\/Media\/Photos\/CN_med_red.jpg\" alt=\"CN Rail\" width=\"284\" height=\"164\" \/><\/a><\/p>\n<p><a href=\"https:\/\/jdirving.com\"><img loading=\"lazy\" decoding=\"async\" class=\"wp-image-29138 aligncenter\" src=\"http:\/\/www.umnb.ca\/wp-content\/uploads\/2019\/04\/JD_Irving_Logo.svg_.png\" alt=\"JD Irving\" width=\"284\" height=\"164\" \/><\/a><\/p>\n<p><a href=\"https:\/\/www.cmhc-schl.gc.ca\/\"><img loading=\"lazy\" decoding=\"async\" src=\"http:\/\/www.umnb.ca\/wp-content\/uploads\/2019\/04\/1280px-Canada_Mortgage_and_Housing_Corporation.svg_.png\" alt=\"CMHC\" width=\"284\" height=\"164\" style=\"display: block; margin-left: auto; margin-right: auto;\" \/><\/a><\/p>\n<p><span><strong>Commanditaire argent<\/strong><\/span><\/p>\n<p><span><strong><\/strong><\/span><\/p>\n<p><a href=\"https:\/\/www.nbpower.com\/Welcome.aspx?lang=en\"><img loading=\"lazy\" decoding=\"async\" class=\" wp-image-29136 aligncenter\" src=\"http:\/\/www.umnb.ca\/wp-content\/uploads\/2019\/04\/EnergieNBPower.jpg\" alt=\"Energie NB Power\" width=\"238\" height=\"97\" \/><\/a><\/p>\n<p><a href=\"https:\/\/www.nwmo.ca\/\"><img loading=\"lazy\" decoding=\"async\" class=\"wp-image-29155 aligncenter\" src=\"http:\/\/www.umnb.ca\/wp-content\/uploads\/2019\/04\/nwmo-logo-cmyk-01.jpg\" alt=\"Nuclear Waste Management Organization\" width=\"278\" height=\"98\" \/><\/a><\/p>\n<p>&nbsp;<\/p>\n<p><span><strong>Commanditaire bronze<\/strong><\/span><\/p>\n<p><a href=\"https:\/\/www.taylormadecanada.com\/\"><img decoding=\"async\" class=\"aligncenter\" src=\"https:\/\/www.taylormadecanada.com\/wp-content\/uploads\/2019\/07\/logo-no-dots-720x177.png\" alt=\"TaylorMade Solutions\" width=\"265\" \/><\/a><\/p>\n<p><a href=\"http:\/\/www.nbforestry.com\/\"><img decoding=\"async\" class=\"aligncenter\" src=\"http:\/\/www.umnb.ca\/wp-content\/uploads\/2019\/04\/VISTA-2.png\" alt=\"ForestNB\" width=\"265\" \/><\/a><\/p>\n<p><a href=\"https:\/\/www.rbanb.com\/\"><img decoding=\"async\" src=\"https:\/\/umnb.ca\/wp-content\/uploads\/2019\/09\/NBRoadBuilders.png\" style=\"display: block; margin-left: auto; margin-right: auto;\" \/><\/a><\/p>\n<hr \/>\n<p>&nbsp;<\/p>\n<p><strong>COMMANDITAIRES<\/strong><\/p>\n<p><strong>Pourquoi devenir commanditaire?\u00a0\u00a0\u00a0\u00a0\u00a0\u00a0\u00a0\u00a0\u00a0\u00a0\u00a0\u00a0\u00a0\u00a0\u00a0\u00a0\u00a0\u00a0\u00a0\u00a0<\/strong><\/p>\n<ul>\n<li>Pour capter l\u2019attention de dirigeants municipaux, provenant de partout au Nouveau-Brunswick, en un seul endroit.<\/li>\n<li>Pour \u00e9tablir des liens directs avec les d\u00e9cideurs locaux, pr\u00e9senter vos id\u00e9es\/produits et b\u00e2tir un r\u00e9seau avec les principales collectivit\u00e9s.<\/li>\n<li>Pour obtenir de la visibilit\u00e9 pour votre organisation aupr\u00e8s des d\u00e9l\u00e9gu\u00e9s par l\u2019entremise du site Web, des diverses expositions et de la brochure du conf\u00e9rence.<\/li>\n<\/ul>\n<p><strong>Nous serons ravis d\u2019examiner avec vous les possibilit\u00e9s de commandites qui conviennent le mieux au budget et aux priorit\u00e9s de votre organisation.<\/strong><\/p>\n<p>Pour discuter des options de commandites, veuillez communiquer avec Margot Cragg au 506-444-2285 ou au\u00a0<a href=\"mailto:info@umnb.ca\">info@umnb.ca<\/a>.<\/p>\n<p>[\/et_pb_text][\/et_pb_column][\/et_pb_row][\/et_pb_section]<\/p>\n","protected":false},"excerpt":{"rendered":"<p>4 &#8211; 6 octobre 2019 Congr\u00e8s annuelPROGRAMME INSCRIPTION H\u00c9BERGEMENT PRIX SALON PROFESSIONEL L&rsquo;ENCAN SILENCIEUX R\u00c9SOLUTIONS COMMANDITESL\u2019UMNB remercie tous nos commanditaires, qui nous aident \u00e0 b\u00e2tir des collectivit\u00e9s plus fortes et mieux connect\u00e9es. Commanditaire platine &nbsp; Commanditaire or Commanditaire argent &nbsp; Commanditaire bronze &nbsp; COMMANDITAIRES Pourquoi devenir commanditaire?\u00a0\u00a0\u00a0\u00a0\u00a0\u00a0\u00a0\u00a0\u00a0\u00a0\u00a0\u00a0\u00a0\u00a0\u00a0\u00a0\u00a0\u00a0\u00a0\u00a0 Pour capter l\u2019attention de dirigeants municipaux, provenant de [&hellip;]<\/p>\n","protected":false},"author":3,"featured_media":0,"parent":0,"menu_order":0,"comment_status":"closed","ping_status":"closed","template":"","meta":{"_et_pb_use_builder":"on","_et_pb_old_content":"","_et_gb_content_width":"","footnotes":""},"class_list":["post-1659","page","type-page","status-publish","hentry"],"_links":{"self":[{"href":"https:\/\/umnb.ca\/fr\/wp-json\/wp\/v2\/pages\/1659\/"}],"collection":[{"href":"https:\/\/umnb.ca\/fr\/wp-json\/wp\/v2\/pages\/"}],"about":[{"href":"https:\/\/umnb.ca\/fr\/wp-json\/wp\/v2\/types\/page\/"}],"author":[{"embeddable":true,"href":"https:\/\/umnb.ca\/fr\/wp-json\/wp\/v2\/users\/3\/"}],"replies":[{"embeddable":true,"href":"https:\/\/umnb.ca\/fr\/wp-json\/wp\/v2\/comments\/?post=1659"}],"version-history":[{"count":12,"href":"https:\/\/umnb.ca\/fr\/wp-json\/wp\/v2\/pages\/1659\/revisions\/"}],"predecessor-version":[{"id":2128,"href":"https:\/\/umnb.ca\/fr\/wp-json\/wp\/v2\/pages\/1659\/revisions\/2128\/"}],"wp:attachment":[{"href":"https:\/\/umnb.ca\/fr\/wp-json\/wp\/v2\/media\/?parent=1659"}],"curies":[{"name":"wp","href":"https:\/\/api.w.org\/{rel}","templated":true}]}}