{"id":1655,"date":"2019-06-25T13:33:57","date_gmt":"2019-06-25T13:33:57","guid":{"rendered":"https:\/\/umnb.ca\/congres-annuel-2019-salon-professionel\/"},"modified":"2019-09-23T11:51:57","modified_gmt":"2019-09-23T11:51:57","slug":"congres-annuel-2019-salon-professionel","status":"publish","type":"page","link":"https:\/\/umnb.ca\/fr\/congres-annuel-2019-salon-professionel\/","title":{"rendered":"Congr\u00e8s annuel 2019 &#8211; Salon professionel"},"content":{"rendered":"<p>[et_pb_section fb_built=\u00a0\u00bb1&Prime; admin_label=\u00a0\u00bbHeader\u00a0\u00bb _builder_version=\u00a0\u00bb3.19.15&Prime; use_background_color_gradient=\u00a0\u00bbon\u00a0\u00bb background_color_gradient_start=\u00a0\u00bbrgba(255,255,255,0.89)\u00a0\u00bb background_color_gradient_end=\u00a0\u00bbrgba(255,255,255,0)\u00a0\u00bb background_color_gradient_type=\u00a0\u00bbradial\u00a0\u00bb background_color_gradient_direction_radial=\u00a0\u00bbtop left\u00a0\u00bb background_color_gradient_start_position=\u00a0\u00bb30%\u00a0\u00bb background_color_gradient_end_position=\u00a0\u00bb80%\u00a0\u00bb background_color_gradient_overlays_image=\u00a0\u00bbon\u00a0\u00bb background_image=\u00a0\u00bbhttps:\/\/umnb.ca\/wp-content\/uploads\/2019\/06\/Fredericton2byKandiseBrown.jpg\u00a0\u00bb custom_padding=\u00a0\u00bb8vw|0px|280px|0px|false|false\u00a0\u00bb][et_pb_row _builder_version=\u00a0\u00bb3.13&Prime;][et_pb_column type=\u00a0\u00bb4_4&Prime; _builder_version=\u00a0\u00bb3.12.2&Prime;][et_pb_text _builder_version=\u00a0\u00bb3.12.2&Prime; text_font=\u00a0\u00bb||||||||\u00a0\u00bb header_font=\u00a0\u00bbRaleway|700|||||||\u00a0\u00bb header_font_size=\u00a0\u00bb80px\u00a0\u00bb header_font_size_tablet=\u00a0\u00bb48px\u00a0\u00bb header_font_size_phone=\u00a0\u00bb32px\u00a0\u00bb header_font_size_last_edited=\u00a0\u00bbon|phone\u00a0\u00bb header_line_height=\u00a0\u00bb1.2em\u00a0\u00bb header_5_font=\u00a0\u00bbRaleway|700||on|||||\u00a0\u00bb header_5_text_color=\u00a0\u00bb#000000&Prime; header_5_font_size=\u00a0\u00bb20px\u00a0\u00bb header_5_font_size_tablet=\u00a0\u00bb14px\u00a0\u00bb header_5_font_size_phone=\u00a0\u00bb12px\u00a0\u00bb header_5_font_size_last_edited=\u00a0\u00bbon|desktop\u00a0\u00bb header_5_letter_spacing=\u00a0\u00bb0.5em\u00a0\u00bb header_5_line_height=\u00a0\u00bb1.8em\u00a0\u00bb animation_style=\u00a0\u00bbzoom\u00a0\u00bb animation_intensity_zoom=\u00a0\u00bb5%\u00a0\u00bb]<\/p>\n<h5>4 &#8211; 6 octobre 2019<\/h5>\n<h1>Congr\u00e8s annuel<\/h1>\n<p>[\/et_pb_text][\/et_pb_column][\/et_pb_row][\/et_pb_section][et_pb_section fb_built=\u00a0\u00bb1&Prime; admin_label=\u00a0\u00bbBlog\u00a0\u00bb _builder_version=\u00a0\u00bb3.12.2&Prime; background_color=\u00a0\u00bb#ffffff\u00a0\u00bb border_color_all=\u00a0\u00bb#ffffff\u00a0\u00bb border_width_left=\u00a0\u00bb10vw\u00a0\u00bb max_width=\u00a0\u00bb90%\u00a0\u00bb max_width_phone=\u00a0\u00bb100%\u00a0\u00bb max_width_last_edited=\u00a0\u00bbon|phone\u00a0\u00bb custom_margin=\u00a0\u00bb-160px|||\u00a0\u00bb][et_pb_row _builder_version=\u00a0\u00bb3.19.15&Prime;][et_pb_column type=\u00a0\u00bb2_5&Prime; _builder_version=\u00a0\u00bb3.19.15&Prime;][et_pb_text _builder_version=\u00a0\u00bb3.19.15&Prime;]<strong><a href=\"https:\/\/umnb.ca\/fr\/congres-annuel-2019-programme\/\">PROGRAMME<\/a><\/strong><\/p>\n<p><strong><a href=\"https:\/\/umnb.ca\/fr\/congres-annuel-2019-inscription\/\">INSCRIPTION<\/a><\/strong><\/p>\n<p><strong><a href=\"https:\/\/umnb.ca\/fr\/congres-annuel-2019-hebergement\/\">H\u00c9BERGEMENT<\/a><\/strong><\/p>\n<p><strong><a href=\"https:\/\/umnb.ca\/fr\/congres-annuel-2019-les-prix-et-remerciements\/\">PRIX<\/a><\/strong><\/p>\n<p><strong><a href=\"https:\/\/umnb.ca\/fr\/congres-annuel-2019-salon-professionel\/\">SALON PROFESSIONEL<\/a><\/strong><\/p>\n<p><strong><a href=\"https:\/\/umnb.ca\/fr\/congres-annuel-2019-auction-ventre-aux-encheres\/\">L&rsquo;ENCAN SILENCIEUX<\/a><\/strong><\/p>\n<p><strong><a href=\"https:\/\/umnb.ca\/fr\/congres-annuel-2019-demande-des-resolutions\/\">R\u00c9SOLUTIONS<\/a><\/strong><\/p>\n<p><strong><a href=\"https:\/\/umnb.ca\/fr\/congres-annuel-2019-commandites\/\">COMMANDITES<\/a><\/strong>[\/et_pb_text][\/et_pb_column][et_pb_column type=\u00a0\u00bb3_5&Prime; _builder_version=\u00a0\u00bb3.19.15&Prime;][et_pb_text _builder_version=\u00a0\u00bb3.19.15&Prime;]<\/p>\n<p><strong>SALON PROFESSIONEL<\/strong><\/p>\n<p><em>Notre salon professionnel de 2019 est actuellement complet! <\/em>Veuillez contacter <a href=\"mailto:Kandise.Brown@umnb.ca\">Kandise.Brown@umnb.ca<\/a> pour \u00eatre ajout\u00e9 \u00e0 la liste d\u2019attente.<\/p>\n<p><a href=\"http:\/\/3ddatacomm.com\/\">3DDataComm<\/a><br \/> <a href=\"http:\/\/absolutetraffic.ca\/\">Absolute Traffic Services<\/a><br \/> <a href=\"http:\/\/wood-works.ca\/atlantic\/\">Atlantic WoodWorks!<\/a><br \/> <a href=\"https:\/\/biomaxx.ca\/\">BioMaxx Environmental<\/a><br \/> <a href=\"https:\/\/www.caininsurance.ca\/\">Cain Insurance<\/a><br \/> <a href=\"https:\/\/www.canadapost.ca\/cpc\/en\/home.page\">Canada Post<\/a><br \/> <a href=\"https:\/\/www.commissionaires.ca\/en\/about\/divisions\/new-brunswick-pei\">Canadian Corps of Commissionaires NB and PEI Division<\/a><br \/> <a href=\"https:\/\/cnib.ca\/en?region=nb\">CCNB &#8211; INNOV<br \/>CNIB<\/a><br \/> <a href=\"https:\/\/www.cn.ca\/fr\/\">CN Rail<\/a><br \/> <a href=\"https:\/\/www.conservationcouncil.ca\/\">Conservation Council of New Brunswick<\/a><br \/> <a href=\"http:\/\/crandallengineering.ca\/\">Crandall Engineering Ltd<\/a><br \/> <a href=\"https:\/\/www.cummins.com\/\">Cummins<\/a><br \/> <a href=\"https:\/\/www.ecw.ngo\/\">Eastern Charlotte Waterways Inc<\/a><br \/> <a href=\"https:\/\/www.electionsnb.ca\/content\/enb\/en.html\">Elections NB<\/a><br \/> <a href=\"https:\/\/www.canada.ca\/en\/environment-climate-change.html\">Environment and Climate Change Canada<\/a><br \/> <a href=\"https:\/\/fcm.ca\/en\">Federation of Canadian Municipalities<\/a><br \/> <a href=\"https:\/\/www.municipalenvironmental.com\/fero\">FERO<\/a><br \/> <a href=\"http:\/\/www.nbforestry.com\/\">Forest NB<\/a><br \/> <a href=\"https:\/\/www.frankcowan.com\/\">Frank Cowan<\/a><br \/> <a href=\"https:\/\/www.fundymodelforest.net\/en\/\">Fundy Model Forest<\/a><br \/> <a href=\"http:\/\/www.goguenchamplainfinancial.ca\/?lang=fr\">Goguen Champlain Services Financiers<\/a><br \/> <a href=\"http:\/\/www.kangoroo.com\/\">Kan-go-roo Playgrounds Ltd<\/a><br \/> <a href=\"http:\/\/www.mcw.com\/\">MCW Maricor<\/a><br \/> <a href=\"https:\/\/naveco.ca\/\">Naveco Power<\/a><br \/> <a href=\"https:\/\/www.jdirving.com\/\">JD Irving Ltd<\/a><br \/> <a href=\"https:\/\/www.facebook.com\/LamrocksLaw\/\">Lamrock&rsquo;s Law<\/a><br \/> <a href=\"https:\/\/www2.gnb.ca\/content\/gnb\/en\/departments\/emo.html\">NB Emergency Measures Organization<\/a><br \/> <a href=\"https:\/\/www.nben.ca\/en\/\">NB Environmental Network<\/a><br \/> <a href=\"https:\/\/www.nbpower.com\/Welcome.aspx?lang=en\">NB Power<\/a><br \/> <a href=\"https:\/\/www.nwmo.ca\/\">Nuclear Waste Management Organization<\/a><br \/> <a href=\"https:\/\/www.welcomenb.ca\/content\/wel-bien\/en.html\">Population Growth and Immigration NB<\/a><br \/> <a href=\"https:\/\/www.recreationnb.ca\/\">Recreation NB<\/a><br \/> <a href=\"https:\/\/recyclenb.com\/\">Recycle NB<\/a><br \/> <a href=\"https:\/\/www.royconsultants.ca\/en\/\">Roy Consultants<\/a><br \/> <a href=\"https:\/\/sojourn.ca\/\">Sojourn Signs<\/a><br \/> <a href=\"https:\/\/www.unb.ca\/cel\/\">UNB College of Extended Learning<\/a><br \/> <a href=\"https:\/\/www.wellnessnb.ca\/\">Wellness NB<\/a><br \/> <a href=\"https:\/\/www.worksafenb.ca\/\">WorkSafeNB<\/a><\/p>\n<div class=\"page\" title=\"Page 6\">\n<div class=\"layoutArea\">\n<p><strong><br \/> Pourquoi participer?<\/strong><\/p>\n<div class=\"column\">\n<ul>\n<li>Pour capter l\u2019attention d\u2019administrateurs et de dirigeants municipaux \u00e9lus, provenant de partout au Nouveau-Brunswick, en un seul endroit<\/li>\n<li>Pour \u00e9tablir des liens directs avec les d\u00e9cideurs locaux, pr\u00e9senter vos id\u00e9es\/produits et b\u00e2tir un r\u00e9seau avec les principales collectivit\u00e9s<\/li>\n<li>Pour faire du r\u00e9seautage avec un vaste auditoire captif, dans une ambiance d\u00e9tendue et amicale<\/li>\n<\/ul>\n<\/div>\n<\/div>\n<\/div>\n<div class=\"page\" title=\"Page 7\">\n<div class=\"layoutArea\">\n<div class=\"column\">\n<p><strong>Comment s\u2019inscrire<\/strong><\/p>\n<p><strong> <\/strong><\/p>\n<p><strong><\/strong>T\u00e9l\u00e9chargez le formulaire d\u2019inscription ci-dessous et envoyez-le \u00e0 Kandise Brown au kandise.brown@umnb.ca. Les kiosques sont disponibles selon le principe du premier arriv\u00e9, premier servi. Il faut donc s\u2019inscrire t\u00f4t pour s\u2019assurer d\u2019avoir un espace. Pour toute question ou pr\u00e9occupation, n\u2019h\u00e9sitez pas \u00e0 communiquer au 506-444-2285.<\/p>\n<p><a href=\"https:\/\/umnb.ca\/wp-content\/uploads\/2019\/06\/2019-UMNB-trade-show-invitation-FR.pdf\">Invitation au salon professionel \u2013 FR<\/a><\/p>\n<p><a href=\"https:\/\/umnb.ca\/wp-content\/uploads\/2019\/06\/2019_UMNB_Trade_Show_Registration_Form-BIL.pdf\">Formulaire d\u2019inscription au salon professionel \u2013 BIL<\/a><\/p>\n<\/div>\n<\/div>\n<\/div>\n<p>[\/et_pb_text][\/et_pb_column][\/et_pb_row][\/et_pb_section]<\/p>\n","protected":false},"excerpt":{"rendered":"<p>4 &#8211; 6 octobre 2019 Congr\u00e8s annuelPROGRAMME INSCRIPTION H\u00c9BERGEMENT PRIX SALON PROFESSIONEL L&rsquo;ENCAN SILENCIEUX R\u00c9SOLUTIONS COMMANDITESSALON PROFESSIONEL Notre salon professionnel de 2019 est actuellement complet! Veuillez contacter Kandise.Brown@umnb.ca pour \u00eatre ajout\u00e9 \u00e0 la liste d\u2019attente. 3DDataComm Absolute Traffic Services Atlantic WoodWorks! BioMaxx Environmental Cain Insurance Canada Post Canadian Corps of Commissionaires NB and PEI Division [&hellip;]<\/p>\n","protected":false},"author":3,"featured_media":0,"parent":0,"menu_order":0,"comment_status":"closed","ping_status":"closed","template":"","meta":{"_et_pb_use_builder":"on","_et_pb_old_content":"","_et_gb_content_width":"","footnotes":""},"class_list":["post-1655","page","type-page","status-publish","hentry"],"_links":{"self":[{"href":"https:\/\/umnb.ca\/fr\/wp-json\/wp\/v2\/pages\/1655\/"}],"collection":[{"href":"https:\/\/umnb.ca\/fr\/wp-json\/wp\/v2\/pages\/"}],"about":[{"href":"https:\/\/umnb.ca\/fr\/wp-json\/wp\/v2\/types\/page\/"}],"author":[{"embeddable":true,"href":"https:\/\/umnb.ca\/fr\/wp-json\/wp\/v2\/users\/3\/"}],"replies":[{"embeddable":true,"href":"https:\/\/umnb.ca\/fr\/wp-json\/wp\/v2\/comments\/?post=1655"}],"version-history":[{"count":9,"href":"https:\/\/umnb.ca\/fr\/wp-json\/wp\/v2\/pages\/1655\/revisions\/"}],"predecessor-version":[{"id":2218,"href":"https:\/\/umnb.ca\/fr\/wp-json\/wp\/v2\/pages\/1655\/revisions\/2218\/"}],"wp:attachment":[{"href":"https:\/\/umnb.ca\/fr\/wp-json\/wp\/v2\/media\/?parent=1655"}],"curies":[{"name":"wp","href":"https:\/\/api.w.org\/{rel}","templated":true}]}}