{"id":1642,"date":"2019-06-25T13:00:31","date_gmt":"2019-06-25T13:00:31","guid":{"rendered":"https:\/\/umnb.ca\/congres-annuel-2019-auction-ventre-aux-encheres\/"},"modified":"2019-09-09T12:13:26","modified_gmt":"2019-09-09T12:13:26","slug":"congres-annuel-2019-auction-ventre-aux-encheres","status":"publish","type":"page","link":"https:\/\/umnb.ca\/fr\/congres-annuel-2019-auction-ventre-aux-encheres\/","title":{"rendered":"Congr\u00e8s annuel 2019 &#8211; Auction! Ventre aux ench\u00e8res"},"content":{"rendered":"<p>[et_pb_section fb_built=\u00a0\u00bb1&Prime; admin_label=\u00a0\u00bbHeader\u00a0\u00bb _builder_version=\u00a0\u00bb3.19.15&Prime; use_background_color_gradient=\u00a0\u00bbon\u00a0\u00bb background_color_gradient_start=\u00a0\u00bbrgba(255,255,255,0.89)\u00a0\u00bb background_color_gradient_end=\u00a0\u00bbrgba(255,255,255,0)\u00a0\u00bb background_color_gradient_type=\u00a0\u00bbradial\u00a0\u00bb background_color_gradient_direction_radial=\u00a0\u00bbtop left\u00a0\u00bb background_color_gradient_start_position=\u00a0\u00bb30%\u00a0\u00bb background_color_gradient_end_position=\u00a0\u00bb80%\u00a0\u00bb background_color_gradient_overlays_image=\u00a0\u00bbon\u00a0\u00bb background_image=\u00a0\u00bbhttps:\/\/umnb.ca\/wp-content\/uploads\/2019\/06\/Fredericton2byKandiseBrown.jpg\u00a0\u00bb custom_padding=\u00a0\u00bb8vw|0px|280px|0px|false|false\u00a0\u00bb][et_pb_row _builder_version=\u00a0\u00bb3.13&Prime;][et_pb_column type=\u00a0\u00bb4_4&Prime; _builder_version=\u00a0\u00bb3.12.2&Prime;][et_pb_text _builder_version=\u00a0\u00bb3.12.2&Prime; text_font=\u00a0\u00bb||||||||\u00a0\u00bb header_font=\u00a0\u00bbRaleway|700|||||||\u00a0\u00bb header_font_size=\u00a0\u00bb80px\u00a0\u00bb header_font_size_tablet=\u00a0\u00bb48px\u00a0\u00bb header_font_size_phone=\u00a0\u00bb32px\u00a0\u00bb header_font_size_last_edited=\u00a0\u00bbon|phone\u00a0\u00bb header_line_height=\u00a0\u00bb1.2em\u00a0\u00bb header_5_font=\u00a0\u00bbRaleway|700||on|||||\u00a0\u00bb header_5_text_color=\u00a0\u00bb#000000&Prime; header_5_font_size=\u00a0\u00bb20px\u00a0\u00bb header_5_font_size_tablet=\u00a0\u00bb14px\u00a0\u00bb header_5_font_size_phone=\u00a0\u00bb12px\u00a0\u00bb header_5_font_size_last_edited=\u00a0\u00bbon|desktop\u00a0\u00bb header_5_letter_spacing=\u00a0\u00bb0.5em\u00a0\u00bb header_5_line_height=\u00a0\u00bb1.8em\u00a0\u00bb animation_style=\u00a0\u00bbzoom\u00a0\u00bb animation_intensity_zoom=\u00a0\u00bb5%\u00a0\u00bb]<\/p>\n<h5>4-6 octobre 2019<\/h5>\n<h1>Congr\u00e8s annuel<\/h1>\n<p>[\/et_pb_text][\/et_pb_column][\/et_pb_row][\/et_pb_section][et_pb_section fb_built=\u00a0\u00bb1&Prime; admin_label=\u00a0\u00bbBlog\u00a0\u00bb _builder_version=\u00a0\u00bb3.12.2&Prime; background_color=\u00a0\u00bb#ffffff\u00a0\u00bb border_color_all=\u00a0\u00bb#ffffff\u00a0\u00bb border_width_left=\u00a0\u00bb10vw\u00a0\u00bb max_width=\u00a0\u00bb90%\u00a0\u00bb max_width_phone=\u00a0\u00bb100%\u00a0\u00bb max_width_last_edited=\u00a0\u00bbon|phone\u00a0\u00bb custom_margin=\u00a0\u00bb-160px|||\u00a0\u00bb][et_pb_row _builder_version=\u00a0\u00bb3.19.15&Prime;][et_pb_column type=\u00a0\u00bb2_5&Prime; _builder_version=\u00a0\u00bb3.19.15&Prime;][et_pb_text _builder_version=\u00a0\u00bb3.19.15&Prime;]<\/p>\n<p><a href=\"https:\/\/umnb.ca\/fr\/congres-annuel-2019-programme\/\"><strong>PROGRAMME<\/strong><\/a><\/p>\n<p><strong><a href=\"https:\/\/umnb.ca\/fr\/congres-annuel-2019-inscription\/\">INSCRIPTION<\/a> <\/strong><\/p>\n<p><a href=\"https:\/\/umnb.ca\/fr\/congres-annuel-2019-hebergement\/\"><strong>H\u00c9BERGEMENT<\/strong><\/a><\/p>\n<p><a href=\"https:\/\/umnb.ca\/fr\/congres-annuel-2019-les-prix-et-remerciements\/\"><strong>PRIX ET REMERCIEMENTS<\/strong><\/a><\/p>\n<p><a href=\"https:\/\/umnb.ca\/fr\/congres-annuel-2019-salon-professionel\/\"><strong>SALON PROFESSIONEL<\/strong><\/a><\/p>\n<p><a href=\"https:\/\/umnb.ca\/fr\/congres-annuel-2019-auction-ventre-aux-encheres\/\"><strong>L&rsquo;ENCAN SILENCIEUX<\/strong><\/a><\/p>\n<p><a href=\"https:\/\/umnb.ca\/fr\/congres-annuel-2019-demande-des-resolutions\/\"><strong>R\u00c9SOLUTIONS<\/strong><\/a><\/p>\n<p><a href=\"https:\/\/umnb.ca\/fr\/congres-annuel-2019-commandites\/\"><strong>COMMANDITES<\/strong><\/a><\/p>\n<p>[\/et_pb_text][\/et_pb_column][et_pb_column type=\u00a0\u00bb3_5&Prime; _builder_version=\u00a0\u00bb3.19.15&Prime;][et_pb_text _builder_version=\u00a0\u00bb3.19.15&Prime;]<\/p>\n<p><strong>L&rsquo;ENCAN SILENCIEUX<\/strong><\/p>\n<p>N&rsquo;oubliez pas votre cadeau pour notre vente aux ench\u00e8res ! Les cadeaux peuvent inclure des billets pour un \u00e9v\u00e8nement dans votre communaut\u00e9, des cadeaux d&rsquo;un magasin de chez-vous, ou des produit artisanaux. Promouvez votre communaut\u00e9 et aidez-nous \u00e0 reduire nos frais d&rsquo;inscription.<\/p>\n<p>Si vous avez besoin d&rsquo;une affiche pour votre cadeau, veuillez nous en aviser avant le 6 septembre 2019 au info@umnb.ca ou 506-444-2285.<\/p>\n<p>[\/et_pb_text][\/et_pb_column][\/et_pb_row][et_pb_row _builder_version=\u00a0\u00bb3.19.15&Prime;][et_pb_column type=\u00a0\u00bb2_5&Prime; _builder_version=\u00a0\u00bb3.19.15&Prime;][et_pb_image src=\u00a0\u00bbhttps:\/\/umnb.ca\/wp-content\/uploads\/2019\/06\/2018SilentAuction.jpg\u00a0\u00bb _builder_version=\u00a0\u00bb3.19.15&Prime;][\/et_pb_image][\/et_pb_column][et_pb_column type=\u00a0\u00bb3_5&Prime; _builder_version=\u00a0\u00bb3.19.15&Prime;][et_pb_code _builder_version=\u00a0\u00bb3.19.15&Prime;]<iframe loading=\"lazy\" src=\"https:\/\/docs.google.com\/forms\/d\/e\/1FAIpQLSfO5w8BtSGaaIq_k1h8XQc2nTuB4re1ULy8ddbfLGliFEgQrg\/viewform?embedded=true\" width=\"640\" height=\"1030\" frameborder=\"0\" marginheight=\"0\" marginwidth=\"0\">Loading&#8230;<\/iframe>[\/et_pb_code][\/et_pb_column][\/et_pb_row][\/et_pb_section]<\/p>\n","protected":false},"excerpt":{"rendered":"<p>4-6 octobre 2019 Congr\u00e8s annuelPROGRAMME INSCRIPTION H\u00c9BERGEMENT PRIX ET REMERCIEMENTS SALON PROFESSIONEL L&rsquo;ENCAN SILENCIEUX R\u00c9SOLUTIONS COMMANDITESL&rsquo;ENCAN SILENCIEUX N&rsquo;oubliez pas votre cadeau pour notre vente aux ench\u00e8res ! Les cadeaux peuvent inclure des billets pour un \u00e9v\u00e8nement dans votre communaut\u00e9, des cadeaux d&rsquo;un magasin de chez-vous, ou des produit artisanaux. Promouvez votre communaut\u00e9 et aidez-nous \u00e0 [&hellip;]<\/p>\n","protected":false},"author":3,"featured_media":0,"parent":0,"menu_order":0,"comment_status":"closed","ping_status":"closed","template":"","meta":{"_et_pb_use_builder":"on","_et_pb_old_content":"","_et_gb_content_width":"","footnotes":""},"class_list":["post-1642","page","type-page","status-publish","hentry"],"_links":{"self":[{"href":"https:\/\/umnb.ca\/fr\/wp-json\/wp\/v2\/pages\/1642\/"}],"collection":[{"href":"https:\/\/umnb.ca\/fr\/wp-json\/wp\/v2\/pages\/"}],"about":[{"href":"https:\/\/umnb.ca\/fr\/wp-json\/wp\/v2\/types\/page\/"}],"author":[{"embeddable":true,"href":"https:\/\/umnb.ca\/fr\/wp-json\/wp\/v2\/users\/3\/"}],"replies":[{"embeddable":true,"href":"https:\/\/umnb.ca\/fr\/wp-json\/wp\/v2\/comments\/?post=1642"}],"version-history":[{"count":7,"href":"https:\/\/umnb.ca\/fr\/wp-json\/wp\/v2\/pages\/1642\/revisions\/"}],"predecessor-version":[{"id":2098,"href":"https:\/\/umnb.ca\/fr\/wp-json\/wp\/v2\/pages\/1642\/revisions\/2098\/"}],"wp:attachment":[{"href":"https:\/\/umnb.ca\/fr\/wp-json\/wp\/v2\/media\/?parent=1642"}],"curies":[{"name":"wp","href":"https:\/\/api.w.org\/{rel}","templated":true}]}}