{"id":13862,"date":"2026-03-13T14:39:55","date_gmt":"2026-03-13T14:39:55","guid":{"rendered":"https:\/\/umnb.ca\/?page_id=13862"},"modified":"2026-04-02T17:33:51","modified_gmt":"2026-04-02T17:33:51","slug":"membre-associe","status":"publish","type":"page","link":"https:\/\/umnb.ca\/fr\/membre-associe\/","title":{"rendered":"Membre associ\u00e9"},"content":{"rendered":"<p>[et_pb_section fb_built=\u00a0\u00bb1&Prime; admin_label=\u00a0\u00bbHeader\u00a0\u00bb _builder_version=\u00a0\u00bb4.16&Prime; use_background_color_gradient=\u00a0\u00bbon\u00a0\u00bb background_color_gradient_type=\u00a0\u00bbcircular\u00a0\u00bb background_color_gradient_direction_radial=\u00a0\u00bbtop left\u00a0\u00bb background_color_gradient_stops=\u00a0\u00bbrgba(255,255,255,0.89) 30%|rgba(255,255,255,0) 80%\u00a0\u00bb background_color_gradient_overlays_image=\u00a0\u00bbon\u00a0\u00bb background_color_gradient_start=\u00a0\u00bbrgba(255,255,255,0.89)\u00a0\u00bb background_color_gradient_start_position=\u00a0\u00bb30%\u00a0\u00bb background_color_gradient_end=\u00a0\u00bbrgba(255,255,255,0)\u00a0\u00bb background_color_gradient_end_position=\u00a0\u00bb80%\u00a0\u00bb background_image=\u00a0\u00bbhttps:\/\/umnb.ca\/wp-content\/uploads\/2019\/02\/20170708_143148.jpg\u00a0\u00bb custom_margin=\u00a0\u00bb|||\u00a0\u00bb custom_padding=\u00a0\u00bb8vw|0px|0|0px|false|false\u00a0\u00bb locked=\u00a0\u00bboff\u00a0\u00bb global_colors_info=\u00a0\u00bb{}\u00a0\u00bb][et_pb_row _builder_version=\u00a0\u00bb4.16&Prime; global_colors_info=\u00a0\u00bb{}\u00a0\u00bb][et_pb_column type=\u00a0\u00bb4_4&Prime; _builder_version=\u00a0\u00bb4.16&Prime; custom_padding=\u00a0\u00bb|||\u00a0\u00bb global_colors_info=\u00a0\u00bb{}\u00a0\u00bb custom_padding__hover=\u00a0\u00bb|||\u00a0\u00bb][et_pb_text _builder_version=\u00a0\u00bb4.16&Prime; text_font=\u00a0\u00bb||||||||\u00a0\u00bb header_font=\u00a0\u00bbRaleway|700|||||||\u00a0\u00bb header_font_size=\u00a0\u00bb80px\u00a0\u00bb header_line_height=\u00a0\u00bb1.2em\u00a0\u00bb header_5_font=\u00a0\u00bbRaleway|700||on|||||\u00a0\u00bb header_5_text_color=\u00a0\u00bb#000000&Prime; header_5_font_size=\u00a0\u00bb20px\u00a0\u00bb header_5_letter_spacing=\u00a0\u00bb0.5em\u00a0\u00bb header_5_line_height=\u00a0\u00bb1.8em\u00a0\u00bb animation_style=\u00a0\u00bbzoom\u00a0\u00bb animation_intensity_zoom=\u00a0\u00bb5%\u00a0\u00bb header_font_size_tablet=\u00a0\u00bb48px\u00a0\u00bb header_font_size_phone=\u00a0\u00bb32px\u00a0\u00bb header_font_size_last_edited=\u00a0\u00bbon|phone\u00a0\u00bb header_5_font_size_tablet=\u00a0\u00bb14px\u00a0\u00bb header_5_font_size_phone=\u00a0\u00bb12px\u00a0\u00bb header_5_font_size_last_edited=\u00a0\u00bbon|desktop\u00a0\u00bb global_colors_info=\u00a0\u00bb{}\u00a0\u00bb]<\/p>\n<h5><\/h5>\n<h1><span class=\"a_GcMg font-feature-liga-off font-feature-clig-off font-feature-calt-off text-decoration-none text-strikethrough-none\">Membre associ\u00e9<\/span><\/h1>\n<p>[\/et_pb_text][\/et_pb_column][\/et_pb_row][\/et_pb_section][et_pb_section fb_built=\u00a0\u00bb1&Prime; admin_label=\u00a0\u00bbHistory\u00a0\u00bb _builder_version=\u00a0\u00bb4.16&Prime; global_colors_info=\u00a0\u00bb{}\u00a0\u00bb][et_pb_row column_structure=\u00a0\u00bb1_3,2_3&Prime; _builder_version=\u00a0\u00bb4.20.2&Prime; _module_preset=\u00a0\u00bbdefault\u00a0\u00bb global_colors_info=\u00a0\u00bb{}\u00a0\u00bb][et_pb_column type=\u00a0\u00bb1_3&Prime; _builder_version=\u00a0\u00bb4.20.2&Prime; _module_preset=\u00a0\u00bbdefault\u00a0\u00bb global_colors_info=\u00a0\u00bb{}\u00a0\u00bb][et_pb_image src=\u00a0\u00bbhttps:\/\/umnb.ca\/wp-content\/uploads\/2026\/03\/UMNB2025-Associate-Membership-Package-FR.png\u00a0\u00bb title_text=\u00a0\u00bbUMNB2025 &#8211; Associate Membership Package FR\u00a0\u00bb url=\u00a0\u00bbhttps:\/\/umnb.ca\/wp-content\/uploads\/2026\/03\/UMNB2025-Associate-Membership-Package-FR.pdf\u00a0\u00bb _builder_version=\u00a0\u00bb4.20.2&Prime; _module_preset=\u00a0\u00bbdefault\u00a0\u00bb global_colors_info=\u00a0\u00bb{}\u00a0\u00bb][\/et_pb_image][et_pb_image src=\u00a0\u00bbhttps:\/\/umnb.ca\/wp-content\/uploads\/2026\/03\/UMNB2026-Associate-Member-One-pager-FR.png\u00a0\u00bb title_text=\u00a0\u00bbUMNB2026 &#8211; Associate Member &#8211; One pager &#8211; FR\u00a0\u00bb url=\u00a0\u00bbhttps:\/\/umnb.ca\/wp-content\/uploads\/2026\/03\/UMNB2026-Associate-Member-One-Pager-FR-1.pdf\u00a0\u00bb _builder_version=\u00a0\u00bb4.20.2&Prime; _module_preset=\u00a0\u00bbdefault\u00a0\u00bb global_colors_info=\u00a0\u00bb{}\u00a0\u00bb][\/et_pb_image][\/et_pb_column][et_pb_column type=\u00a0\u00bb2_3&Prime; _builder_version=\u00a0\u00bb4.20.2&Prime; _module_preset=\u00a0\u00bbdefault\u00a0\u00bb global_colors_info=\u00a0\u00bb{}\u00a0\u00bb][et_pb_text _builder_version=\u00a0\u00bb4.20.2&Prime; _module_preset=\u00a0\u00bbdefault\u00a0\u00bb global_colors_info=\u00a0\u00bb{}\u00a0\u00bb]<\/p>\n<p class=\"cvGsUA direction-ltr align-start para-style-body\"><span class=\"a_GcMg font-feature-liga-off font-feature-clig-off font-feature-calt-off text-decoration-none text-strikethrough-none\">L&rsquo;Union des municipalit\u00e9s du Nouveau-Brunswick (UMNB) a lanc\u00e9 une <\/span><span class=\"a_GcMg font-feature-liga-off font-feature-clig-off font-feature-calt-off text-decoration-none text-strikethrough-none\">nouvelle cat\u00e9gorie de M<strong>embres Associ\u00e9s<\/strong> <\/span><span class=\"a_GcMg font-feature-liga-off font-feature-clig-off font-feature-calt-off text-decoration-none text-strikethrough-none\">afin de permettre \u00e0 ses partenaires et sympathisants de renforcer l&rsquo;Union.<\/span><\/p>\n<p class=\"cvGsUA direction-ltr align-start para-style-body\"><strong><span class=\"a_GcMg font-feature-liga-off font-feature-clig-off font-feature-calt-off text-decoration-none text-strikethrough-none\">En tant que membre associ\u00e9, vous b\u00e9n\u00e9ficierez de nombreux avantages, notamment :<\/span><\/strong><\/p>\n<ul>\n<li><span class=\"a_GcMg font-feature-liga-off font-feature-clig-off font-feature-calt-off text-decoration-none text-strikethrough-none\">Tarifs pr\u00e9f\u00e9rentiels pour les \u00e9v\u00e9nements de l&rsquo;UMNB<\/span><\/li>\n<li><span class=\"a_GcMg font-feature-liga-off font-feature-clig-off font-feature-calt-off text-decoration-none text-strikethrough-none\">Acc\u00e8s \u00e0 \u00ab The Bulletin \u00bb, le bulletin d&rsquo;information exclusif de l&rsquo;UMNB.<\/span><\/li>\n<li><span class=\"a_GcMg font-feature-liga-off font-feature-clig-off font-feature-calt-off text-decoration-none text-strikethrough-none\">Des possibilit\u00e9s de publicit\u00e9 \u00e0 prix r\u00e9duit dans The Bulletin.<\/span><\/li>\n<li><span class=\"a_GcMg font-feature-liga-off font-feature-clig-off font-feature-calt-off text-decoration-none text-strikethrough-none\">La possibilit\u00e9 de participer \u00e0 des webinaires et \u00e0 des formations.<\/span><\/li>\n<li><span class=\"a_GcMg font-feature-liga-off font-feature-clig-off font-feature-calt-off text-decoration-none text-strikethrough-none\">Un acc\u00e8s privil\u00e9gi\u00e9 aux documents de recherche et aux politiques de l&rsquo;UMNB.<\/span><\/li>\n<li><span class=\"a_GcMg font-feature-liga-off font-feature-clig-off font-feature-calt-off text-decoration-none text-strikethrough-none\">Le soutien au d\u00e9veloppement de communaut\u00e9s fortes.<\/span><\/li>\n<\/ul>\n<ul><\/ul>\n<p class=\"cvGsUA direction-ltr align-start para-style-body\"><span style=\"font-size: x-large;\"><strong><span class=\"a_GcMg font-feature-liga-off font-feature-clig-off font-feature-calt-off text-decoration-none text-strikethrough-none\">Admissibilit\u00e9<\/span><span class=\"a_GcMg font-feature-liga-off font-feature-clig-off font-feature-calt-off text-decoration-none text-strikethrough-none white-space-prewrap\"> <\/span><\/strong><\/span><\/p>\n<p class=\"cvGsUA direction-ltr align-start para-style-body\"><span class=\"a_GcMg font-feature-liga-off font-feature-clig-off font-feature-calt-off text-decoration-none text-strikethrough-none\">L&rsquo;adh\u00e9sion en tant que membre associ\u00e9 est ouverte aux :<\/span><span class=\"a_GcMg font-feature-liga-off font-feature-clig-off font-feature-calt-off text-decoration-none text-strikethrough-none white-space-prewrap\"> <\/span><\/p>\n<ul>\n<li><span class=\"a_GcMg font-feature-liga-off font-feature-clig-off font-feature-calt-off text-decoration-none text-strikethrough-none\">Les agences gouvernementales et les partenaires du secteur public.<\/span><span class=\"a_GcMg font-feature-liga-off font-feature-clig-off font-feature-calt-off text-decoration-none text-strikethrough-none white-space-prewrap\"> <\/span><\/li>\n<li><span class=\"a_GcMg font-feature-liga-off font-feature-clig-off font-feature-calt-off text-decoration-none text-strikethrough-none\">Les organismes sans but lucratif et communautaires.<\/span><span class=\"a_GcMg font-feature-liga-off font-feature-clig-off font-feature-calt-off text-decoration-none text-strikethrough-none white-space-prewrap\"> <\/span><\/li>\n<li><span class=\"a_GcMg font-feature-liga-off font-feature-clig-off font-feature-calt-off text-decoration-none text-strikethrough-none\">Les entreprises du secteur priv\u00e9 et les associations industrielles dont les objectifs correspondent \u00e0 la mission de l&rsquo;UMNB.<\/span><span class=\"a_GcMg font-feature-liga-off font-feature-clig-off font-feature-calt-off text-decoration-none text-strikethrough-none white-space-prewrap\"> <\/span><\/li>\n<li><span class=\"a_GcMg font-feature-liga-off font-feature-clig-off font-feature-calt-off text-decoration-none text-strikethrough-none\">Les districts ruraux et les entit\u00e9s connexes qui souhaitent s&rsquo;engager aupr\u00e8s du secteur municipal.<\/span><span class=\"a_GcMg font-feature-liga-off font-feature-clig-off font-feature-calt-off text-decoration-none text-strikethrough-none white-space-prewrap\"> <\/span><\/li>\n<\/ul>\n<p><span style=\"font-size: x-large;\"><strong><span class=\"a_GcMg font-feature-liga-off font-feature-clig-off font-feature-calt-off text-decoration-none text-strikethrough-none\">Cat\u00e9gories d&rsquo;adh\u00e9sion<\/span><span class=\"a_GcMg font-feature-liga-off font-feature-clig-off font-feature-calt-off text-decoration-none text-strikethrough-none white-space-prewrap\"> <\/span><\/strong><\/span><\/p>\n<div>\n<p><span data-canva-clipboard=\"ewAiAGEAIgA6ADUALAAiAGgAIgA6ACIAdwB3AHcALgBjAGEAbgB2AGEALgBjAG8AbQAiACwAIgBjACIAOgAiAEQAQQBHADcATwBMAHYAaAA4AEEATQAiACwAIgBpACIAOgAiAG8AVQBlAGgAdwBnADkASgBtAGEAawB3AGsAYgBSAE0ASQBSAEkAeAAwAEEAIgAsACIAYgAiADoAMQA3ADcAMwAzADMANAA1ADgAMwA5ADAANQAsACIAawAiADoAewAiAEwAQgBOAG4AVABaAGcAbgBkAFEAegBzAFYAWQBSADYAIgA6AHsAfQB9ACwAIgBtACIAOgB7AH0ALAAiAEEAPwAiADoAIgBCACIALAAiAEEAIgA6AFsAewAiAEEAIgA6ADUAMAA0AC4ANQAyADkAMwA5ADYAOQAxADkAMQAxADIANQAsACIAQgAiADoAMQAwADUALgA1ADQAMQAzADIAMAAyADkAMwAzADkAOAA2ADYALAAiAEQAIgA6ADYAMgAwAC4AOAA3ADgAMgAzADkANgAwADgAOAAwADEAOAAsACIAQwAiADoAMwA2ADUALgAzADUAMgA1ADgAOAA4ADYAMwA1ADkAMQA0ACwAIgBBAD8AIgA6ACIANAAiACwAIgBfACIAOgAiAEwAQgBOAG4AVABaAGcAbgBkAFEAegBzAFYAWQBSADYAIgAsACIAYQAiADoAewAiAEEAIgA6AHsAIgBBACIAOgBbAHsAIgBBACIAOgAiAHMAQgBLAG0ANABOAEQAQwA3AE0ASABSAHoATQB6AE0AIgAsACIAQgAiADoAMwA2ACwAIgBDACIAOgAzADYAfQAsAHsAIgBBACIAOgAiAHMAQgA3AHQAMQBEAE0AZgBiAGsASgB4AEcAWQBrAFoAIgAsACIAQgAiADoANgA1AC4AMgAwADYANQA2ADgAMAA2ADAAOQA1ADMAMgAyACwAIgBDACIAOgA2ADUALgAyADAANgA1ADYAOAAwADYAMAA5ADUAMwAyADIAfQAsAHsAIgBBACIAOgAiAHMAQgA1ADMARgBTAGYAMQBNAEwAbgA4AHIAaABkAGwAIgAsACIAQgAiADoAOAAzAC4ANgA1ADYAMAAyADYANwAwADgAMQAxADUANgAyACwAIgBDACIAOgA4ADMALgA2ADUANgAwADIANgA3ADAAOAAxADEANQA2ADIAfQAsAHsAIgBBACIAOgAiAHMAQgB2AEMAQgBDADgASABCAGsAVwA2AFIAZwBiAFMAIgAsACIAQgAiADoAOQA3AC4AMwAzADcANAA2ADAAMAAyADgAMwAyADgANQA2ACwAIgBDACIAOgA5ADcALgAzADMANwA0ADYAMAAwADIAOAAzADIAOAA1ADYAfQAsAHsAIgBBACIAOgAiAHMAQgAzAGwAYgBOAHYAMgBzAE4ARwA3AEIASgBUAEoAIgAsACIAQgAiADoAOAAzAC4AMQA1ADIANQAzADQAMAA2ADYAMQA5ADQALAAiAEMAIgA6ADgAMwAuADEANQAyADUAMwA0ADAANgA2ADEAOQA0AH0AXQAsACIAQwAiADoAWwB7ACIAQQAiADoAIgBzAEIAWgBsAGcAWABMADEAZABqAHcANgBnAFMAeAB0ACIALAAiAEIAIgA6ADEAMQA2AC4ANgAxADEANAA4ADQAOAAzADQANAA2ADcANwAyAH0ALAB7ACIAQQAiADoAIgBzAEIAeAAxAFgAUAByAEwARwB6AGsAOAA1AEQANAA3ACIALAAiAEIAIgA6ADIAMAA1AC4ANAA3ADQANwA2ADMANwA2ADEAMwAxADYAMwB9ACwAewAiAEEAIgA6ACIAcwBCADEAZgBYADkAZgBnAG0ARAByAGQAbABUAEgASgAiACwAIgBCACIAOgAyADEAMQAuADUAMQA0ADAAMQA1ADcAMgA3ADIAMQA4ADQANgB9ACwAewAiAEEAIgA6ACIAcwBCAGwATgBHAFcAZgBaAHIAYwBGADIANABRAEgAQwAiACwAIgBCACIAOgA4ADcALgAyADcANwA5ADcANQAyADgANQA3ADkAOQAzAH0AXQAsACIARQAiADoAewAiAEEAIgA6AFsAewAiAEIAIgA6AFsANABdAH0ALAB7ACIAQgAiADoAWwA0AF0AfQAsAHsAIgBCACIAOgBbADQAXQB9ACwAewAiAEIAIgA6AFsANABdAH0ALAB7ACIAQgAiADoAWwA0AF0AfQBdAH0ALAAiAEcAIgA6AHsAIgBBACIAOgBbAHsAIgBBACIAOgBbAHsAIgBBACIAOgB7ACIAQQAiADoAIgBZAEEAQwBnAEUAZQB2ADQAZwBLAGMALAAwACIALAAiAEIAIgA6ACIAMQAzAC4AMwAzADMANABwAHgAIgAsACIAQwAiADoAIgBiAG8AbABkACIALAAiAEkAIgA6ACIAMQAuADAAMQAiACwAIgBLACIAOgAiAGMAZQBuAHQAZQByACIALAAiAGcAIgA6ACIAMQBwAHgAIgAsACIAaAAiADoAIgAxAHAAeAAiACwAIgBpACIAOgAiADEAcAB4ACIALAAiAGoAIgA6ACIAMQBwAHgAIgAsACIAawAiADoAIgAjADAAMAAwADAAMAAwACIALAAiAGwAIgA6ACIAIwAwADAAMAAwADAAMAAiACwAIgBtACIAOgAiACMAMAAwADAAMAAwADAAIgAsACIAbgAiADoAIgAjADAAMAAwADAAMAAwACIALAAiAG8AIgA6ACIAIgAsACIAcAAiADoAIgAiACwAIgBxACIAOgAiACIALAAiAHIAIgA6ACIAIgAsACIAcwAiADoAIgB3AHIAYQBwACIAfQB9ACwAewAiAEIAIgA6AHsAIgBBACIAOgB0AHIAdQBlACwAIgBCACIAOgB0AHIAdQBlACwAIgBDACIAOgB0AHIAdQBlACwAIgBJACIAOgB0AHIAdQBlACwAIgBLACIAOgB0AHIAdQBlACwAIgBnACIAOgB0AHIAdQBlACwAIgBoACIAOgB0AHIAdQBlACwAIgBpACIAOgB0AHIAdQBlACwAIgBqACIAOgB0AHIAdQBlACwAIgBrACIAOgB0AHIAdQBlACwAIgBsACIAOgB0AHIAdQBlACwAIgBtACIAOgB0AHIAdQBlACwAIgBuACIAOgB0AHIAdQBlACwAIgBvACIAOgB0AHIAdQBlACwAIgBwACIAOgB0AHIAdQBlACwAIgBxACIAOgB0AHIAdQBlACwAIgByACIAOgB0AHIAdQBlACwAIgBzACIAOgB0AHIAdQBlAH0AfQBdACwAIgBCACIAOgBbADAALAA0AF0AfQAsAHsAIgBBACIAOgBbAHsAIgBDACIAOgB7ACIAQwAiADoAdAByAHUAZQAsACIASwAiADoAdAByAHUAZQB9AH0ALAB7ACIAQQAiADoAewAiAEsAIgA6ACIAYwBlAG4AdABlAHIAIgB9AH0ALAB7ACIAQwAiADoAewAiAEMAIgA6AHQAcgB1AGUAfQB9AF0ALAAiAEIAIgA6AFsAMAAsADMALAAxAF0AfQAsAHsAIgBBACIAOgBbAHsAIgBDACIAOgB7ACIAQQAiADoAdAByAHUAZQAsACIAQgAiADoAdAByAHUAZQAsACIASQAiADoAdAByAHUAZQAsACIAZwAiADoAdAByAHUAZQAsACIAaAAiADoAdAByAHUAZQAsACIAaQAiADoAdAByAHUAZQAsACIAagAiADoAdAByAHUAZQAsACIAawAiADoAdAByAHUAZQAsACIAbAAiADoAdAByAHUAZQAsACIAbQAiADoAdAByAHUAZQAsACIAbgAiADoAdAByAHUAZQAsACIAbwAiADoAdAByAHUAZQAsACIAcAAiADoAdAByAHUAZQAsACIAcQAiADoAdAByAHUAZQAsACIAcgAiADoAdAByAHUAZQAsACIAcwAiADoAdAByAHUAZQB9AH0ALAB7ACIAQwAiADoAewAiAEsAIgA6AHQAcgB1AGUAfQB9ACwAewAiAEMAIgA6AHsAIgBBACIAOgB0AHIAdQBlACwAIgBCACIAOgB0AHIAdQBlACwAIgBJACIAOgB0AHIAdQBlACwAIgBLACIAOgB0AHIAdQBlACwAIgBnACIAOgB0AHIAdQBlACwAIgBoACIAOgB0AHIAdQBlACwAIgBpACIAOgB0AHIAdQBlACwAIgBqACIAOgB0AHIAdQBlACwAIgBrACIAOgB0AHIAdQBlACwAIgBsACIAOgB0AHIAdQBlACwAIgBtACIAOgB0AHIAdQBlACwAIgBuACIAOgB0AHIAdQBlACwAIgBvACIAOgB0AHIAdQBlACwAIgBwACIAOgB0AHIAdQBlACwAIgBxACIAOgB0AHIAdQBlACwAIgByACIAOgB0AHIAdQBlACwAIgBzACIAOgB0AHIAdQBlAH0AfQBdACwAIgBCACIAOgBbADAALAAzACwAMQBdAH0AXQAsACIAQgAiADoAWwAwACwAMQAsADQAXQB9AH0ALAAiAEQAIgA6AHsAIgBBACIAOgAxACwAIgBCACIAOgAiACMAZAA5AGQAOQBkADkAIgAsACIAZgAiADoAdAByAHUAZQB9AH0ALAAiAGIAIgA6AFsAewAiAEEAIgA6AHsAIgBBAD8AIgA6ACIAQQAiACwAIgBBACIAOgAiAFQAeQBwAGUAIABkAGUAIABtAGUAbQBiAHIAZQCgACIAfQB9ACwAewAiAEEAIgA6AHsAIgBBAD8AIgA6ACIAQQAiACwAIgBBACIAOgAiAEQAZQBzAGMAcgBpAHAAdABpAG8AbgCgACIAfQB9ACwAewAiAEEAIgA6AHsAIgBBAD8AIgA6ACIAQQAiACwAIgBBACIAOgAiAEUAeABlAG0AcABsAGUAcwCgACIAfQB9ACwAewAiAEEAIgA6AHsAIgBBAD8AIgA6ACIAQQAiACwAIgBBACIAOgAiAEMAbwB0AGkAcwBhAHQAaQBvAG4AIABhAG4AbgB1AGUAbABsAGUAoAAiAH0AfQAsAHsAIgBBACIAOgB7ACIAQQA\/ACIAOgAiAEEAIgAsACIAQQAiADoAIgBQAGEAcgB0AGUAbgBhAGkAcgBlAKAAIgB9AH0ALAB7ACIAQQAiADoAewAiAEEAPwAiADoAIgBBACIALAAiAEEAIgA6ACIATwByAGcAYQBuAGkAcwBtAGUAcwAgAGcAbwB1AHYAZQByAG4AZQBtAGUAbgB0AGEAdQB4ACAAZQB0ACAAZAB1ACAAcwBlAGMAdABlAHUAcgAgAHAAdQBiAGwAaQBjACAAcwBvAHUAdABlAG4AYQBuAHQAIABsAGUAcwAgAHQAcgBhAHYAYQB1AHgAIABtAHUAbgBpAGMAaQBwAGEAdQB4AC4AoAAiAH0AfQAsAHsAIgBBACIAOgB7ACIAQQA\/ACIAOgAiAEEAIgAsACIAQQAiADoAIgBDAG8AbQBtAGkAcwBzAGkAbwBuAHMAIAByAOkAZwBpAG8AbgBhAGwAZQBzACAAZABlACAAcwBlAHIAdgBpAGMAZQBzACwAIABtAGkAbgBpAHMAdADoAHIAZQBzACAAcAByAG8AdgBpAG4AYwBpAGEAdQB4ACwAIABzAG8AYwBpAOkAdADpAHMAIABkACcAyQB0AGEAdAAsACIAfQB9ACwAewAiAEEAIgA6AHsAIgBBAD8AIgA6ACIARQAiACwAIgBBACIAOgAxADUAMAAwAH0ALAAiAEIAIgA6AHsAIgBBAD8AIgA6ACIAQgAiACwAIgBVACIAOgB7ACIAQQA\/ACIAOgAiAEIAIgAsACIAVQAiADoAIgBbACQAJAAtAGUAbgBdACMALAAjACMAMAAiAH0AfQB9ACwAewAiAEEAIgA6AHsAIgBBAD8AIgA6ACIAQQAiACwAIgBBACIAOgAiAE0AZQBtAGIAcgBlACAAYQBzAHMAbwBjAGkA6QAgACgAZABpAHMAdAByAGkAYwB0AHMAIAByAHUAcgBhAHUAeAApAKAAIgB9AH0ALAB7ACIAQQAiADoAewAiAEEAPwAiADoAIgBBACIALAAiAEEAIgA6ACIARABpAHMAdAByAGkAYwB0AHMAIAByAHUAcgBhAHUAeAAgAGMAaABlAHIAYwBoAGEAbgB0ACAA4AAgAHMAJwBlAG4AZwBhAGcAZQByACAAYQB1AHAAcgDoAHMAIABkAGUAcwAgAG0AdQBuAGkAYwBpAHAAYQBsAGkAdADpAHMAIABlAHQAIADgACAAcABhAHIAdABpAGMAaQBwAGUAcgAgAGEAdQB4ACAAaQBuAGkAdABpAGEAdABpAHYAZQBzACAAZABlACAAbAAnAFUATQBOAEIALgCgACIAfQB9ACwAewAiAEEAIgA6AHsAIgBBAD8AIgA6ACIAQQAiACwAIgBBACIAOgAiAEQAaQBzAHQAcgBpAGMAdABzACAAcgB1AHIAYQB1AHgAoAAiAH0AfQAsAHsAIgBBACIAOgB7ACIAQQA\/ACIAOgAiAEUAIgAsACIAQQAiADoAMgAwADAAMAB9ACwAIgBCACIAOgB7ACIAQQA\/ACIAOgAiAEIAIgAsACIAVQAiADoAewAiAEEAPwAiADoAIgBCACIALAAiAFUAIgA6ACIAWwAkACQALQBlAG4AXQAjACwAIwAjADAAIgB9AH0AfQAsAHsAIgBBACIAOgB7ACIAQQA\/ACIAOgAiAEEAIgAsACIAQQAiADoAIgBNAGUAbQBiAHIAZQAgAGEAcwBzAG8AYwBpAOkAIAAoAEUAbgB0AHIAZQBwAHIAaQBzAGUAIABQAHIAaQB2AOkAKQCgACIAfQB9ACwAewAiAEEAIgA6AHsAIgBBAD8AIgA6ACIAQQAiACwAIgBBACIAOgAiAEUAbgB0AHIAZQBwAHIAaQBzAGUAcwAsACAAcwBvAGMAaQDpAHQA6QBzACAAZQB0ACAAYQBzAHMAbwBjAGkAYQB0AGkAbwBuAHMAIABwAHIAbwBmAGUAcwBzAGkAbwBuAG4AZQBsAGwAZQBzACAAaQBtAHAAbABpAHEAdQDpAGUAcwAgAGQAYQBuAHMAIABkAGUAcwAgAHMAZQBjAHQAZQB1AHIAcwAgAGwAaQDpAHMAIABhAHUAeAAgAG0AdQBuAGkAYwBpAHAAYQBsAGkAdADpAHMALgCgACIAfQB9ACwAewAiAEEAIgA6AHsAIgBBAD8AIgA6ACIAQQAiACwAIgBBACIAOgAiAEUAbgB0AHIAZQBwAHIAaQBzAGUAcwAgAGQAZQAgAGMAbwBuAHMAdAByAHUAYwB0AGkAbwBuACAAbwB1ACAAZAAnAGkAbgBnAOkAbgBpAGUAcgBpAGUALAAgAGMAaABhAG0AYgByAGUAcwAgAGQAZQAgAGMAbwBtAG0AZQByAGMAZQAsACAAQwBvAG4AcwB1AGwAdABhAG4AdABzACwAIABJAG4AZAB1AHMAdAByAGkAZQAgAHAAcgBpAHYA6QBlAC4ALgAuACIAfQB9ACwAewAiAEEAIgA6AHsAIgBBAD8AIgA6ACIARQAiACwAIgBBACIAOgAxADAAMAAwAH0ALAAiAEIAIgA6AHsAIgBBAD8AIgA6ACIAQgAiACwAIgBVACIAOgB7ACIAQQA\/ACIAOgAiAEIAIgAsACIAVQAiADoAIgBbACQAJAAtAGUAbgBdACMALAAjACMAMAAiAH0AfQB9ACwAewAiAEEAIgA6AHsAIgBBAD8AIgA6ACIAQQAiACwAIgBBACIAOgAiAE8AcgBnAGEAbgBpAHMAbQBlAHMAIABkAGUAIABzAG8AdQB0AGkAZQBuACAA4AAgAGIAdQB0ACAAbgBvAG4AIABsAHUAYwByAGEAdABpAGYAoAAiAH0AfQAsAHsAIgBBACIAOgB7ACIAQQA\/ACIAOgAiAEEAIgAsACIAQQAiADoAIgBPAHIAZwBhAG4AaQBzAG0AZQBzACAA4AAgAGIAdQB0ACAAbgBvAG4AIABsAHUAYwByAGEAdABpAGYAIABvAHUAIABjAG8AbQBtAHUAbgBhAHUAdABhAGkAcgBlAHMAIABkAG8AbgB0ACAAbABlAHMAIABvAGIAagBlAGMAdABpAGYAcwAgAGMAbwByAHIAZQBzAHAAbwBuAGQAZQBuAHQAIADgACAAbABhACAAbQBpAHMAcwBpAG8AbgAgAGUAdAAgAGEAdQB4ACAAcAByAGkAbwByAGkAdADpAHMAIABkAGUAIABsACcAVQBNAE4AQgAuAKAAIgB9AH0ALAB7ACIAQQAiADoAewAiAEEAPwAiADoAIgBBACIALAAiAEEAIgA6ACIATwBTAEIATAAgAHAAcgBvAHYAaQBuAGMAaQBhAGwAZQAsACAAbwByAGcAYQBuAGkAegBhAHQAaQBvAG4AIABkAGUAIABiAGkAZQBuAGYAYQBpAHMAYQBuAGMAZQCgACIAfQB9ACwAewAiAEEAIgA6AHsAIgBBAD8AIgA6ACIARQAiACwAIgBBACIAOgAyADUAMAB9ACwAIgBCACIAOgB7ACIAQQA\/ACIAOgAiAEIAIgAsACIAVQAiADoAewAiAEEAPwAiADoAIgBCACIALAAiAFUAIgA6ACIAWwAkACQALQBlAG4AXQAjACwAIwAjADAAIgB9AH0AfQBdAH0AXQAsACIAQgAiADoAOAAxADYALAAiAEMAIgA6ADEAMAA1ADYAfQA=\" style=\"font-size: x-large;\"><\/span><\/p>\n<table>\n<colgroup>\n<col \/>\n<col \/>\n<col \/>\n<col \/><\/colgroup>\n<tbody>\n<tr>\n<td>Type de membre<\/td>\n<td>Description<\/td>\n<td>Exemples<\/td>\n<td>Cotisation annuelle<\/td>\n<\/tr>\n<tr>\n<td>Partenaire<\/td>\n<td>Organismes gouvernementaux et du secteur public soutenant les travaux municipaux.<\/td>\n<td>Commissions r\u00e9gionales de services, minist\u00e8res provinciaux, soci\u00e9t\u00e9s d&rsquo;\u00c9tat,<\/td>\n<td>$1,500<\/td>\n<\/tr>\n<tr>\n<td>Membre associ\u00e9 (districts ruraux)<\/td>\n<td>Districts ruraux cherchant \u00e0 s&rsquo;engager aupr\u00e8s des municipalit\u00e9s et \u00e0 participer aux initiatives de l&rsquo;UMNB.<\/td>\n<td>Districts ruraux<\/td>\n<td>$2,000<\/td>\n<\/tr>\n<tr>\n<td>Membre associ\u00e9 (Entreprise Priv\u00e9)<\/td>\n<td>Entreprises, soci\u00e9t\u00e9s et associations professionnelles impliqu\u00e9es dans des secteurs li\u00e9s aux municipalit\u00e9s.<\/td>\n<td>Entreprises de construction ou d&rsquo;ing\u00e9nierie, chambres de commerce, Consultants, Industrie priv\u00e9e&#8230;<\/td>\n<td>$1,000<\/td>\n<\/tr>\n<tr>\n<td>Organismes de soutien \u00e0 but non lucratif<\/td>\n<td>Organismes \u00e0 but non lucratif ou communautaires dont les objectifs correspondent \u00e0 la mission et aux priorit\u00e9s de l&rsquo;UMNB.<\/td>\n<td>OSBL provinciale, organization de bienfaisance<\/td>\n<td>$250<\/td>\n<\/tr>\n<\/tbody>\n<\/table>\n<\/div>\n<p class=\"cvGsUA direction-ltr align-start para-style-body\"><em><span class=\"a_GcMg font-feature-liga-off font-feature-clig-off font-feature-calt-off text-decoration-none text-strikethrough-none\">Toutes les cat\u00e9gories de membres associ\u00e9s n&rsquo;ont <\/span><span class=\"a_GcMg font-feature-liga-off font-feature-clig-off font-feature-calt-off text-decoration-none text-strikethrough-none\">pas le droit de vote<\/span><span class=\"a_GcMg font-feature-liga-off font-feature-clig-off font-feature-calt-off text-decoration-none text-strikethrough-none\"> et sont soumises \u00e0 l&rsquo;approbation du comit\u00e9 de gouvernance de l&rsquo;UMNB.\u00a0<\/span><span class=\"a_GcMg font-feature-liga-off font-feature-clig-off font-feature-calt-off text-decoration-none text-strikethrough-none\"><\/span><\/em><\/p>\n<p class=\"cvGsUA direction-ltr align-start para-style-body\"><span class=\"a_GcMg font-feature-liga-off font-feature-clig-off font-feature-calt-off text-decoration-none text-strikethrough-none\"><\/span><\/p>\n<p class=\"cvGsUA direction-ltr align-start para-style-body\"><span style=\"font-size: x-large;\"><strong><span class=\"a_GcMg font-feature-liga-off font-feature-clig-off font-feature-calt-off text-decoration-none text-strikethrough-none\">Demande et renouvellement<\/span><span class=\"a_GcMg font-feature-liga-off font-feature-clig-off font-feature-calt-off text-decoration-none text-strikethrough-none white-space-prewrap\"> <\/span><\/strong><\/span><\/p>\n<p>Les organisations int\u00e9ress\u00e9es peuvent poser leur candidature en remplissant le <span style=\"font-size: large;\"><a href=\"https:\/\/forms.gle\/5LKkwDFQhipKhmnV7\"><b><u>formulaire de demande d&rsquo;adh\u00e9sion en tant que membre associ\u00e9.<\/u><\/b><\/a><\/span><\/p>\n<p class=\"cvGsUA direction-ltr align-start para-style-body\"><strong><a href=\"https:\/\/umnb.ca\/wp-content\/uploads\/2026\/04\/UMNB2026-Associate-Membership-Form-FR.pdf\">Vous trouverez ici une version PDF du formulaire.<span class=\"a_GcMg white-space-prewrap font-feature-liga-off font-feature-clig-off font-feature-calt-off text-decoration-none text-strikethrough-none\"> <\/span><\/a><\/strong><\/p>\n<p class=\"cvGsUA direction-ltr align-start para-style-body\"><span class=\"a_GcMg font-feature-liga-off font-feature-clig-off font-feature-calt-off text-decoration-none text-strikethrough-none\">Les demandes sont examin\u00e9es au fur et \u00e0 mesure. Une fois approuv\u00e9es, les factures relatives aux cotisations seront \u00e9mises chaque ann\u00e9e. Les adh\u00e9sions sont valables pour une ann\u00e9e civile et sont renouvelables apr\u00e8s paiement.<\/span><span class=\"a_GcMg font-feature-liga-off font-feature-clig-off font-feature-calt-off text-decoration-none text-strikethrough-none white-space-prewrap\"> <\/span><\/p>\n<p class=\"cvGsUA direction-ltr align-start para-style-body\"><span class=\"a_GcMg white-space-prewrap font-feature-liga-off font-feature-clig-off font-feature-calt-off text-decoration-none text-strikethrough-none\"> <\/span><\/p>\n<p class=\"cvGsUA direction-ltr align-start para-style-body\"><strong><span style=\"font-size: x-large;\"><span class=\"a_GcMg font-feature-liga-off font-feature-clig-off font-feature-calt-off text-decoration-none text-strikethrough-none\">Contact<\/span><span class=\"a_GcMg font-feature-liga-off font-feature-clig-off font-feature-calt-off text-decoration-none text-strikethrough-none white-space-prewrap\"> <\/span><\/span><\/strong><\/p>\n<p class=\"cvGsUA direction-ltr align-start para-style-body\"><span class=\"a_GcMg font-feature-liga-off font-feature-clig-off font-feature-calt-off text-decoration-none text-strikethrough-none\">Union des municipalit\u00e9s du Nouveau-Brunswick (UMNB)<\/span><span class=\"a_GcMg font-feature-liga-off font-feature-clig-off font-feature-calt-off text-decoration-none text-strikethrough-none white-space-prewrap\"> <\/span><\/p>\n<p class=\"cvGsUA direction-ltr align-start para-style-body\"><span class=\"a_GcMg font-feature-liga-off font-feature-clig-off font-feature-calt-off text-decoration-none text-strikethrough-none\">Courriel : <\/span><span class=\"a_GcMg font-feature-liga-off font-feature-clig-off font-feature-calt-off text-decoration-none text-strikethrough-none\">info@umnb.ca<\/span><span class=\"a_GcMg font-feature-liga-off font-feature-clig-off font-feature-calt-off text-decoration-none text-strikethrough-none white-space-prewrap\"> <\/span><\/p>\n<p class=\"cvGsUA direction-ltr align-start para-style-body\"><span class=\"a_GcMg font-feature-liga-off font-feature-clig-off font-feature-calt-off text-decoration-none text-strikethrough-none\">T\u00e9l\u00e9phone : <\/span><span class=\"a_GcMg font-feature-liga-off font-feature-clig-off font-feature-calt-off text-decoration-none text-strikethrough-none\">(506) 444 2285<\/span><span class=\"a_GcMg font-feature-liga-off font-feature-clig-off font-feature-calt-off text-decoration-none text-strikethrough-none white-space-prewrap\"> <\/span><\/p>\n<p>[\/et_pb_text][\/et_pb_column][\/et_pb_row][\/et_pb_section]<\/p>\n","protected":false},"excerpt":{"rendered":"<p>Membre associ\u00e9L&rsquo;Union des municipalit\u00e9s du Nouveau-Brunswick (UMNB) a lanc\u00e9 une nouvelle cat\u00e9gorie de Membres Associ\u00e9s afin de permettre \u00e0 ses partenaires et sympathisants de renforcer l&rsquo;Union. En tant que membre associ\u00e9, vous b\u00e9n\u00e9ficierez de nombreux avantages, notamment : Tarifs pr\u00e9f\u00e9rentiels pour les \u00e9v\u00e9nements de l&rsquo;UMNB Acc\u00e8s \u00e0 \u00ab The Bulletin \u00bb, le bulletin d&rsquo;information exclusif [&hellip;]<\/p>\n","protected":false},"author":2,"featured_media":0,"parent":0,"menu_order":0,"comment_status":"closed","ping_status":"closed","template":"","meta":{"_et_pb_use_builder":"on","_et_pb_old_content":"","_et_gb_content_width":"","footnotes":""},"class_list":["post-13862","page","type-page","status-publish","hentry"],"_links":{"self":[{"href":"https:\/\/umnb.ca\/fr\/wp-json\/wp\/v2\/pages\/13862\/"}],"collection":[{"href":"https:\/\/umnb.ca\/fr\/wp-json\/wp\/v2\/pages\/"}],"about":[{"href":"https:\/\/umnb.ca\/fr\/wp-json\/wp\/v2\/types\/page\/"}],"author":[{"embeddable":true,"href":"https:\/\/umnb.ca\/fr\/wp-json\/wp\/v2\/users\/2\/"}],"replies":[{"embeddable":true,"href":"https:\/\/umnb.ca\/fr\/wp-json\/wp\/v2\/comments\/?post=13862"}],"version-history":[{"count":6,"href":"https:\/\/umnb.ca\/fr\/wp-json\/wp\/v2\/pages\/13862\/revisions\/"}],"predecessor-version":[{"id":13940,"href":"https:\/\/umnb.ca\/fr\/wp-json\/wp\/v2\/pages\/13862\/revisions\/13940\/"}],"wp:attachment":[{"href":"https:\/\/umnb.ca\/fr\/wp-json\/wp\/v2\/media\/?parent=13862"}],"curies":[{"name":"wp","href":"https:\/\/api.w.org\/{rel}","templated":true}]}}