{"id":12669,"date":"2025-02-26T12:19:53","date_gmt":"2025-02-26T12:19:53","guid":{"rendered":"https:\/\/umnb.ca\/?page_id=12669"},"modified":"2026-03-03T19:51:02","modified_gmt":"2026-03-03T19:51:02","slug":"consultationsprebudgetaires","status":"publish","type":"page","link":"https:\/\/umnb.ca\/fr\/consultationsprebudgetaires\/","title":{"rendered":"Consultations Pr\u00e9budg\u00e9taires"},"content":{"rendered":"<p>[et_pb_section fb_built=\u00a0\u00bb1&Prime; admin_label=\u00a0\u00bbHeader\u00a0\u00bb _builder_version=\u00a0\u00bb4.20.2&Prime; use_background_color_gradient=\u00a0\u00bbon\u00a0\u00bb background_color_gradient_type=\u00a0\u00bbcircular\u00a0\u00bb background_color_gradient_direction_radial=\u00a0\u00bbtop left\u00a0\u00bb background_color_gradient_stops=\u00a0\u00bbrgba(255,255,255,0.89) 30%|rgba(255,255,255,0) 80%\u00a0\u00bb background_color_gradient_overlays_image=\u00a0\u00bbon\u00a0\u00bb background_color_gradient_start=\u00a0\u00bbrgba(255,255,255,0.89)\u00a0\u00bb background_color_gradient_start_position=\u00a0\u00bb30%\u00a0\u00bb background_color_gradient_end=\u00a0\u00bbrgba(255,255,255,0)\u00a0\u00bb background_color_gradient_end_position=\u00a0\u00bb80%\u00a0\u00bb background_image=\u00a0\u00bbhttps:\/\/umnb.ca\/wp-content\/uploads\/2025\/02\/maple-hills-field-home-banner.jpg\u00a0\u00bb custom_padding=\u00a0\u00bb8vw|0px|280px|0px|false|false\u00a0\u00bb global_colors_info=\u00a0\u00bb{}\u00a0\u00bb][et_pb_row _builder_version=\u00a0\u00bb4.16&Prime; global_colors_info=\u00a0\u00bb{}\u00a0\u00bb][et_pb_column type=\u00a0\u00bb4_4&Prime; _builder_version=\u00a0\u00bb4.16&Prime; custom_padding=\u00a0\u00bb|||\u00a0\u00bb global_colors_info=\u00a0\u00bb{}\u00a0\u00bb custom_padding__hover=\u00a0\u00bb|||\u00a0\u00bb][et_pb_text _builder_version=\u00a0\u00bb4.20.2&Prime; text_font=\u00a0\u00bb||||||||\u00a0\u00bb header_font=\u00a0\u00bbRaleway|700|||||||\u00a0\u00bb header_font_size=\u00a0\u00bb80px\u00a0\u00bb header_line_height=\u00a0\u00bb1.2em\u00a0\u00bb header_5_font=\u00a0\u00bbRaleway|700||on|||||\u00a0\u00bb header_5_text_color=\u00a0\u00bb#000000&Prime; header_5_font_size=\u00a0\u00bb20px\u00a0\u00bb header_5_letter_spacing=\u00a0\u00bb0.5em\u00a0\u00bb header_5_line_height=\u00a0\u00bb1.8em\u00a0\u00bb animation_style=\u00a0\u00bbzoom\u00a0\u00bb animation_intensity_zoom=\u00a0\u00bb5%\u00a0\u00bb header_font_size_tablet=\u00a0\u00bb48px\u00a0\u00bb header_font_size_phone=\u00a0\u00bb32px\u00a0\u00bb header_font_size_last_edited=\u00a0\u00bbon|phone\u00a0\u00bb header_5_font_size_tablet=\u00a0\u00bb14px\u00a0\u00bb header_5_font_size_phone=\u00a0\u00bb12px\u00a0\u00bb header_5_font_size_last_edited=\u00a0\u00bbon|desktop\u00a0\u00bb global_colors_info=\u00a0\u00bb{}\u00a0\u00bb]<\/p>\n<h5><\/h5>\n<h1><span class=\"OYPEnA font-feature-liga-off font-feature-clig-off font-feature-calt-off text-decoration-none text-strikethrough-none\">Consultations Pr\u00e9budg\u00e9taires<\/span><\/h1>\n<p>[\/et_pb_text][\/et_pb_column][\/et_pb_row][\/et_pb_section][et_pb_section fb_built=\u00a0\u00bb1&Prime; admin_label=\u00a0\u00bbBlog\u00a0\u00bb _builder_version=\u00a0\u00bb4.16&Prime; background_color=\u00a0\u00bb#ffffff\u00a0\u00bb max_width=\u00a0\u00bb90%\u00a0\u00bb max_width_tablet=\u00a0\u00bb\u00a0\u00bb max_width_phone=\u00a0\u00bb100%\u00a0\u00bb max_width_last_edited=\u00a0\u00bbon|phone\u00a0\u00bb custom_margin=\u00a0\u00bb-160px|||\u00a0\u00bb border_color_all=\u00a0\u00bb#ffffff\u00a0\u00bb border_width_left=\u00a0\u00bb10vw\u00a0\u00bb global_colors_info=\u00a0\u00bb{}\u00a0\u00bb][et_pb_row column_structure=\u00a0\u00bb1_3,2_3&Prime; _builder_version=\u00a0\u00bb4.20.2&Prime; _module_preset=\u00a0\u00bbdefault\u00a0\u00bb global_colors_info=\u00a0\u00bb{}\u00a0\u00bb][et_pb_column type=\u00a0\u00bb1_3&Prime; _builder_version=\u00a0\u00bb4.20.2&Prime; _module_preset=\u00a0\u00bbdefault\u00a0\u00bb global_colors_info=\u00a0\u00bb{}\u00a0\u00bb][et_pb_image src=\u00a0\u00bbhttps:\/\/umnb.ca\/wp-content\/uploads\/2026\/03\/UMNB2026-Soumissions-prebudgetaire-FR.png\u00a0\u00bb title_text=\u00a0\u00bbUMNB2026 &#8211; Soumissions pre\u0301budge\u0301taire (FR)\u00a0\u00bb url=\u00a0\u00bbhttps:\/\/umnb.ca\/wp-content\/uploads\/2026\/03\/UMNB2026-Soumissions-prebudgetaire-FR.pdf\u00a0\u00bb _builder_version=\u00a0\u00bb4.20.2&Prime; _module_preset=\u00a0\u00bbdefault\u00a0\u00bb custom_padding=\u00a0\u00bb|0px||||\u00a0\u00bb hover_enabled=\u00a0\u00bb0&Prime; global_colors_info=\u00a0\u00bb{}\u00a0\u00bb sticky_enabled=\u00a0\u00bb0&Prime;][\/et_pb_image][\/et_pb_column][et_pb_column type=\u00a0\u00bb2_3&Prime; _builder_version=\u00a0\u00bb4.20.2&Prime; _module_preset=\u00a0\u00bbdefault\u00a0\u00bb global_colors_info=\u00a0\u00bb{}\u00a0\u00bb][et_pb_text _builder_version=\u00a0\u00bb4.20.2&Prime; _module_preset=\u00a0\u00bbdefault\u00a0\u00bb text_font=\u00a0\u00bb|300|||||||\u00a0\u00bb text_font_size=\u00a0\u00bb21px\u00a0\u00bb text_line_height=\u00a0\u00bb1em\u00a0\u00bb global_colors_info=\u00a0\u00bb{}\u00a0\u00bb]<\/p>\n<p><span style=\"font-size: xx-large; color: #472426;\"><strong><span class=\"OYPEnA font-feature-liga-off font-feature-clig-off font-feature-calt-off text-decoration-none text-strikethrough-none\">Consultations Pr\u00e9budg\u00e9taires 2026<\/span><\/strong><\/span><\/p>\n<p><span style=\"font-size: medium;\">L&rsquo;Union des municipalit\u00e9s du Nouveau-Brunswick, une organisation forte de 60 municipalit\u00e9s membres, a soumis cinq recommandations pour le prochain budget provincial 2026-2027 qui contribueront \u00e0 la r\u00e9alisation des objectifs du gouvernement du Nouveau-Brunswick au niveau local. <a href=\"https:\/\/umnb.ca\/wp-content\/uploads\/2026\/03\/UMNB2026-Soumissions-prebudgetaire-FR.pdf\"><b>Vous pouvez lire la soumission compl\u00e8te, ICI.<\/b><\/a><\/span><\/p>\n<p class=\"cvGsUA direction-ltr align-start para-style-body\"><span style=\"color: #472426;\"><strong><span style=\"font-size: medium;\"><span class=\"OYPEnA font-feature-liga-off font-feature-clig-off font-feature-calt-off text-decoration-none text-strikethrough-none\">Recommandations avant le budget provincial 2026 &#8211; 2027<\/span><\/span><\/strong><\/span><\/p>\n<p class=\"cvGsUA direction-ltr align-start para-style-body\"><span style=\"font-size: medium;\"><span class=\"a_GcMg font-feature-liga-off font-feature-clig-off font-feature-calt-off text-decoration-none text-strikethrough-none\"><strong>Recommandation #1 :<\/strong> <\/span><span class=\"a_GcMg font-feature-liga-off font-feature-clig-off font-feature-calt-off text-decoration-none text-strikethrough-none\">Que le gouvernement provincial s\u2019engage \u00e0 doubler les fonds provinciaux existants fournis aux gouvernements locaux en mati\u00e8re de logement et d\u2019infrastructure, afin de maintenir le rythme de d\u00e9veloppement n\u00e9cessaire.<\/span><span class=\"a_GcMg font-feature-liga-off font-feature-clig-off font-feature-calt-off text-decoration-none text-strikethrough-none white-space-prewrap\"> <\/span><\/span><\/p>\n<p class=\"cvGsUA direction-ltr align-start para-style-body\"><span style=\"font-size: medium;\"><strong><span class=\"a_GcMg font-feature-liga-off font-feature-clig-off font-feature-calt-off text-decoration-none text-strikethrough-none\">Recommandation #2 : <\/span><\/strong><span class=\"a_GcMg font-feature-liga-off font-feature-clig-off font-feature-calt-off text-decoration-none text-strikethrough-none\">Que le gouvernement provincial s\u2019engage \u00e0 mettre \u00e0 jour et \u00e0 rendre op\u00e9rationnelle la strat\u00e9gie \u00ab Des surfaces aux services; une strat\u00e9gie de transport inclusive et durable pour la province du Nouveau-Brunswick, 2017-2037 \u00bb afin de rem\u00e9dier \u00e0 l\u2019insuffisance du transport dans nos collectivit\u00e9s locales.<\/span><\/span><\/p>\n<p class=\"cvGsUA direction-ltr align-start para-style-body\"><span style=\"font-size: medium;\"><strong><span class=\"a_GcMg font-feature-liga-off font-feature-clig-off font-feature-calt-off text-decoration-none text-strikethrough-none\">Recommandation #3 : <\/span><\/strong><span class=\"a_GcMg font-feature-liga-off font-feature-clig-off font-feature-calt-off text-decoration-none text-strikethrough-none\">Que le gouvernement provincial s\u2019engage \u00e0 l\u2019endroit d\u2019un fonds consacr\u00e9 au gouvernement num\u00e9rique et au partage des services afin d\u2019aider les gouvernements locaux \u00e0 construire et adapter leur capacit\u00e9 num\u00e9rique en mati\u00e8re d\u2019infrastructure, dans un espace technologique en \u00e9volution constante.<\/span><\/span><\/p>\n<p class=\"cvGsUA direction-ltr align-start para-style-body\"><span style=\"font-size: medium;\"><strong><span class=\"a_GcMg font-feature-liga-off font-feature-clig-off font-feature-calt-off text-decoration-none text-strikethrough-none\">Recommandation #4 : <\/span><\/strong><span class=\"a_GcMg font-feature-liga-off font-feature-clig-off font-feature-calt-off text-decoration-none text-strikethrough-none\">Que le gouvernement provincial s\u2019engage \u00e0 l\u2019endroit d\u2019un fonds municipal d\u2019adaptation et d\u2019att\u00e9nuation climatique pour tous les gouvernements locaux afin de les aider \u00e0 entreprendre les actions n\u00e9cessaires sur le terrain concernant le climat, incluant leur int\u00e9gration dans la gestion des actifs et de l\u2019infrastructure.<\/span><\/span><\/p>\n<p class=\"cvGsUA direction-ltr align-start para-style-body\"><span style=\"font-size: medium;\"><strong><span class=\"a_GcMg font-feature-liga-off font-feature-clig-off font-feature-calt-off text-decoration-none text-strikethrough-none\">Recommandation #5 : <\/span><\/strong><span class=\"a_GcMg font-feature-liga-off font-feature-clig-off font-feature-calt-off text-decoration-none text-strikethrough-none\">Qu\u2019on permette \u00e0 l\u2019UMNB d\u2019\u00e9largir ses services afin de soutenir les gouvernements locaux et de les aider \u00e0 construire leur capacit\u00e9 interne.<\/span><\/span><span class=\"a_GcMg font-feature-liga-off font-feature-clig-off font-feature-calt-off text-decoration-none text-strikethrough-none white-space-prewrap\"> <\/span><\/p>\n<p><span style=\"color: #993300;\"><\/span><\/p>\n<p>&nbsp;<\/p>\n<p>[\/et_pb_text][\/et_pb_column][\/et_pb_row][\/et_pb_section]<\/p>\n","protected":false},"excerpt":{"rendered":"<p>Consultations Pr\u00e9budg\u00e9tairesConsultations Pr\u00e9budg\u00e9taires 2026 L&rsquo;Union des municipalit\u00e9s du Nouveau-Brunswick, une organisation forte de 60 municipalit\u00e9s membres, a soumis cinq recommandations pour le prochain budget provincial 2026-2027 qui contribueront \u00e0 la r\u00e9alisation des objectifs du gouvernement du Nouveau-Brunswick au niveau local. Vous pouvez lire la soumission compl\u00e8te, ICI. Recommandations avant le budget provincial 2026 &#8211; 2027 [&hellip;]<\/p>\n","protected":false},"author":2,"featured_media":0,"parent":0,"menu_order":0,"comment_status":"closed","ping_status":"closed","template":"","meta":{"_et_pb_use_builder":"on","_et_pb_old_content":"","_et_gb_content_width":"","footnotes":""},"class_list":["post-12669","page","type-page","status-publish","hentry"],"_links":{"self":[{"href":"https:\/\/umnb.ca\/fr\/wp-json\/wp\/v2\/pages\/12669\/"}],"collection":[{"href":"https:\/\/umnb.ca\/fr\/wp-json\/wp\/v2\/pages\/"}],"about":[{"href":"https:\/\/umnb.ca\/fr\/wp-json\/wp\/v2\/types\/page\/"}],"author":[{"embeddable":true,"href":"https:\/\/umnb.ca\/fr\/wp-json\/wp\/v2\/users\/2\/"}],"replies":[{"embeddable":true,"href":"https:\/\/umnb.ca\/fr\/wp-json\/wp\/v2\/comments\/?post=12669"}],"version-history":[{"count":4,"href":"https:\/\/umnb.ca\/fr\/wp-json\/wp\/v2\/pages\/12669\/revisions\/"}],"predecessor-version":[{"id":13820,"href":"https:\/\/umnb.ca\/fr\/wp-json\/wp\/v2\/pages\/12669\/revisions\/13820\/"}],"wp:attachment":[{"href":"https:\/\/umnb.ca\/fr\/wp-json\/wp\/v2\/media\/?parent=12669"}],"curies":[{"name":"wp","href":"https:\/\/api.w.org\/{rel}","templated":true}]}}