{"id":118,"date":"2019-01-31T18:42:12","date_gmt":"2019-01-31T18:42:12","guid":{"rendered":"https:\/\/umnb.ca\/fr\/politiques\/"},"modified":"2021-11-22T16:59:22","modified_gmt":"2021-11-22T16:59:22","slug":"politiques","status":"publish","type":"page","link":"https:\/\/umnb.ca\/fr\/politiques\/","title":{"rendered":"Politiques et r\u00e8glements administratifs"},"content":{"rendered":"<p>[et_pb_section fb_built=\u00a0\u00bb1&Prime; admin_label=\u00a0\u00bbHeader\u00a0\u00bb _builder_version=\u00a0\u00bb3.22&Prime; use_background_color_gradient=\u00a0\u00bbon\u00a0\u00bb background_color_gradient_start=\u00a0\u00bbrgba(255,255,255,0.89)\u00a0\u00bb background_color_gradient_end=\u00a0\u00bbrgba(255,255,255,0)\u00a0\u00bb background_color_gradient_type=\u00a0\u00bbradial\u00a0\u00bb background_color_gradient_direction_radial=\u00a0\u00bbtop left\u00a0\u00bb background_color_gradient_start_position=\u00a0\u00bb30%\u00a0\u00bb background_color_gradient_end_position=\u00a0\u00bb80%\u00a0\u00bb background_color_gradient_overlays_image=\u00a0\u00bbon\u00a0\u00bb background_image=\u00a0\u00bbhttps:\/\/umnb.ca\/wp-content\/uploads\/2019\/02\/20160201_175928_Pano.jpg\u00a0\u00bb custom_padding=\u00a0\u00bb8vw|0px|280px|0px|false|false\u00a0\u00bb global_colors_info=\u00a0\u00bb{}\u00a0\u00bb][et_pb_row _builder_version=\u00a0\u00bb3.25&Prime; global_colors_info=\u00a0\u00bb{}\u00a0\u00bb][et_pb_column type=\u00a0\u00bb4_4&Prime; _builder_version=\u00a0\u00bb3.25&Prime; custom_padding=\u00a0\u00bb|||\u00a0\u00bb global_colors_info=\u00a0\u00bb{}\u00a0\u00bb custom_padding__hover=\u00a0\u00bb|||\u00a0\u00bb][et_pb_text _builder_version=\u00a0\u00bb3.27.4&Prime; text_font=\u00a0\u00bb||||||||\u00a0\u00bb header_font=\u00a0\u00bbRaleway|700|||||||\u00a0\u00bb header_font_size=\u00a0\u00bb80px\u00a0\u00bb header_line_height=\u00a0\u00bb1.2em\u00a0\u00bb header_5_font=\u00a0\u00bbRaleway|700||on|||||\u00a0\u00bb header_5_text_color=\u00a0\u00bb#000000&Prime; header_5_font_size=\u00a0\u00bb20px\u00a0\u00bb header_5_letter_spacing=\u00a0\u00bb0.5em\u00a0\u00bb header_5_line_height=\u00a0\u00bb1.8em\u00a0\u00bb animation_style=\u00a0\u00bbzoom\u00a0\u00bb animation_intensity_zoom=\u00a0\u00bb5%\u00a0\u00bb header_font_size_tablet=\u00a0\u00bb48px\u00a0\u00bb header_font_size_phone=\u00a0\u00bb32px\u00a0\u00bb header_font_size_last_edited=\u00a0\u00bbon|phone\u00a0\u00bb header_5_font_size_tablet=\u00a0\u00bb14px\u00a0\u00bb header_5_font_size_phone=\u00a0\u00bb12px\u00a0\u00bb header_5_font_size_last_edited=\u00a0\u00bbon|desktop\u00a0\u00bb global_colors_info=\u00a0\u00bb{}\u00a0\u00bb]<\/p>\n<h5>\u00c0 PROPOS DE UMNB<\/h5>\n<h1>Politiques et r\u00e8glements administratifs<\/h1>\n<p>[\/et_pb_text][\/et_pb_column][\/et_pb_row][\/et_pb_section][et_pb_section fb_built=\u00a0\u00bb1&Prime; admin_label=\u00a0\u00bbBlog\u00a0\u00bb _builder_version=\u00a0\u00bb3.22&Prime; background_color=\u00a0\u00bb#ffffff\u00a0\u00bb max_width=\u00a0\u00bb90%\u00a0\u00bb max_width_tablet=\u00a0\u00bb\u00a0\u00bb max_width_phone=\u00a0\u00bb100%\u00a0\u00bb max_width_last_edited=\u00a0\u00bbon|phone\u00a0\u00bb custom_margin=\u00a0\u00bb-160px|||\u00a0\u00bb border_color_all=\u00a0\u00bb#ffffff\u00a0\u00bb border_width_left=\u00a0\u00bb10vw\u00a0\u00bb global_colors_info=\u00a0\u00bb{}\u00a0\u00bb][et_pb_row _builder_version=\u00a0\u00bb3.25&Prime; global_colors_info=\u00a0\u00bb{}\u00a0\u00bb][et_pb_column type=\u00a0\u00bb4_4&Prime; _builder_version=\u00a0\u00bb3.25&Prime; custom_padding=\u00a0\u00bb|||\u00a0\u00bb global_colors_info=\u00a0\u00bb{}\u00a0\u00bb custom_padding__hover=\u00a0\u00bb|||\u00a0\u00bb][et_pb_text admin_label=\u00a0\u00bbText\u00a0\u00bb _builder_version=\u00a0\u00bb3.27.4&Prime; background_size=\u00a0\u00bbinitial\u00a0\u00bb background_position=\u00a0\u00bbtop_left\u00a0\u00bb background_repeat=\u00a0\u00bbrepeat\u00a0\u00bb global_colors_info=\u00a0\u00bb{}\u00a0\u00bb]<\/p>\n<p><a href=\"https:\/\/umnb.ca\/wp-content\/uploads\/2019\/03\/UMNB-Re%CC%80glements-administratif-2018-FR.pdf\">Reglements administratifs de l&rsquo;UMNB (2018)<\/a><\/p>\n<p>En cas de contradiction entre les statuts et les politiques, les statuts pr\u00e9valent.<\/p>\n<p>&nbsp;<\/p>\n<p><strong>POLITIQUES<\/strong><\/p>\n<p><a href=\"https:\/\/umnb.ca\/wp-content\/uploads\/2020\/01\/Policy-95-01-AGM-Annual-General-Meeting-AGA-lassemble\u0301e-ge\u0301ne\u0301rale-annuelle.pdf\"><strong>95-01<\/strong><\/a> AGA l&rsquo;assembl\u00e9e g\u00e9n\u00e9rale annuelle &#8211; AGM Annual General Meeting<\/p>\n<p><a href=\"https:\/\/umnb.ca\/wp-content\/uploads\/2020\/01\/Policy-95-02-Appointments-Nominations.pdf\"><strong>95-02<\/strong><\/a> Nominations &#8211; Appointments<\/p>\n<p><strong><a href=\"https:\/\/umnb.ca\/wp-content\/uploads\/2020\/01\/Policy-95-03-Awards-Prix.pdf\">95-03<\/a><\/strong> Prix &#8211; Awards<\/p>\n<p><a href=\"https:\/\/umnb.ca\/wp-content\/uploads\/2020\/01\/Policy-95-04-Board-Representation-Repre\u0301sentation-au-conseil-dadministration.pdf\"><strong>95-04<\/strong><\/a> Repr\u00e9sentation au conseil d&rsquo;administration &#8211; Board Representation<\/p>\n<p><a href=\"https:\/\/umnb.ca\/wp-content\/uploads\/2020\/01\/Policy-95-05-Donations-Dons.pdf\"><strong>95-05<\/strong><\/a> Dons &#8211; Donations<\/p>\n<p><a href=\"https:\/\/umnb.ca\/wp-content\/uploads\/2020\/01\/Policy-95-06-Executive-Director-Directeur-generale.pdf\"><strong>95-06<\/strong><\/a> Directeur.trice g\u00e9n\u00e9rale &#8211; Executive Director<\/p>\n<p><a href=\"https:\/\/umnb.ca\/wp-content\/uploads\/2020\/01\/Policy-95-07-FCM-Representative-Meetings-Re\u0301presentative-des-re\u0301unions-FCM.pdf\"><strong>95-07<\/strong><\/a> R\u00e9presentative des r\u00e9unions FCM &#8211; FCM Representative Meetings<\/p>\n<p><a href=\"https:\/\/umnb.ca\/wp-content\/uploads\/2020\/01\/Policy-95-08-No-Smoking-Environment-Milieu-sans-fume\u0301e.pdf\"><strong>95-08<\/strong><\/a> Milieu sans fum\u00e9e &#8211; No Smoking Environment<\/p>\n<p><a href=\"https:\/\/umnb.ca\/wp-content\/uploads\/2020\/01\/Policy-95-09-Presentation-of-Resolutions-Pre\u0301sentation-des-re\u0301solutions.pdf\"><strong>95-09<\/strong><\/a> Pr\u00e9sentation des r\u00e9solutions &#8211; Presentation of Resolutions<\/p>\n<p><a href=\"https:\/\/umnb.ca\/wp-content\/uploads\/2020\/01\/Policy-95-10-Publicity-Advertising-Communications-Publicite\u0301-promotion-et-communications.pdf\"><strong>95-10<\/strong><\/a> Publicit\u00e9, promotion et communities &#8211; Publicity, Advertising, Communications<\/p>\n<p><a href=\"https:\/\/umnb.ca\/wp-content\/uploads\/2020\/01\/Policy-95-11-Spending-Authorization-Purchases-Autorisation-des-achats.pdf\"><strong>95-11<\/strong><\/a> Autorisation des achats &#8211; Spending Authorization Purchases<\/p>\n<p><a href=\"https:\/\/umnb.ca\/wp-content\/uploads\/2021\/11\/Policy-95-12-Reimbursement-of-Expenses-Remboursement-des-de%CC%81penses.pdf\"><strong>95-12<\/strong><\/a> Remboursement des d\u00e9penses &#8211; Reimbursement of Expenses<\/p>\n<p><a href=\"https:\/\/umnb.ca\/wp-content\/uploads\/2020\/01\/Policy-95-13-Resolutions-Policies-Constitution-Committee-Comite\u0301-des-re\u0301solutions-politique-statuts.pdf\"><strong>95-13<\/strong><\/a> Comit\u00e9 des r\u00e9solutions politique status &#8211; Resolutions Policies Constitution Committee<\/p>\n<p><a href=\"https:\/\/umnb.ca\/wp-content\/uploads\/2020\/01\/Policy-96-01-Media-Advisory-Committee-Comite\u0301-consultatif-des-me\u0301dias.pdf\"><strong>96-01<\/strong><\/a> Comit\u00e9 consultatif des m\u00e9dias &#8211; Media Advisory Committee<\/p>\n<p><a href=\"https:\/\/umnb.ca\/wp-content\/uploads\/2020\/01\/Policy-96-02-Nominating-Committee-Comite\u0301-des-candidatures.pdf\"><strong>96-02<\/strong><\/a> Comit\u00e9 des candidatures &#8211; Nominating Committee<\/p>\n<p>[\/et_pb_text][\/et_pb_column][\/et_pb_row][\/et_pb_section]<\/p>\n","protected":false},"excerpt":{"rendered":"<p>\u00c0 PROPOS DE UMNB Politiques et r\u00e8glements administratifsReglements administratifs de l&rsquo;UMNB (2018) En cas de contradiction entre les statuts et les politiques, les statuts pr\u00e9valent. &nbsp; POLITIQUES 95-01 AGA l&rsquo;assembl\u00e9e g\u00e9n\u00e9rale annuelle &#8211; AGM Annual General Meeting 95-02 Nominations &#8211; Appointments 95-03 Prix &#8211; Awards 95-04 Repr\u00e9sentation au conseil d&rsquo;administration &#8211; Board Representation 95-05 Dons [&hellip;]<\/p>\n","protected":false},"author":1,"featured_media":0,"parent":0,"menu_order":0,"comment_status":"open","ping_status":"closed","template":"","meta":{"_et_pb_use_builder":"on","_et_pb_old_content":"<a class=\"pdf\" href=\"http:\/\/www.umnb.ca\/newsite\/wp-content\/uploads\/2014\/05\/95-01-general_meeting.pdf\">95-01-general_meeting Assembl\u00e9e g\u00e9n\u00e9rale<\/a>\r\n\r\n<a class=\"pdf\" href=\"http:\/\/www.umnb.ca\/newsite\/wp-content\/uploads\/2014\/05\/95-02-nominations.pdf\">95-02-Appointments - nominations<\/a>\r\n\r\n<a class=\"pdf\" href=\"http:\/\/www.umnb.ca\/newsite\/wp-content\/uploads\/2018\/10\/95-03-a-1.pdf\">95-03 - Awards<\/a>\r\n\r\n<a class=\"pdf\" href=\"http:\/\/www.umnb.ca\/newsite\/wp-content\/uploads\/2014\/05\/95-03a2-F-prix.pdf\">95-03-prix<\/a>\r\n\r\n<a class=\"pdf\" href=\"http:\/\/www.umnb.ca\/newsite\/wp-content\/uploads\/2014\/05\/95-04-board_represent.pdf\">95-04-board_represent-Repr\u00e9sentation au conseil<\/a>\r\n\r\n<a class=\"pdf\" href=\"http:\/\/www.umnb.ca\/newsite\/wp-content\/uploads\/2014\/05\/95-05-donations.pdf\">95-05-donations - Dons<\/a>\r\n\r\n<a class=\"pdf\" href=\"http:\/\/www.umnb.ca\/newsite\/wp-content\/uploads\/2014\/05\/95-06-executifDirector.pdf\">95-06-executive Director - Directeur general<\/a>\r\n\r\n<a class=\"pdf\" href=\"http:\/\/www.umnb.ca\/newsite\/wp-content\/uploads\/2014\/05\/95-07-FCM.pdf\">95-07-FCM<\/a>\r\n\r\n<a class=\"pdf\" href=\"http:\/\/www.umnb.ca\/newsite\/wp-content\/uploads\/2014\/05\/95-08-F-no_smoking.pdf\">95-08-F -no_smoking Milieu sans fum\u00e9e<\/a>\r\n\r\n<a class=\"pdf\" href=\"http:\/\/www.umnb.ca\/newsite\/wp-content\/uploads\/2014\/05\/95-09-presentation_resolution.pdf\">95-09-presentation_resolution<\/a>\r\n\r\n<a class=\"pdf\" href=\"http:\/\/www.umnb.ca\/newsite\/wp-content\/uploads\/2014\/05\/95-10-publicity.pdf\">95-10-publicity - publicit\u00e9<\/a>\r\n\r\n<a class=\"pdf\" href=\"http:\/\/www.umnb.ca\/newsite\/wp-content\/uploads\/2014\/05\/95-11-purchases.pdf\">95-11-purchases - Achats<\/a>\r\n\r\n<a class=\"pdf\" href=\"http:\/\/www.umnb.ca\/newsite\/wp-content\/uploads\/2014\/05\/95-12-reimbursement-of-expenses-remboursement-des-d\u00e9penses.doc\">95-12-reimbursement of expenses - remboursement des d\u00e9penses<\/a>\r\n\r\n<a class=\"pdf\" href=\"http:\/\/www.umnb.ca\/newsite\/wp-content\/uploads\/2014\/05\/95-13-Resolutions-Policies-Constitution-R\u00e9solutions-politiques-status1.doc\">95-13-Resolutions-Policies-Constitution R\u00e9solutions-politiques-status<\/a>\r\n\r\n<a class=\"pdf\" href=\"http:\/\/www.umnb.ca\/newsite\/wp-content\/uploads\/2014\/05\/96-01-media.doc\">96-01-media<\/a>\r\n\r\n<a class=\"pdf\" href=\"http:\/\/www.umnb.ca\/newsite\/wp-content\/uploads\/2014\/05\/96-02-Nominating-Committee-Comit\u00e9-des-Candidature.doc\">96-02 Nominating Committee - Comit\u00e9 des Candidature<\/a>","_et_gb_content_width":"","footnotes":""},"class_list":["post-118","page","type-page","status-publish","hentry"],"_links":{"self":[{"href":"https:\/\/umnb.ca\/fr\/wp-json\/wp\/v2\/pages\/118\/"}],"collection":[{"href":"https:\/\/umnb.ca\/fr\/wp-json\/wp\/v2\/pages\/"}],"about":[{"href":"https:\/\/umnb.ca\/fr\/wp-json\/wp\/v2\/types\/page\/"}],"author":[{"embeddable":true,"href":"https:\/\/umnb.ca\/fr\/wp-json\/wp\/v2\/users\/1\/"}],"replies":[{"embeddable":true,"href":"https:\/\/umnb.ca\/fr\/wp-json\/wp\/v2\/comments\/?post=118"}],"version-history":[{"count":5,"href":"https:\/\/umnb.ca\/fr\/wp-json\/wp\/v2\/pages\/118\/revisions\/"}],"predecessor-version":[{"id":7335,"href":"https:\/\/umnb.ca\/fr\/wp-json\/wp\/v2\/pages\/118\/revisions\/7335\/"}],"wp:attachment":[{"href":"https:\/\/umnb.ca\/fr\/wp-json\/wp\/v2\/media\/?parent=118"}],"curies":[{"name":"wp","href":"https:\/\/api.w.org\/{rel}","templated":true}]}}