{"id":117,"date":"2019-01-31T18:42:12","date_gmt":"2019-01-31T18:42:12","guid":{"rendered":"https:\/\/umnb.ca\/fr\/a-propos-de-lumnb\/"},"modified":"2025-12-04T18:10:06","modified_gmt":"2025-12-04T18:10:06","slug":"a-propos-de-lumnb","status":"publish","type":"page","link":"https:\/\/umnb.ca\/fr\/a-propos-de-lumnb\/","title":{"rendered":"\u00c0 Propos de l&rsquo;UMNB"},"content":{"rendered":"<p>[et_pb_section fb_built=\u00a0\u00bb1&Prime; admin_label=\u00a0\u00bbHeader\u00a0\u00bb _builder_version=\u00a0\u00bb4.16&Prime; use_background_color_gradient=\u00a0\u00bbon\u00a0\u00bb background_color_gradient_type=\u00a0\u00bbcircular\u00a0\u00bb background_color_gradient_direction_radial=\u00a0\u00bbtop left\u00a0\u00bb background_color_gradient_stops=\u00a0\u00bbrgba(255,255,255,0.89) 30%|rgba(255,255,255,0) 80%\u00a0\u00bb background_color_gradient_overlays_image=\u00a0\u00bbon\u00a0\u00bb background_color_gradient_start=\u00a0\u00bbrgba(255,255,255,0.89)\u00a0\u00bb background_color_gradient_start_position=\u00a0\u00bb30%\u00a0\u00bb background_color_gradient_end=\u00a0\u00bbrgba(255,255,255,0)\u00a0\u00bb background_color_gradient_end_position=\u00a0\u00bb80%\u00a0\u00bb background_image=\u00a0\u00bbhttps:\/\/umnb.ca\/wp-content\/uploads\/2019\/04\/shutterstock_156828230.jpg\u00a0\u00bb custom_margin=\u00a0\u00bb|||\u00a0\u00bb custom_padding=\u00a0\u00bb8vw|0px|80px|0px|false|false\u00a0\u00bb locked=\u00a0\u00bboff\u00a0\u00bb global_colors_info=\u00a0\u00bb{}\u00a0\u00bb][et_pb_row _builder_version=\u00a0\u00bb4.16&Prime; global_colors_info=\u00a0\u00bb{}\u00a0\u00bb][et_pb_column type=\u00a0\u00bb4_4&Prime; _builder_version=\u00a0\u00bb4.16&Prime; custom_padding=\u00a0\u00bb|||\u00a0\u00bb global_colors_info=\u00a0\u00bb{}\u00a0\u00bb custom_padding__hover=\u00a0\u00bb|||\u00a0\u00bb][et_pb_text _builder_version=\u00a0\u00bb4.16&Prime; text_font=\u00a0\u00bb||||||||\u00a0\u00bb header_font=\u00a0\u00bbRaleway|700|||||||\u00a0\u00bb header_font_size=\u00a0\u00bb80px\u00a0\u00bb header_line_height=\u00a0\u00bb1.2em\u00a0\u00bb header_5_font=\u00a0\u00bbRaleway|700||on|||||\u00a0\u00bb header_5_text_color=\u00a0\u00bb#000000&Prime; header_5_font_size=\u00a0\u00bb20px\u00a0\u00bb header_5_letter_spacing=\u00a0\u00bb0.5em\u00a0\u00bb header_5_line_height=\u00a0\u00bb1.8em\u00a0\u00bb animation_style=\u00a0\u00bbzoom\u00a0\u00bb animation_intensity_zoom=\u00a0\u00bb5%\u00a0\u00bb header_font_size_tablet=\u00a0\u00bb48px\u00a0\u00bb header_font_size_phone=\u00a0\u00bb32px\u00a0\u00bb header_font_size_last_edited=\u00a0\u00bbon|phone\u00a0\u00bb header_5_font_size_tablet=\u00a0\u00bb14px\u00a0\u00bb header_5_font_size_phone=\u00a0\u00bb12px\u00a0\u00bb header_5_font_size_last_edited=\u00a0\u00bbon|desktop\u00a0\u00bb global_colors_info=\u00a0\u00bb{}\u00a0\u00bb]<\/p>\n<h5>\u00c0 Propos de<\/h5>\n<h1>l&rsquo;UMNB<\/h1>\n<p>[\/et_pb_text][\/et_pb_column][\/et_pb_row][\/et_pb_section][et_pb_section fb_built=\u00a0\u00bb1&Prime; admin_label=\u00a0\u00bbHistory\u00a0\u00bb _builder_version=\u00a0\u00bb4.16&Prime; global_colors_info=\u00a0\u00bb{}\u00a0\u00bb][et_pb_row _builder_version=\u00a0\u00bb4.16&Prime; locked=\u00a0\u00bboff\u00a0\u00bb global_colors_info=\u00a0\u00bb{}\u00a0\u00bb][et_pb_column type=\u00a0\u00bb4_4&Prime; _builder_version=\u00a0\u00bb4.16&Prime; custom_padding=\u00a0\u00bb|||\u00a0\u00bb global_colors_info=\u00a0\u00bb{}\u00a0\u00bb custom_padding__hover=\u00a0\u00bb|||\u00a0\u00bb][et_pb_text _builder_version=\u00a0\u00bb4.16&Prime; text_font=\u00a0\u00bb||||||||\u00a0\u00bb text_font_size=\u00a0\u00bb16px\u00a0\u00bb text_line_height=\u00a0\u00bb2em\u00a0\u00bb header_font=\u00a0\u00bb||||||||\u00a0\u00bb header_2_font=\u00a0\u00bbRaleway|700|||||||\u00a0\u00bb header_2_font_size=\u00a0\u00bb50px\u00a0\u00bb header_2_line_height=\u00a0\u00bb1.2em\u00a0\u00bb header_6_font=\u00a0\u00bbRaleway|700||on|||||\u00a0\u00bb header_6_font_size=\u00a0\u00bb16px\u00a0\u00bb header_6_letter_spacing=\u00a0\u00bb5px\u00a0\u00bb header_6_line_height=\u00a0\u00bb1.8em\u00a0\u00bb text_orientation=\u00a0\u00bbcenter\u00a0\u00bb max_width=\u00a0\u00bb700px\u00a0\u00bb module_alignment=\u00a0\u00bbcenter\u00a0\u00bb header_2_font_size_tablet=\u00a0\u00bb35px\u00a0\u00bb header_2_font_size_phone=\u00a0\u00bb25px\u00a0\u00bb header_2_font_size_last_edited=\u00a0\u00bbon|phone\u00a0\u00bb global_colors_info=\u00a0\u00bb{}\u00a0\u00bb]<\/p>\n<h2 style=\"text-align: left;\"><span style=\"font-size: xx-large;\">Qui nous sommes:<\/span><\/h2>\n<p style=\"text-align: justify;\">L&rsquo;Union des municipalit\u00e9s du Nouveau-Brunswick (UMNB) est une association bilingue de soixante collectivit\u00e9s locales de toutes tailles, repr\u00e9sentant plus de quatre-vingts pour cent de la population du Nouveau-Brunswick.<\/p>\n<p style=\"text-align: justify;\"><span>Depuis 1994, l\u2019UMNB milite pour des collectivit\u00e9s fortes et durables \u00e0 la grandeur de la province.\u00a0Nos membres d\u00e9terminent les politiques et les priorit\u00e9s de l\u2019UMNB au moyen de r\u00e9solutions adopt\u00e9es par les membres, lors des r\u00e9unions r\u00e9gionales de zones et de notre assembl\u00e9e g\u00e9n\u00e9rale annuelle. Nos membres unissent leurs efforts pour relever les d\u00e9fis locaux et \u00e9changent des solutions visant \u00e0 am\u00e9liorer la vie de leurs citoyens.<\/span><\/p>\n<p style=\"text-align: justify;\"><em><span style=\"font-weight: 400;\">La terre sur laquelle nous travaillons et nous nous rassemblons est le territoire traditionnel non c\u00e9d\u00e9 des peuples Wolastoqiyik (W\u0259last\u0259kewiyik \/ Maliseet), Mi\u2019kmaq et Peskotomuhkati, dont les anc\u00eatres ont sign\u00e9 des \u00ab\u00a0trait\u00e9s de paix et d\u2019amiti\u00e9\u00a0\u00bb avec la Couronne britannique dans les ann\u00e9es 1700. Ces trait\u00e9s reconnaissaient les titres ancestraux des peuples Mi\u2019kmaq et Wolastoqiyik et \u00e9tablissaient les r\u00e8gles de ce qui allait devenir une relation continue entre diverses nations.<\/span><\/em><em><\/em><\/p>\n<p style=\"text-align: justify;\"><em><span style=\"font-weight: 400;\">La reconnaissance de la terre est un protocole autochtone. La reconnaissance de la terre est un moyen d\u2019exprimer notre gratitude et notre appr\u00e9ciation \u00e0 l\u2019endroit des peuples sur le territoire desquels nous nous trouvons, et aussi d\u2019honorer les peuples autochtones qui vivent et travaillent sur ces terres depuis des temps imm\u00e9moriaux.\u00a0<\/span><\/em><\/p>\n<h2 style=\"text-align: left;\"><span style=\"font-size: xx-large;\">Notre mission :<\/span><\/h2>\n<p style=\"text-align: justify;\">S&rsquo;engager et collaborer avec toutes les municipalit\u00e9s du Nouveau-Brunswick pour b\u00e2tir des communaut\u00e9s dynamiques et durables en d\u00e9fendant les int\u00e9r\u00eats des membres et en leur fournissant des services utiles.<\/p>\n<p style=\"text-align: justify;\">\n<h2 style=\"text-align: left;\"><span style=\"font-size: xx-large;\">Notre vision :<\/span><\/h2>\n<p style=\"text-align: justify;\">Une organisation dirig\u00e9e par ses membres qui est la voix et l&rsquo;autorit\u00e9 des municipalit\u00e9s du Nouveau-Brunswick.<\/p>\n<p>[\/et_pb_text][\/et_pb_column][\/et_pb_row][\/et_pb_section][et_pb_section fb_built=\u00a0\u00bb1&Prime; admin_label=\u00a0\u00bbAccommodations\u00a0\u00bb _builder_version=\u00a0\u00bb4.16&Prime; use_background_color_gradient=\u00a0\u00bbon\u00a0\u00bb background_color_gradient_direction=\u00a0\u00bb0deg\u00a0\u00bb background_color_gradient_stops=\u00a0\u00bb#2f3a44 37%|rgba(47,58,68,0.55) 100%\u00a0\u00bb background_color_gradient_overlays_image=\u00a0\u00bbon\u00a0\u00bb background_color_gradient_start=\u00a0\u00bb#2f3a44&Prime; background_color_gradient_start_position=\u00a0\u00bb37%\u00a0\u00bb background_color_gradient_end=\u00a0\u00bbrgba(47,58,68,0.55)\u00a0\u00bb background_image=\u00a0\u00bbhttps:\/\/umnb.ca\/wp-content\/uploads\/2019\/03\/stgeorge.jpg\u00a0\u00bb custom_padding=\u00a0\u00bb4vw|0px|280px|0px|false|false\u00a0\u00bb locked=\u00a0\u00bboff\u00a0\u00bb global_colors_info=\u00a0\u00bb{}\u00a0\u00bb][et_pb_row column_structure=\u00a0\u00bb1_2,1_6,1_6,1_6&Prime; _builder_version=\u00a0\u00bb4.16&Prime; locked=\u00a0\u00bboff\u00a0\u00bb global_colors_info=\u00a0\u00bb{}\u00a0\u00bb][et_pb_column type=\u00a0\u00bb1_2&Prime; _builder_version=\u00a0\u00bb4.16&Prime; custom_padding=\u00a0\u00bb|||\u00a0\u00bb global_colors_info=\u00a0\u00bb{}\u00a0\u00bb custom_padding__hover=\u00a0\u00bb|||\u00a0\u00bb][et_pb_text _builder_version=\u00a0\u00bb4.16&Prime; text_font=\u00a0\u00bb||||||||\u00a0\u00bb text_font_size=\u00a0\u00bb16px\u00a0\u00bb text_line_height=\u00a0\u00bb2em\u00a0\u00bb header_font=\u00a0\u00bb||||||||\u00a0\u00bb header_2_font=\u00a0\u00bbRaleway|700|||||||\u00a0\u00bb header_2_font_size=\u00a0\u00bb50px\u00a0\u00bb header_2_line_height=\u00a0\u00bb1.2em\u00a0\u00bb header_6_font=\u00a0\u00bbRaleway|700||on|||||\u00a0\u00bb header_6_font_size=\u00a0\u00bb16px\u00a0\u00bb header_6_letter_spacing=\u00a0\u00bb5px\u00a0\u00bb header_6_line_height=\u00a0\u00bb1.8em\u00a0\u00bb background_layout=\u00a0\u00bbdark\u00a0\u00bb max_width_tablet=\u00a0\u00bb\u00a0\u00bb max_width_phone=\u00a0\u00bb\u00a0\u00bb max_width_last_edited=\u00a0\u00bbon|desktop\u00a0\u00bb header_2_font_size_tablet=\u00a0\u00bb35px\u00a0\u00bb header_2_font_size_phone=\u00a0\u00bb25px\u00a0\u00bb header_2_font_size_last_edited=\u00a0\u00bbon|phone\u00a0\u00bb locked=\u00a0\u00bboff\u00a0\u00bb global_colors_info=\u00a0\u00bb{}\u00a0\u00bb]<\/p>\n<h2>Ce que nous faisons:<\/h2>\n<p>[\/et_pb_text][\/et_pb_column][et_pb_column type=\u00a0\u00bb1_6&Prime; _builder_version=\u00a0\u00bb4.16&Prime; custom_padding=\u00a0\u00bb|||\u00a0\u00bb global_colors_info=\u00a0\u00bb{}\u00a0\u00bb custom_padding__hover=\u00a0\u00bb|||\u00a0\u00bb][\/et_pb_column][et_pb_column type=\u00a0\u00bb1_6&Prime; _builder_version=\u00a0\u00bb4.16&Prime; custom_padding=\u00a0\u00bb|||\u00a0\u00bb global_colors_info=\u00a0\u00bb{}\u00a0\u00bb custom_padding__hover=\u00a0\u00bb|||\u00a0\u00bb][\/et_pb_column][et_pb_column type=\u00a0\u00bb1_6&Prime; _builder_version=\u00a0\u00bb4.16&Prime; custom_padding=\u00a0\u00bb|||\u00a0\u00bb global_colors_info=\u00a0\u00bb{}\u00a0\u00bb custom_padding__hover=\u00a0\u00bb|||\u00a0\u00bb][\/et_pb_column][\/et_pb_row][et_pb_row column_structure=\u00a0\u00bb1_2,1_2&Prime; _builder_version=\u00a0\u00bb4.16&Prime; global_colors_info=\u00a0\u00bb{}\u00a0\u00bb][et_pb_column type=\u00a0\u00bb1_2&Prime; _builder_version=\u00a0\u00bb4.16&Prime; custom_padding=\u00a0\u00bb|||\u00a0\u00bb global_colors_info=\u00a0\u00bb{}\u00a0\u00bb custom_padding__hover=\u00a0\u00bb|||\u00a0\u00bb][et_pb_blurb title=\u00a0\u00bbUnir\u00a0\u00bb use_icon=\u00a0\u00bbon\u00a0\u00bb font_icon=\u00a0\u00bb&#xe00a;||divi||400&Prime; icon_color=\u00a0\u00bb#8cb0ff\u00a0\u00bb icon_placement=\u00a0\u00bbleft\u00a0\u00bb _builder_version=\u00a0\u00bb4.16&Prime; header_font=\u00a0\u00bb|700||on|||||\u00a0\u00bb text_orientation=\u00a0\u00bbcenter\u00a0\u00bb background_layout=\u00a0\u00bbdark\u00a0\u00bb global_colors_info=\u00a0\u00bb{}\u00a0\u00bb]<\/p>\n<p>les municipalit\u00e9s N\u00e9o-Brunswickoises de toutes les tailles \u2013 des cit\u00e9s, des villes, des villages et des collectivit\u00e9s rurales \u2013 et \u0153uvrant dans les deux langues officielles<\/p>\n<p>[\/et_pb_blurb][\/et_pb_column][et_pb_column type=\u00a0\u00bb1_2&Prime; _builder_version=\u00a0\u00bb4.16&Prime; custom_padding=\u00a0\u00bb|||\u00a0\u00bb global_colors_info=\u00a0\u00bb{}\u00a0\u00bb custom_padding__hover=\u00a0\u00bb|||\u00a0\u00bb][et_pb_blurb title=\u00a0\u00bbD\u00e9fendre\u00a0\u00bb use_icon=\u00a0\u00bbon\u00a0\u00bb font_icon=\u00a0\u00bb&#xe07f;||divi||400&Prime; icon_color=\u00a0\u00bb#8cb0ff\u00a0\u00bb icon_placement=\u00a0\u00bbleft\u00a0\u00bb _builder_version=\u00a0\u00bb4.16&Prime; header_font=\u00a0\u00bb|700||on|||||\u00a0\u00bb text_orientation=\u00a0\u00bbcenter\u00a0\u00bb background_layout=\u00a0\u00bbdark\u00a0\u00bb global_colors_info=\u00a0\u00bb{}\u00a0\u00bb]<\/p>\n<p>les int\u00e9r\u00eats et les pr\u00e9occupations de nos membres et faire en sorte que les priorit\u00e9s locales soient \u00e0 l\u2019ordre du jour de la province<\/p>\n<p>[\/et_pb_blurb][\/et_pb_column][\/et_pb_row][et_pb_row column_structure=\u00a0\u00bb1_2,1_2&Prime; _builder_version=\u00a0\u00bb4.16&Prime; global_colors_info=\u00a0\u00bb{}\u00a0\u00bb][et_pb_column type=\u00a0\u00bb1_2&Prime; _builder_version=\u00a0\u00bb4.16&Prime; custom_padding=\u00a0\u00bb|||\u00a0\u00bb global_colors_info=\u00a0\u00bb{}\u00a0\u00bb custom_padding__hover=\u00a0\u00bb|||\u00a0\u00bb][et_pb_blurb title=\u00a0\u00bbRelier\u00a0\u00bb use_icon=\u00a0\u00bbon\u00a0\u00bb font_icon=\u00a0\u00bb&#xe066;||divi||400&Prime; icon_color=\u00a0\u00bb#8cb0ff\u00a0\u00bb icon_placement=\u00a0\u00bbleft\u00a0\u00bb _builder_version=\u00a0\u00bb4.16&Prime; header_font=\u00a0\u00bb|700||on|||||\u00a0\u00bb text_orientation=\u00a0\u00bbcenter\u00a0\u00bb background_layout=\u00a0\u00bbdark\u00a0\u00bb global_colors_info=\u00a0\u00bb{}\u00a0\u00bb]<\/p>\n<p>les dirigeants municipaux pour partager des connaissances et des solutions visant \u00e0 renforcer leurs collectivit\u00e9s<\/p>\n<p>[\/et_pb_blurb][\/et_pb_column][et_pb_column type=\u00a0\u00bb1_2&Prime; _builder_version=\u00a0\u00bb4.16&Prime; custom_padding=\u00a0\u00bb|||\u00a0\u00bb global_colors_info=\u00a0\u00bb{}\u00a0\u00bb custom_padding__hover=\u00a0\u00bb|||\u00a0\u00bb][et_pb_blurb title=\u00a0\u00bbInformer\u00a0\u00bb use_icon=\u00a0\u00bbon\u00a0\u00bb font_icon=\u00a0\u00bb&#xe0f0;||divi||400&Prime; icon_color=\u00a0\u00bb#8cb0ff\u00a0\u00bb icon_placement=\u00a0\u00bbleft\u00a0\u00bb _builder_version=\u00a0\u00bb4.16&Prime; header_font=\u00a0\u00bb|700||on|||||\u00a0\u00bb text_orientation=\u00a0\u00bbcenter\u00a0\u00bb background_layout=\u00a0\u00bbdark\u00a0\u00bb global_colors_info=\u00a0\u00bb{}\u00a0\u00bb]<\/p>\n<p>nos membres et le gouvernement par l\u2019entremise de recherches, de d\u00e9veloppement professionnel et d\u2019analyses d\u2019initi\u00e9s<\/p>\n<p>[\/et_pb_blurb][\/et_pb_column][\/et_pb_row][\/et_pb_section]<\/p>\n","protected":false},"excerpt":{"rendered":"<p>\u00c0 Propos de l&rsquo;UMNBQui nous sommes: L&rsquo;Union des municipalit\u00e9s du Nouveau-Brunswick (UMNB) est une association bilingue de soixante collectivit\u00e9s locales de toutes tailles, repr\u00e9sentant plus de quatre-vingts pour cent de la population du Nouveau-Brunswick. Depuis 1994, l\u2019UMNB milite pour des collectivit\u00e9s fortes et durables \u00e0 la grandeur de la province.\u00a0Nos membres d\u00e9terminent les politiques et [&hellip;]<\/p>\n","protected":false},"author":1,"featured_media":0,"parent":0,"menu_order":0,"comment_status":"open","ping_status":"open","template":"","meta":{"_et_pb_use_builder":"on","_et_pb_old_content":"The Union of Municipalities of New Brunswick is an organization representing 60 member municipalities in the Province of New Brunswick. All municipalities are welcome to be a member and at the present time membership consists of cities, towns, and villages. The objectives of\u00a0<span class=\"caps\">UMNB<\/span>\u00a0are to:\n<ul>\n \t<li>Unite the Municipalities of New Brunswick, through their respective councils, into a body whose common effort shall be devoted to the achievement of that which is to the benefit of all.<\/li>\n \t<li>\u00a0Promote the exchange of information among the Municipalities of New Brunswick.<\/li>\n \t<li>Co-operate and liaise with other organizations and agencies toward a united front for the realization of municipal goals.<\/li>\n \t<li>\u00a0Prepare and present to government position papers that reflect UMNB concerns\/interests<\/li>\n \t<li>Represent member interests\/concerns at both the Provincial and Federal levels of government through committee work as well as resolutions, etc.<\/li>\n<\/ul>\nAt no time shall the political or religious partisanship of a representative member be expressed or be allowed to influence the policies of\u00a0<span class=\"caps\">UMNB<\/span>.\n\nOur Province is divided into nine zones with two directors from each zone sitting on our Board of Directors.\u00a0The Board of Directors of\u00a0<span class=\"caps\">UMNB<\/span>\u00a0generally meet four times a year (February, May, August &amp; November) plus before and after our Annual Conference (October) and deals with items\/issues brought forward from our members, or the Provincial and\/or Federal Governments. With the exception of the meetings in August and our annual conference, all Board meetings are in Fredericton.\n\nMembership dues are based on assessments and decided by the annual meeting from recommendation by the Board of Directors.","_et_gb_content_width":"","footnotes":""},"class_list":["post-117","page","type-page","status-publish","hentry"],"_links":{"self":[{"href":"https:\/\/umnb.ca\/fr\/wp-json\/wp\/v2\/pages\/117\/"}],"collection":[{"href":"https:\/\/umnb.ca\/fr\/wp-json\/wp\/v2\/pages\/"}],"about":[{"href":"https:\/\/umnb.ca\/fr\/wp-json\/wp\/v2\/types\/page\/"}],"author":[{"embeddable":true,"href":"https:\/\/umnb.ca\/fr\/wp-json\/wp\/v2\/users\/1\/"}],"replies":[{"embeddable":true,"href":"https:\/\/umnb.ca\/fr\/wp-json\/wp\/v2\/comments\/?post=117"}],"version-history":[{"count":22,"href":"https:\/\/umnb.ca\/fr\/wp-json\/wp\/v2\/pages\/117\/revisions\/"}],"predecessor-version":[{"id":13661,"href":"https:\/\/umnb.ca\/fr\/wp-json\/wp\/v2\/pages\/117\/revisions\/13661\/"}],"wp:attachment":[{"href":"https:\/\/umnb.ca\/fr\/wp-json\/wp\/v2\/media\/?parent=117"}],"curies":[{"name":"wp","href":"https:\/\/api.w.org\/{rel}","templated":true}]}}