{"id":11020,"date":"2024-05-30T12:52:19","date_gmt":"2024-05-30T12:52:19","guid":{"rendered":"https:\/\/umnb.ca\/umnb-2024-salon-professionnel\/"},"modified":"2024-10-03T07:35:03","modified_gmt":"2024-10-03T07:35:03","slug":"umnb-2024-salon-professionnel","status":"publish","type":"page","link":"https:\/\/umnb.ca\/fr\/umnb-2024-salon-professionnel\/","title":{"rendered":"UMNB 2024 &#8211; Salon professionnel"},"content":{"rendered":"<p>[et_pb_section fb_built=\u00a0\u00bb1&Prime; _builder_version=\u00a0\u00bb4.20.2&Prime; _module_preset=\u00a0\u00bbdefault\u00a0\u00bb global_colors_info=\u00a0\u00bb{}\u00a0\u00bb][et_pb_row _builder_version=\u00a0\u00bb4.20.2&Prime; _module_preset=\u00a0\u00bbdefault\u00a0\u00bb global_colors_info=\u00a0\u00bb{}\u00a0\u00bb][et_pb_column type=\u00a0\u00bb4_4&Prime; _builder_version=\u00a0\u00bb4.20.2&Prime; _module_preset=\u00a0\u00bbdefault\u00a0\u00bb global_colors_info=\u00a0\u00bb{}\u00a0\u00bb][et_pb_image src=\u00a0\u00bbhttps:\/\/umnb.ca\/wp-content\/uploads\/2024\/05\/Untitled-design-4.png\u00a0\u00bb title_text=\u00a0\u00bbUntitled design (4)\u00a0\u00bb url=\u00a0\u00bbhttps:\/\/umnb.ca\/fr\/umnb2024\/\u00a0\u00bb _builder_version=\u00a0\u00bb4.20.2&Prime; _module_preset=\u00a0\u00bbdefault\u00a0\u00bb global_colors_info=\u00a0\u00bb{}\u00a0\u00bb][\/et_pb_image][\/et_pb_column][\/et_pb_row][et_pb_row column_structure=\u00a0\u00bb1_4,3_4&Prime; _builder_version=\u00a0\u00bb4.20.2&Prime; _module_preset=\u00a0\u00bbdefault\u00a0\u00bb global_colors_info=\u00a0\u00bb{}\u00a0\u00bb][et_pb_column type=\u00a0\u00bb1_4&Prime; _builder_version=\u00a0\u00bb4.20.2&Prime; _module_preset=\u00a0\u00bbdefault\u00a0\u00bb global_colors_info=\u00a0\u00bb{}\u00a0\u00bb][et_pb_text _builder_version=\u00a0\u00bb4.20.2&Prime; _module_preset=\u00a0\u00bbdefault\u00a0\u00bb global_colors_info=\u00a0\u00bb{}\u00a0\u00bb]<\/p>\n<h2><span style=\"font-size: large; color: #a31600;\"><a href=\"https:\/\/umnb.ca\/fr\/umnb2024-inscription\/\" style=\"color: #a31600;\"><strong>INSCRIPTION<\/strong><\/a><\/span><br \/><span style=\"font-size: large;\"><strong><\/strong><\/span><\/h2>\n<h2><a href=\"https:\/\/umnb.ca\/fr\/umnb-2024-logement\/\"><span style=\"color: #aa3311;\"><span style=\"font-size: 18px;\"><b>LOGEMENTS<\/b><\/span><\/span><\/a><span style=\"font-size: large;\"><strong><\/strong><\/span><\/h2>\n<p><span style=\"color: #aa3311;\"><span style=\"font-size: 18px;\"><b><\/b><\/span><\/span><\/p>\n<h2><a href=\"https:\/\/umnb.ca\/fr\/umnb-2024-programme\/\"><strong><span style=\"color: #a31600; font-size: large;\">PROGRAMME<\/span><\/strong><\/a><\/h2>\n<h2><span style=\"color: #a31600;\"><a href=\"https:\/\/umnb.ca\/fr\/umnb-2024-salon-professionnel\/\" style=\"color: #a31600;\"><span style=\"font-size: large;\"><strong>SALON PROFESSIONNEL<\/strong><\/span><\/a><\/span><br \/><span style=\"font-size: large;\"><strong><\/strong><\/span><\/h2>\n<h2><span style=\"color: #a31600;\"><a href=\"https:\/\/umnb.ca\/fr\/umnb2024-commanditaires\/\" style=\"color: #a31600;\"><span style=\"font-size: large;\"><strong>COMMANDITES<\/strong><\/span><\/a><\/span><\/h2>\n<p>[\/et_pb_text][\/et_pb_column][et_pb_column type=\u00a0\u00bb3_4&Prime; _builder_version=\u00a0\u00bb4.20.2&Prime; _module_preset=\u00a0\u00bbdefault\u00a0\u00bb global_colors_info=\u00a0\u00bb{}\u00a0\u00bb][et_pb_text _builder_version=\u00a0\u00bb4.20.2&Prime; _module_preset=\u00a0\u00bbdefault\u00a0\u00bb global_colors_info=\u00a0\u00bb{}\u00a0\u00bb]<\/p>\n<h1><span style=\"color: #000000;\"><strong>SALON PROFESSIONNEL<\/strong> <\/span><\/h1>\n<h4><span style=\"color: #a31600;\"><strong>Ne manquez pas le salon professionnel de cette ann\u00e9e !<\/strong> <\/span><\/h4>\n<h4><span style=\"color: #000000;\">Nous sommes ravis d&rsquo;ouvrir l&rsquo;inscription des fournisseurs pour la foire commerciale de la 30e conf\u00e9rence annuelle de l&rsquo;UMNB cet automne ! Cette ann\u00e9e, nous sommes ravis d&rsquo;accueillir 45 stands pour le vendredi soir et huit stands pour le week-end. Nous proposons un tarif sp\u00e9cial pour les organisations \u00e0 but non lucratif pour certains stands, selon le principe du premier arriv\u00e9, premier servi.<\/span><\/h4>\n<p><span style=\"font-size: large;\"><a href=\"https:\/\/umnb.ca\/wp-content\/uploads\/2024\/05\/UMNB2024-Trade-Show-Vendors-Package-FINAL.pdf\"><span style=\"color: #a31600;\">Voir toutes les informations sur le salon profesionnel<\/span><\/a><\/span><\/p>\n<p><span style=\"font-size: large;\"><strong style=\"color: #000000;\"><span style=\"color: #993300;\">Inscription<\/span><\/strong><\/span><\/p>\n<p><span style=\"font-size: large;\"><span style=\"color: #000000;\">Pour vous inscrire en ligne, cliquez <a href=\"https:\/\/docs.google.com\/forms\/d\/e\/1FAIpQLSeXRLykiLeh41X7Y-7nn1J6_1KBUOBywAtMHxlio-5SRTuPRw\/viewform\"><strong>ICI<\/strong>.<\/a> Veuillez noter qu&rsquo;apr\u00e8s avoir rempli le formulaire en ligne, vous devez envoyer votre paiement pour garantir votre place.<\/span><\/span><\/p>\n<p>&nbsp;<\/p>\n<p><span style=\"font-size: large; color: #000000;\"><span style=\"font-weight: 400;\"><span><\/span><\/span><\/span><\/p>\n<p>[\/et_pb_text][\/et_pb_column][\/et_pb_row][et_pb_row _builder_version=\u00a0\u00bb4.20.2&Prime; _module_preset=\u00a0\u00bbdefault\u00a0\u00bb global_colors_info=\u00a0\u00bb{}\u00a0\u00bb][et_pb_column type=\u00a0\u00bb4_4&Prime; _builder_version=\u00a0\u00bb4.20.2&Prime; _module_preset=\u00a0\u00bbdefault\u00a0\u00bb global_colors_info=\u00a0\u00bb{}\u00a0\u00bb][et_pb_image src=\u00a0\u00bbhttps:\/\/umnb.ca\/wp-content\/uploads\/2023\/11\/UMNB2023-NOV-24-5-PM-930-PM-1.jpg\u00a0\u00bb title_text=\u00a0\u00bbUMNB2023 &#8211; NOV 24 5 PM &#8211; 930 PM\u00a0\u00bb align=\u00a0\u00bbcenter\u00a0\u00bb _builder_version=\u00a0\u00bb4.20.2&Prime; _module_preset=\u00a0\u00bbdefault\u00a0\u00bb global_colors_info=\u00a0\u00bb{}\u00a0\u00bb][\/et_pb_image][\/et_pb_column][\/et_pb_row][et_pb_row _builder_version=\u00a0\u00bb4.20.2&Prime; _module_preset=\u00a0\u00bbdefault\u00a0\u00bb global_colors_info=\u00a0\u00bb{}\u00a0\u00bb][et_pb_column type=\u00a0\u00bb4_4&Prime; _builder_version=\u00a0\u00bb4.20.2&Prime; _module_preset=\u00a0\u00bbdefault\u00a0\u00bb global_colors_info=\u00a0\u00bb{}\u00a0\u00bb][et_pb_text _builder_version=\u00a0\u00bb4.20.2&Prime; _module_preset=\u00a0\u00bbdefault\u00a0\u00bb hover_enabled=\u00a0\u00bb0&Prime; global_colors_info=\u00a0\u00bb{}\u00a0\u00bb sticky_enabled=\u00a0\u00bb0&Prime;]<\/p>\n<h2><span style=\"color: #aa3311;\"><strong>2024 Plan du salon professionnel :<\/strong><\/span><\/h2>\n<table>\n<tbody>\n<tr>\n<td style=\"width: 109.316px;\"><span style=\"font-weight: 400; color: #000000;\">1\u00a0<\/span><\/td>\n<td style=\"width: 102.578px;\"><span style=\"font-weight: 400; color: #000000;\">16 <strong><a href=\"https:\/\/www.englobecorp.com\/\">Englobe Corp<\/a><\/strong><\/span><\/td>\n<td style=\"width: 141.113px;\"><span style=\"font-weight: 400; color: #000000;\">31 <strong><a href=\"https:\/\/brunnet.com\/\">BrunNet IT Solutions Inc<\/a><\/strong><\/span><\/td>\n<\/tr>\n<tr>\n<td style=\"width: 109.316px;\"><span style=\"font-weight: 400; color: #000000;\">2<\/span><\/td>\n<td style=\"width: 102.578px;\"><span style=\"font-weight: 400; color: #000000;\">17 <strong><a href=\"https:\/\/nummax.com\/en\/\">Nummax<\/a><\/strong><\/span><\/td>\n<td style=\"width: 141.113px;\"><span style=\"font-weight: 400; color: #000000;\">32 BrokerLink Insurance<\/span><\/td>\n<\/tr>\n<tr>\n<td style=\"width: 109.316px;\"><span style=\"font-weight: 400; color: #000000;\">3\u00a0<\/span><\/td>\n<td style=\"width: 102.578px;\"><span style=\"font-weight: 400; color: #000000;\">18 <strong><a href=\"https:\/\/npf-fpn.com\/\">National Police Federation (NPF)<\/a><\/strong><\/span><\/td>\n<td style=\"width: 141.113px;\"><span style=\"font-weight: 400; color: #000000;\">33 <a href=\"https:\/\/www.mcadvisory.com\/\"><strong>MC Advisory<\/strong><\/a>\/ <strong><a href=\"https:\/\/www.mcinnescooper.com\/?%2A%2A\">McInnes Cooper<\/a><\/strong><\/span><\/td>\n<\/tr>\n<tr>\n<td style=\"width: 109.316px;\"><span style=\"font-weight: 400; color: #000000;\">4\u00a0<\/span><\/td>\n<td style=\"width: 102.578px;\"><span style=\"font-weight: 400; color: #000000;\">19 <a href=\"http:\/\/www.absolutetraffic.ca\/\"><strong>Absolute Traffic &amp; Sign Solutions Ltd<\/strong><\/a><\/span><\/td>\n<td style=\"width: 141.113px;\"><span style=\"font-weight: 400; color: #000000;\">34 <strong><a href=\"https:\/\/urbanruralrides.ca\/\">Urban\/Rural Rides &#8211; Transport Urbain\/Rural<\/a><\/strong><\/span><\/td>\n<\/tr>\n<tr>\n<td style=\"width: 109.316px;\"><span style=\"font-weight: 400; color: #000000;\">5\u00a0<\/span><\/td>\n<td style=\"width: 102.578px;\"><span style=\"font-weight: 400; color: #000000;\">20 <a href=\"https:\/\/gingerdesign.ca\/\"><strong>The Ginger Agency\u00a0<\/strong><\/a><\/span><\/td>\n<td style=\"width: 141.113px;\"><span style=\"font-weight: 400; color: #000000;\">35 <strong><a href=\"https:\/\/www.porterobrien.com\/\">Porter O&rsquo;Brien<\/a><\/strong><\/span><\/td>\n<\/tr>\n<tr>\n<td style=\"width: 109.316px;\"><span style=\"font-weight: 400; color: #000000;\">6<\/span><\/td>\n<td style=\"width: 102.578px;\"><span style=\"font-weight: 400; color: #000000;\">21 <strong><a href=\"https:\/\/northlinecanada.com\/\">North Line Canada Ltd<\/a><\/strong><\/span><\/td>\n<td style=\"width: 141.113px;\"><span style=\"font-weight: 400; color: #000000;\">36 <strong><a href=\"https:\/\/tessier-rp.com\/\">Tessier R\u00e9cr\u00e9o-Parc<\/a><\/strong><\/span><\/td>\n<\/tr>\n<tr>\n<td style=\"width: 109.316px;\"><span style=\"font-weight: 400; color: #000000;\">7<\/span><\/td>\n<td style=\"width: 102.578px;\"><span style=\"font-weight: 400; color: #000000;\">22 <strong><a href=\"https:\/\/www.portfoliosolutions.group\/\">Portfolio Solutions Group<\/a><\/strong><\/span><\/td>\n<td style=\"width: 141.113px;\"><span style=\"font-weight: 400; color: #000000;\">37 <strong><a href=\"https:\/\/www.nbpower.com\/Welcome.aspx?lang=en\">NB Power<\/a><\/strong><\/span><\/td>\n<\/tr>\n<tr>\n<td style=\"width: 109.316px;\"><span style=\"font-weight: 400; color: #000000;\">8 Master Control<\/span><\/td>\n<td style=\"width: 102.578px;\"><span style=\"font-weight: 400; color: #000000;\">23 <strong><a href=\"https:\/\/armtec.com\/\">Armtec<\/a><\/strong><\/span><\/td>\n<td style=\"width: 141.113px;\"><span style=\"font-weight: 400; color: #000000;\">38 <strong><a href=\"https:\/\/centresofexcellencenb.ca\/\">Centre of Excellence for Language Learning<\/a><\/strong><\/span><\/td>\n<\/tr>\n<tr>\n<td style=\"width: 109.316px;\"><span style=\"font-weight: 400; color: #000000;\">9 <strong><a href=\"https:\/\/hhnb-rlnb.ca\/\">Housing Hub of New Brunswick<\/a><\/strong><\/span><\/td>\n<td style=\"width: 102.578px;\"><span style=\"font-weight: 400; color: #000000;\">24 <strong><a href=\"https:\/\/www.gemtec.ca\/\">GEMTEC Consulting Engineers and Scientists<\/a><\/strong><\/span><\/td>\n<td style=\"width: 141.113px;\"><span style=\"font-weight: 400; color: #000000;\">39 <strong><a href=\"https:\/\/www.nwmo.ca\/\">NWMO<\/a><\/strong><\/span><\/td>\n<\/tr>\n<tr>\n<td style=\"width: 109.316px;\"><span style=\"font-weight: 400; color: #000000;\">10 <a href=\"https:\/\/darwineventgroup.com\/\"><strong>Darwin Event Group<\/strong><\/a><\/span><\/td>\n<td style=\"width: 102.578px;\"><span style=\"font-weight: 400; color: #000000;\">25 <a href=\"https:\/\/www.xplore.ca\/\"><strong>Xplore Inc.<\/strong><\/a><strong><a href=\"https:\/\/www.abilitynb.ca\/\"><\/a><\/strong><\/span><\/td>\n<td style=\"width: 141.113px;\"><span style=\"font-weight: 400; color: #000000;\">40 <a href=\"https:\/\/tc.canada.ca\/en\"><strong>Transport Canada<\/strong><\/a><\/span><\/td>\n<\/tr>\n<tr>\n<td style=\"width: 109.316px;\"><span style=\"font-weight: 400; color: #000000;\">11 <strong><a href=\"https:\/\/www.tacel.ca\/\">Tacel Ltd<\/a><\/strong><\/span><\/td>\n<td style=\"width: 102.578px;\"><span style=\"font-weight: 400; color: #000000;\">26 <a href=\"https:\/\/royconsultants.ca\/en\/\"><strong>Roy Consultants<\/strong><\/a><\/span><\/td>\n<td style=\"width: 141.113px;\"><span style=\"font-weight: 400; color: #000000;\">41 <a href=\"https:\/\/recreationnb.ca\/\"><strong>Recreation NB<\/strong><\/a><\/span><\/td>\n<\/tr>\n<tr>\n<td style=\"width: 109.316px;\"><span style=\"font-weight: 400; color: #000000;\">12 <strong><a href=\"https:\/\/www.abilitynb.ca\/\">Ability NB &#8211; Accessible NB program<\/a><\/strong><\/span><\/td>\n<td style=\"width: 102.578px;\"><span style=\"font-weight: 400; color: #000000;\">27 <strong><a href=\"https:\/\/www.facebook.com\/dasconcrete\/\">D.A.S. Concrete Countertops<\/a><\/strong><\/span><\/td>\n<td style=\"width: 141.113px;\"><span style=\"font-weight: 400; color: #000000;\">42 <strong><a href=\"https:\/\/www.goguenchamplainfinancial.ca\/\">Services Financiers Goguen Champlain Financial Services Inc.<\/a><\/strong><\/span><\/td>\n<\/tr>\n<tr>\n<td style=\"width: 109.316px;\"><span style=\"font-weight: 400; color: #000000;\">13 <\/span><\/td>\n<td style=\"width: 102.578px;\"><span style=\"font-weight: 400; color: #000000;\">28 <strong><a href=\"https:\/\/cybervisor.ca\/\">CyberVisor<\/a><\/strong><\/span><\/td>\n<td style=\"width: 141.113px;\"><span style=\"font-weight: 400; color: #000000;\">43 <strong><a href=\"https:\/\/nblung.ca\/\">NB Lung<\/a><\/strong><\/span><\/td>\n<\/tr>\n<tr>\n<td style=\"width: 109.316px;\"><span style=\"font-weight: 400; color: #000000;\">14 <a href=\"https:\/\/canoeprocurement.ca\/\"><strong>Canoe Procurement Group of Canada<\/strong><\/a><\/span><\/td>\n<td style=\"width: 102.578px;\"><span style=\"font-weight: 400; color: #000000;\">29 <strong><a href=\"https:\/\/www.jdirving.com\/en\/\">J.D. Irving Limited<\/a><\/strong><\/span><\/td>\n<td style=\"width: 141.113px;\"><span style=\"font-weight: 400; color: #000000;\">44 <strong><a href=\"https:\/\/hitechcomm.ca\/\">HiTech Communications Ltd.<\/a><\/strong><\/span><\/td>\n<\/tr>\n<tr>\n<td style=\"width: 109.316px;\"><span style=\"font-weight: 400; color: #000000;\">15 <strong><a href=\"https:\/\/www.cn.ca\/en\/\">Canadian National Railway Co.<\/a><\/strong>\u00a0<\/span><\/td>\n<td style=\"width: 102.578px;\"><span style=\"font-weight: 400; color: #000000;\">30 <strong><a href=\"https:\/\/www.municipalenvironmental.com\/fero\">Fero Waste and Recycling Inc<\/a><\/strong><\/span><\/td>\n<td style=\"width: 141.113px;\"><span style=\"font-weight: 400; color: #000000;\">45 <strong><a href=\"https:\/\/www.liveablecities.com\/\">LED Roadway Lighting \/ Liveable Cities<\/a><\/strong><\/span><\/td>\n<\/tr>\n<\/tbody>\n<\/table>\n<p><span style=\"color: #aa3311;\"><strong>\u200b<\/strong><\/span><\/p>\n<p>[\/et_pb_text][\/et_pb_column][\/et_pb_row][\/et_pb_section][et_pb_section fb_built=\u00a0\u00bb1&Prime; _builder_version=\u00a0\u00bb4.20.2&Prime; _module_preset=\u00a0\u00bbdefault\u00a0\u00bb global_colors_info=\u00a0\u00bb{}\u00a0\u00bb][et_pb_row _builder_version=\u00a0\u00bb4.20.2&Prime; _module_preset=\u00a0\u00bbdefault\u00a0\u00bb global_colors_info=\u00a0\u00bb{}\u00a0\u00bb][et_pb_column type=\u00a0\u00bb4_4&Prime; _builder_version=\u00a0\u00bb4.20.2&Prime; _module_preset=\u00a0\u00bbdefault\u00a0\u00bb global_colors_info=\u00a0\u00bb{}\u00a0\u00bb][et_pb_image src=\u00a0\u00bbhttps:\/\/umnb.ca\/wp-content\/uploads\/2024\/09\/2024-Sponsors-as-of-10-09-2024.png\u00a0\u00bb title_text=\u00a0\u00bb2024 Sponsors as of 10-09-2024&Prime; _builder_version=\u00a0\u00bb4.20.2&Prime; _module_preset=\u00a0\u00bbdefault\u00a0\u00bb global_colors_info=\u00a0\u00bb{}\u00a0\u00bb][\/et_pb_image][\/et_pb_column][\/et_pb_row][\/et_pb_section]<\/p>\n","protected":false},"excerpt":{"rendered":"<p>INSCRIPTION LOGEMENTS PROGRAMME SALON PROFESSIONNEL COMMANDITESSALON PROFESSIONNEL Ne manquez pas le salon professionnel de cette ann\u00e9e ! Nous sommes ravis d&rsquo;ouvrir l&rsquo;inscription des fournisseurs pour la foire commerciale de la 30e conf\u00e9rence annuelle de l&rsquo;UMNB cet automne ! Cette ann\u00e9e, nous sommes ravis d&rsquo;accueillir 45 stands pour le vendredi soir et huit stands pour le [&hellip;]<\/p>\n","protected":false},"author":2,"featured_media":0,"parent":0,"menu_order":0,"comment_status":"closed","ping_status":"closed","template":"","meta":{"_et_pb_use_builder":"on","_et_pb_old_content":"","_et_gb_content_width":"","footnotes":""},"class_list":["post-11020","page","type-page","status-publish","hentry"],"_links":{"self":[{"href":"https:\/\/umnb.ca\/fr\/wp-json\/wp\/v2\/pages\/11020\/"}],"collection":[{"href":"https:\/\/umnb.ca\/fr\/wp-json\/wp\/v2\/pages\/"}],"about":[{"href":"https:\/\/umnb.ca\/fr\/wp-json\/wp\/v2\/types\/page\/"}],"author":[{"embeddable":true,"href":"https:\/\/umnb.ca\/fr\/wp-json\/wp\/v2\/users\/2\/"}],"replies":[{"embeddable":true,"href":"https:\/\/umnb.ca\/fr\/wp-json\/wp\/v2\/comments\/?post=11020"}],"version-history":[{"count":18,"href":"https:\/\/umnb.ca\/fr\/wp-json\/wp\/v2\/pages\/11020\/revisions\/"}],"predecessor-version":[{"id":11963,"href":"https:\/\/umnb.ca\/fr\/wp-json\/wp\/v2\/pages\/11020\/revisions\/11963\/"}],"wp:attachment":[{"href":"https:\/\/umnb.ca\/fr\/wp-json\/wp\/v2\/media\/?parent=11020"}],"curies":[{"name":"wp","href":"https:\/\/api.w.org\/{rel}","templated":true}]}}