{"id":10999,"date":"2024-05-30T12:16:13","date_gmt":"2024-05-30T12:16:13","guid":{"rendered":"https:\/\/umnb.ca\/umnb-2024-logement\/"},"modified":"2024-09-09T13:03:32","modified_gmt":"2024-09-09T13:03:32","slug":"umnb-2024-logement","status":"publish","type":"page","link":"https:\/\/umnb.ca\/fr\/umnb-2024-logement\/","title":{"rendered":"UMNB 2024 &#8211; Logement"},"content":{"rendered":"<p>[et_pb_section fb_built=\u00a0\u00bb1&Prime; _builder_version=\u00a0\u00bb4.20.2&Prime; _module_preset=\u00a0\u00bbdefault\u00a0\u00bb global_colors_info=\u00a0\u00bb{}\u00a0\u00bb][et_pb_row _builder_version=\u00a0\u00bb4.20.2&Prime; _module_preset=\u00a0\u00bbdefault\u00a0\u00bb global_colors_info=\u00a0\u00bb{}\u00a0\u00bb][et_pb_column type=\u00a0\u00bb4_4&Prime; _builder_version=\u00a0\u00bb4.20.2&Prime; _module_preset=\u00a0\u00bbdefault\u00a0\u00bb global_colors_info=\u00a0\u00bb{}\u00a0\u00bb][et_pb_image src=\u00a0\u00bbhttps:\/\/umnb.ca\/wp-content\/uploads\/2024\/05\/Untitled-design-4.png\u00a0\u00bb title_text=\u00a0\u00bbUntitled design (4)\u00a0\u00bb url=\u00a0\u00bbhttps:\/\/umnb.ca\/fr\/umnb2024\/\u00a0\u00bb _builder_version=\u00a0\u00bb4.20.2&Prime; _module_preset=\u00a0\u00bbdefault\u00a0\u00bb global_colors_info=\u00a0\u00bb{}\u00a0\u00bb][\/et_pb_image][\/et_pb_column][\/et_pb_row][et_pb_row column_structure=\u00a0\u00bb1_4,3_4&Prime; _builder_version=\u00a0\u00bb4.20.2&Prime; _module_preset=\u00a0\u00bbdefault\u00a0\u00bb global_colors_info=\u00a0\u00bb{}\u00a0\u00bb][et_pb_column type=\u00a0\u00bb1_4&Prime; _builder_version=\u00a0\u00bb4.20.2&Prime; _module_preset=\u00a0\u00bbdefault\u00a0\u00bb global_colors_info=\u00a0\u00bb{}\u00a0\u00bb][et_pb_text _builder_version=\u00a0\u00bb4.20.2&Prime; _module_preset=\u00a0\u00bbdefault\u00a0\u00bb global_colors_info=\u00a0\u00bb{}\u00a0\u00bb]<\/p>\n<h2><span style=\"color: #a31600;\"><a href=\"https:\/\/umnb.ca\/fr\/umnb2024-inscription\/\" style=\"color: #a31600;\"><span style=\"font-size: large;\"><strong>INSCRIPTION<\/strong><\/span><\/a><\/span><br \/><span style=\"font-size: large;\"><strong><\/strong><\/span><\/h2>\n<h2><span style=\"color: #a31600;\"><a href=\"https:\/\/umnb.ca\/fr\/umnb-2024-logement\/\" style=\"color: #a31600;\"><span style=\"font-size: large;\"><strong>LOGEMENTS<\/strong><\/span><\/a><\/span><\/h2>\n<h2><span style=\"color: #a31600;\"><a href=\"https:\/\/umnb.ca\/fr\/umnb-2024-programme\/\" style=\"color: #a31600;\"><span style=\"font-size: large;\"><strong>PROGRAMME<\/strong><\/span><\/a><\/span><br \/><span style=\"font-size: large;\"><strong><\/strong><\/span><\/h2>\n<h2><span style=\"color: #a31600;\"><a href=\"https:\/\/umnb.ca\/fr\/umnb-2024-salon-professionnel\/\" style=\"color: #a31600;\"><span style=\"font-size: large;\"><strong>SALON PROFESSIONNEL<\/strong><\/span><\/a><\/span><br \/><span style=\"font-size: large;\"><strong><\/strong><\/span><\/h2>\n<h2><span style=\"color: #a31600;\"><a href=\"https:\/\/umnb.ca\/fr\/umnb2024-commanditaires\/\" style=\"color: #a31600;\"><span style=\"font-size: large;\"><strong>COMMANDITES<\/strong><\/span><\/a><\/span><\/h2>\n<p>[\/et_pb_text][\/et_pb_column][et_pb_column type=\u00a0\u00bb3_4&Prime; _builder_version=\u00a0\u00bb4.20.2&Prime; _module_preset=\u00a0\u00bbdefault\u00a0\u00bb global_colors_info=\u00a0\u00bb{}\u00a0\u00bb][et_pb_text _builder_version=\u00a0\u00bb4.20.2&Prime; _module_preset=\u00a0\u00bbdefault\u00a0\u00bb global_colors_info=\u00a0\u00bb{}\u00a0\u00bb]<\/p>\n<h1><span style=\"color: #000000;\"><strong>LOGEMENTS<\/strong><\/span><\/h1>\n<h4><span style=\"color: #a31600;\"><strong>N&rsquo;oubliez pas de r\u00e9server vos chambres !<\/strong><\/span><\/h4>\n<h4><span style=\"color: #000000;\">La conf\u00e9rence annuelle et l&rsquo;AGA de l&rsquo;UMNB se tiendront du 4 au 6 octobre 2024 au Delta Fredericton. Assurez-vous de r\u00e9server votre h\u00e9bergement \u00e0 l&rsquo;avance !<\/span><\/h4>\n<p><span style=\"font-size: large; color: #000000;\"><\/span><\/p>\n<p><span style=\"color: #a31600;\"><strong><span style=\"font-size: large;\">Delta Fredericton : <span style=\"color: #000000;\">COMPLET !<\/span><\/span><\/strong><\/span><\/p>\n<p><span style=\"font-size: large; color: #000000;\"><\/span><\/p>\n<p><span style=\"color: #a31600;\"><strong><span style=\"font-size: large;\">Bloc de d\u00e9bordement : Le Crowne Plaza Fredericton<\/span><\/strong><\/span><\/p>\n<p><span style=\"font-size: large; color: #000000;\">Tarif : 184 $\/nuit<\/span><\/p>\n<p><span style=\"font-size: large; color: #000000;\">Date limite de r\u00e9servation : Jeudi 29 ao\u00fbt 2024<\/span><\/p>\n<p><a href=\"https:\/\/www.ihg.com\/crowneplaza\/hotels\/us\/en\/find-hotels\/select-roomrate?fromRedirect=true&amp;qSrt=sBR&amp;qIta=99801505&amp;icdv=99801505&amp;qSlH=YFCQS&amp;qCiD=03&amp;qCiMy=092024&amp;qCoD=06&amp;qCoMy=092024&amp;qGrpCd=UNI&amp;qAAR=6CBARC&amp;qRtP=6CBARC&amp;setPMCookies=true&amp;qSHBrC=CP&amp;qDest=659%20Queen%20Street,%20Fredericton,%20NB,%20CA&amp;srb_u=1&amp;qChAge=&amp;qRmFltr=\"><span style=\"font-size: large; color: #a31600;\">R\u00e9servez votre chambre d\u00e8s maintenant !<\/span><\/a><\/p>\n<p><span style=\"color: #a31600;\"><\/span><\/p>\n<p><span style=\"font-size: large; color: #000000;\"><span style=\"font-weight: 400;\"><span><\/span><\/span><\/span><\/p>\n<p>[\/et_pb_text][\/et_pb_column][\/et_pb_row][\/et_pb_section][et_pb_section fb_built=\u00a0\u00bb1&Prime; _builder_version=\u00a0\u00bb4.20.2&Prime; _module_preset=\u00a0\u00bbdefault\u00a0\u00bb global_colors_info=\u00a0\u00bb{}\u00a0\u00bb][et_pb_row _builder_version=\u00a0\u00bb4.20.2&Prime; _module_preset=\u00a0\u00bbdefault\u00a0\u00bb global_colors_info=\u00a0\u00bb{}\u00a0\u00bb][et_pb_column type=\u00a0\u00bb4_4&Prime; _builder_version=\u00a0\u00bb4.20.2&Prime; _module_preset=\u00a0\u00bbdefault\u00a0\u00bb global_colors_info=\u00a0\u00bb{}\u00a0\u00bb][et_pb_image src=\u00a0\u00bbhttps:\/\/umnb.ca\/wp-content\/uploads\/2024\/09\/2024-Sponsors-as-of-10-09-2024.png\u00a0\u00bb title_text=\u00a0\u00bb2024 Sponsors as of 10-09-2024&Prime; _builder_version=\u00a0\u00bb4.20.2&Prime; _module_preset=\u00a0\u00bbdefault\u00a0\u00bb hover_enabled=\u00a0\u00bb0&Prime; global_colors_info=\u00a0\u00bb{}\u00a0\u00bb sticky_enabled=\u00a0\u00bb0&Prime;][\/et_pb_image][\/et_pb_column][\/et_pb_row][\/et_pb_section]<\/p>\n","protected":false},"excerpt":{"rendered":"<p>INSCRIPTION LOGEMENTS PROGRAMME SALON PROFESSIONNEL COMMANDITESLOGEMENTS N&rsquo;oubliez pas de r\u00e9server vos chambres ! La conf\u00e9rence annuelle et l&rsquo;AGA de l&rsquo;UMNB se tiendront du 4 au 6 octobre 2024 au Delta Fredericton. Assurez-vous de r\u00e9server votre h\u00e9bergement \u00e0 l&rsquo;avance ! Delta Fredericton : COMPLET ! Bloc de d\u00e9bordement : Le Crowne Plaza Fredericton Tarif : 184 [&hellip;]<\/p>\n","protected":false},"author":2,"featured_media":0,"parent":0,"menu_order":0,"comment_status":"closed","ping_status":"closed","template":"","meta":{"_et_pb_use_builder":"on","_et_pb_old_content":"","_et_gb_content_width":"","footnotes":""},"class_list":["post-10999","page","type-page","status-publish","hentry"],"_links":{"self":[{"href":"https:\/\/umnb.ca\/fr\/wp-json\/wp\/v2\/pages\/10999\/"}],"collection":[{"href":"https:\/\/umnb.ca\/fr\/wp-json\/wp\/v2\/pages\/"}],"about":[{"href":"https:\/\/umnb.ca\/fr\/wp-json\/wp\/v2\/types\/page\/"}],"author":[{"embeddable":true,"href":"https:\/\/umnb.ca\/fr\/wp-json\/wp\/v2\/users\/2\/"}],"replies":[{"embeddable":true,"href":"https:\/\/umnb.ca\/fr\/wp-json\/wp\/v2\/comments\/?post=10999"}],"version-history":[{"count":14,"href":"https:\/\/umnb.ca\/fr\/wp-json\/wp\/v2\/pages\/10999\/revisions\/"}],"predecessor-version":[{"id":11785,"href":"https:\/\/umnb.ca\/fr\/wp-json\/wp\/v2\/pages\/10999\/revisions\/11785\/"}],"wp:attachment":[{"href":"https:\/\/umnb.ca\/fr\/wp-json\/wp\/v2\/media\/?parent=10999"}],"curies":[{"name":"wp","href":"https:\/\/api.w.org\/{rel}","templated":true}]}}