{"id":10901,"date":"2024-05-29T19:04:29","date_gmt":"2024-05-29T19:04:29","guid":{"rendered":"https:\/\/umnb.ca\/?page_id=10901"},"modified":"2024-10-10T16:39:56","modified_gmt":"2024-10-10T16:39:56","slug":"umnb2024","status":"publish","type":"page","link":"https:\/\/umnb.ca\/fr\/umnb2024\/","title":{"rendered":"UMNB2024"},"content":{"rendered":"<p>[et_pb_section fb_built=\u00a0\u00bb1&Prime; _builder_version=\u00a0\u00bb4.20.2&Prime; _module_preset=\u00a0\u00bbdefault\u00a0\u00bb global_colors_info=\u00a0\u00bb{}\u00a0\u00bb][et_pb_row _builder_version=\u00a0\u00bb4.20.2&Prime; _module_preset=\u00a0\u00bbdefault\u00a0\u00bb global_colors_info=\u00a0\u00bb{}\u00a0\u00bb][et_pb_column type=\u00a0\u00bb4_4&Prime; _builder_version=\u00a0\u00bb4.20.2&Prime; _module_preset=\u00a0\u00bbdefault\u00a0\u00bb global_colors_info=\u00a0\u00bb{}\u00a0\u00bb][et_pb_image src=\u00a0\u00bbhttps:\/\/umnb.ca\/wp-content\/uploads\/2024\/05\/Untitled-design-4.png\u00a0\u00bb title_text=\u00a0\u00bbUntitled design (4)\u00a0\u00bb _builder_version=\u00a0\u00bb4.20.2&Prime; _module_preset=\u00a0\u00bbdefault\u00a0\u00bb global_colors_info=\u00a0\u00bb{}\u00a0\u00bb][\/et_pb_image][\/et_pb_column][\/et_pb_row][et_pb_row column_structure=\u00a0\u00bb1_4,3_4&Prime; _builder_version=\u00a0\u00bb4.20.2&Prime; _module_preset=\u00a0\u00bbdefault\u00a0\u00bb global_colors_info=\u00a0\u00bb{}\u00a0\u00bb][et_pb_column type=\u00a0\u00bb1_4&Prime; _builder_version=\u00a0\u00bb4.20.2&Prime; _module_preset=\u00a0\u00bbdefault\u00a0\u00bb global_colors_info=\u00a0\u00bb{}\u00a0\u00bb][et_pb_image src=\u00a0\u00bbhttps:\/\/umnb.ca\/wp-content\/uploads\/2024\/09\/UMNB-Annual-Conference-Booklet-FR.png\u00a0\u00bb title_text=\u00a0\u00bbUMNB Annual Conference Booklet &#8211; FR\u00a0\u00bb url=\u00a0\u00bbhttps:\/\/umnb.ca\/wp-content\/uploads\/2024\/10\/UMNB-Annual-Conference-Booklet-FR-2-compressed.pdf\u00a0\u00bb _builder_version=\u00a0\u00bb4.20.2&Prime; _module_preset=\u00a0\u00bbdefault\u00a0\u00bb global_colors_info=\u00a0\u00bb{}\u00a0\u00bb][\/et_pb_image][\/et_pb_column][et_pb_column type=\u00a0\u00bb3_4&Prime; _builder_version=\u00a0\u00bb4.20.2&Prime; _module_preset=\u00a0\u00bbdefault\u00a0\u00bb global_colors_info=\u00a0\u00bb{}\u00a0\u00bb][et_pb_text _builder_version=\u00a0\u00bb4.20.2&Prime; _module_preset=\u00a0\u00bbdefault\u00a0\u00bb global_colors_info=\u00a0\u00bb{}\u00a0\u00bb]<\/p>\n<p><span style=\"color: #000000; font-size: large;\"><b><strong>Merci de vous \u00eatre joints \u00e0 nous lors de la 30e conf\u00e9rence annuelle et de l&rsquo;assembl\u00e9e g\u00e9n\u00e9rale annuelle de l&rsquo;UMNB !<\/strong><\/b><\/span><br \/><span style=\"color: #000000; font-size: large;\">Quelle fin de semaine incroyable ! Plus de 275 \u00e9lus et employ\u00e9s municipaux de tout le Nouveau-Brunswick se sont r\u00e9unis pour c\u00e9l\u00e9brer notre 30e Conf\u00e9rence annuelle et AGA. L&rsquo;\u00e9v\u00e9nement de cette ann\u00e9e \u00e9tait vraiment sp\u00e9cial, offrant des occasions inestimables d&rsquo;\u00e9tablir des liens avec des pairs, des partenaires et des repr\u00e9sentants provinciaux, tout en offrant les outils et les ressources n\u00e9cessaires pour relever les principaux d\u00e9fis et saisir les nouvelles occasions de r\u00e9ussite municipale.<\/span><\/p>\n<p><span style=\"color: #000000; font-size: large;\">Un grand merci \u00e0 tous ceux qui se sont joints \u00e0 nous et qui ont fait de la conf\u00e9rence de cette ann\u00e9e un succ\u00e8s retentissant ! Restez \u00e0 l&rsquo;\u00e9coute pour conna\u00eetre les points forts et les ressources de l&rsquo;\u00e9v\u00e9nement &#8211; nous avons d\u00e9j\u00e0 h\u00e2te d&rsquo;\u00eatre \u00e0 l&rsquo;ann\u00e9e prochaine !<\/span><\/p>\n<p>[\/et_pb_text][\/et_pb_column][\/et_pb_row][et_pb_row _builder_version=\u00a0\u00bb4.20.2&Prime; _module_preset=\u00a0\u00bbdefault\u00a0\u00bb global_colors_info=\u00a0\u00bb{}\u00a0\u00bb][et_pb_column type=\u00a0\u00bb4_4&Prime; _builder_version=\u00a0\u00bb4.20.2&Prime; _module_preset=\u00a0\u00bbdefault\u00a0\u00bb global_colors_info=\u00a0\u00bb{}\u00a0\u00bb][et_pb_gallery gallery_ids=\u00a0\u00bb12260,12258,12256,12254,12252,12250,12238,12240,12242,12244,12246,12248,12236,12234,12232,12230,12228,12226,12214,12216,12218,12220,12222,12224,12212,12210,12208,12206,12202,12204,12192,12190,12194,12196,12198,12200,12188,12184,12186,12182,12178,12180,12166,12168,12170,12172,12174,12176,12164,12162,12160,12158,12156,12154,12142,12144,12146,12148,12150,12152,12140,12138,12136,12134,12132,12130,12118,12120,12122,12124,12126,12128,12116,12114,12112,12110,12108,12106,12094,12096,12098,12100,12102,12104,12092,12090,12088,12086,12084,12082,12070,12072,12074,12076,12078,12080,12068,12066,12064,12062,12060,12058,12046,12048,12050,12052,12054,12056,12044,12042,12040,12038,12036,12034,12022,12024,12026,12028,12030,12032,12020,12018,12016,12014,12012,12010,12008&Prime; posts_number=\u00a0\u00bb8&Prime; show_title_and_caption=\u00a0\u00bboff\u00a0\u00bb _builder_version=\u00a0\u00bb4.20.2&Prime; _module_preset=\u00a0\u00bbdefault\u00a0\u00bb global_colors_info=\u00a0\u00bb{}\u00a0\u00bb][\/et_pb_gallery][et_pb_text _builder_version=\u00a0\u00bb4.16&Prime; custom_padding=\u00a0\u00bb||0px|||\u00a0\u00bb global_colors_info=\u00a0\u00bb{}\u00a0\u00bb]<\/p>\n<p><span style=\"color: #a31600; font-size: xx-large;\"><b><strong>PR\u00c9SENTATIONS POWER POINT<\/strong><\/b><\/span><\/p>\n<p><span style=\"font-size: x-large; color: #000000;\"><b><strong>VENDREDI<\/strong><\/b> <\/span><br \/><span style=\"font-size: x-large; color: #000000;\"><b><i><\/i><\/b><\/span><\/p>\n<p><span style=\"font-size: large; color: #000000;\"><b><i>L&rsquo;importance de la planification de la rel\u00e8ve pour les municipalit\u00e9s<\/i><\/b>, pr\u00e9sent\u00e9 par MC Advisory <i>en partenariat avec l&rsquo;AAMNB<\/i><\/span><br \/><span style=\"font-size: large;\"><a href=\"https:\/\/umnb.ca\/wp-content\/uploads\/2024\/10\/10-04-2024-100-PM-GOVENORS-ROOM-Union-of-NB-municipality.pptx\"><b><\/b><\/a><\/span><\/p>\n<p><span style=\"font-size: large;\"><a href=\"https:\/\/umnb.ca\/wp-content\/uploads\/2024\/10\/10-04-2024-100-PM-GOVENORS-ROOM-Union-of-NB-municipality.pptx\"><b>L&rsquo;investissement collaboratif dans le sport et les loisirs communautaires pour la qualit\u00e9 de vie au N.-B.<\/b><\/a><b>, <\/b><span style=\"color: #000000;\"><i><em>Pr\u00e9sentatrice :<\/em><\/i> <i><em>Jackie Oncescu, r\u00e9cr\u00e9ologie et \u00e9tudes sportives, Universit\u00e9 du Nouveau-Brunswick<\/em><\/i><\/span><\/span><br \/><span style=\"font-size: large; color: #000000;\"><b><\/b><\/span><\/p>\n<p><span style=\"font-size: large;\"><span style=\"color: #000000;\"><b>Renouvellement du logement communautaire dans les municipalit\u00e9s du Nouveau-Brunswick, <\/b><i><em>pr\u00e9sentateurs :<\/em><\/i> <i><em>Peter Corbyn, directeur g\u00e9n\u00e9ral, Association du logement sans but lucratif du Nouveau-Brunswick et <\/em><\/i><\/span><a href=\"\u00ab\"><i><em>Kevin Nicklin, maire de Grand Lake<\/em><\/i><\/a><i><em>.<\/em><\/i><\/span><br \/><span style=\"font-size: large;\"><a href=\"https:\/\/umnb.ca\/wp-content\/uploads\/2024\/10\/UMNBpresentation_PPT_2024_FINAL.v0.1.pdf\"><b><\/b><\/a><\/span><\/p>\n<p><span style=\"font-size: large;\"><a href=\"https:\/\/umnb.ca\/wp-content\/uploads\/2024\/10\/UMNBpresentation_PPT_2024_FINAL.v0.1.pdf\"><b>S\u00c9ANCE DE PARTENARIAT : Centre d&rsquo;excellence avec le minist\u00e8re de l&rsquo;\u00c9ducation, <\/b><\/a><span style=\"color: #000000;\"><i><em>pr\u00e9sentateaurs :<\/em><\/i> <i><em>Ginny Steeves, Centre d&rsquo;excellence du minist\u00e8re de l&rsquo;\u00c9ducation et Ransford Lockhart, Centre d&rsquo;excellence du minist\u00e8re de l&rsquo;\u00c9ducation<\/em><\/i><\/span><\/span><br \/><span style=\"font-size: large;\"><a href=\"https:\/\/umnb.ca\/wp-content\/uploads\/2024\/10\/10-05-2024-215-GOVENORS-UMNB-2024-LLCA-GCCC-1.pdf\"><b><\/b><\/a><\/span><\/p>\n<p><span style=\"font-size: large;\"><a href=\"https:\/\/umnb.ca\/wp-content\/uploads\/2024\/10\/10-05-2024-215-GOVENORS-UMNB-2024-LLCA-GCCC-1.pdf\"><b>Tirer parti de la FCM et du FMV pour la r\u00e9ussite des municipalit\u00e9s<\/b><\/a><b>, <\/b><span style=\"color: #000000;\"><i><em>Pr\u00e9sentatrice :<\/em><\/i> <i><em>Jordan Ruest, agent de sensibilisation, Programmes de sensibilisation de la FCM<\/em><\/i><\/span><\/span><br \/><span style=\"font-size: large;\"><a href=\"https:\/\/umnb.ca\/wp-content\/uploads\/2024\/10\/printhandler.ashx_.pdf\"><b><strong><\/strong><\/b><\/a><\/span><\/p>\n<p><span style=\"font-size: large;\"><a href=\"https:\/\/umnb.ca\/wp-content\/uploads\/2024\/10\/printhandler.ashx_.pdf\"><b><strong>\u00c9TUDE DE CAS : Shape &#8211; Nouvelles approches pour impliquer la communaut\u00e9 dans le logement abordable <\/strong><\/b><\/a><span style=\"color: #000000;\"><i><em>Pr\u00e9sentatrices :<\/em><\/i> <i><em>Wendy Watts, gestionnaire de l&rsquo;engagement communautaire et commercial, Ville de Stratford, et Michelle MacDonald, copropri\u00e9taire d&rsquo;AOR 360.<\/em><\/i><\/span><\/span><br \/><span style=\"font-size: large;\"><a href=\"https:\/\/umnb.ca\/wp-content\/uploads\/2024\/10\/10-04-2024-215-VICTORIA-Kelly.pptx\"><b><\/b><\/a><\/span><\/p>\n<p><span style=\"font-size: large;\"><a href=\"https:\/\/umnb.ca\/wp-content\/uploads\/2024\/10\/10-04-2024-215-VICTORIA-Kelly.pptx\"><b>SESSION DES PARTENAIRES : Construire des communaut\u00e9s accueillantes pour les enfants :<\/b><\/a> <a href=\"https:\/\/umnb.ca\/wp-content\/uploads\/2024\/10\/10-04-2024-215-VICTORIA-Kelly.pptx\"><b>Une voie vers le d\u00e9veloppement durable et l&rsquo;engagement communautaire <\/b><\/a>,<span style=\"color: #000000;\"> pr\u00e9sent\u00e9e par le D\u00e9fenseur des enfants et de la jeunesse du Nouveau-Brunswick <i><em>:<\/em><\/i> <i><em>Kelly Lamrock, D\u00e9fenseur des enfants, de la jeunesse et des a\u00een\u00e9s du Nouveau-Brunswick<\/em><\/i><\/span><\/span><br \/><span style=\"font-size: large;\"><a href=\"https:\/\/umnb.ca\/wp-content\/uploads\/2024\/10\/10-04-2024-330-PM-GOV-UMNB-Conference-Infrastructure-and-Asset-Management-v2.pptx\"><b><strong><\/strong><\/b><\/a><\/span><\/p>\n<p><span style=\"font-size: large;\"><a href=\"https:\/\/umnb.ca\/wp-content\/uploads\/2024\/10\/10-04-2024-330-PM-GOV-UMNB-Conference-Infrastructure-and-Asset-Management-v2.pptx\"><b><strong>Renforcer la gestion des actifs d&rsquo;infrastructure et la capacit\u00e9 d&rsquo;adaptation au climat au Nouveau-Brunswick<\/strong><\/b><\/a><b><strong>, <\/strong><\/b><span style=\"color: #000000;\"><i><em>pr\u00e9sentateurs :<\/em><\/i> <i><em>Mike Benson, directeur de l&rsquo;innovation au d\u00e9partement de g\u00e9nie civil de l&rsquo;Universit\u00e9 du Nouveau-Brunswick et Serge Dupuis, Universit\u00e9 de Moncton<\/em><\/i><\/span><\/span><br \/><span style=\"font-size: large;\"><a href=\"https:\/\/umnb.ca\/wp-content\/uploads\/2024\/10\/UMNB-Presentation-FINAL.pptx.pdf\"><b><\/b><\/a><\/span><\/p>\n<p><span style=\"font-size: large;\"><a href=\"https:\/\/umnb.ca\/wp-content\/uploads\/2024\/10\/UMNB-Presentation-FINAL.pptx.pdf\"><b>Ma\u00eetriser les relations publiques et les m\u00e9dias sociaux en tant que leaders municipaux<\/b><\/a><b> <\/b><span style=\"color: #000000;\"><i><em>Pr\u00e9sentateur :<\/em><\/i> <i><em>Porter O&rsquo;Brien<\/em><\/i><\/span><\/span><br \/><span style=\"font-size: large;\"><a href=\"https:\/\/umnb.ca\/wp-content\/uploads\/2024\/10\/10-04-2024-330-VICTORIA-NBCHC-presentation.pptx\"><b><\/b><\/a><\/span><\/p>\n<p><span style=\"font-size: large;\"><a href=\"https:\/\/umnb.ca\/wp-content\/uploads\/2024\/10\/10-04-2024-330-VICTORIA-NBCHC-presentation.pptx\"><b>SESSION DES PARTENAIRES : Coop\u00e9rative d&rsquo;habitation collaborative du Nouveau-Brunswick Lt\u00e9e<\/b><\/a> <span style=\"color: #000000;\"><i><em>Pr\u00e9sentatrice : Janet Flowers, pr\u00e9sidente du conseil d&rsquo;administration de la New Brunswick Collaborative Housing Co-operative Ltd :<\/em><\/i> <i><em>Janet Flowers, pr\u00e9sidente du conseil d&rsquo;administration de la New Brunswick Collaborative Housing Co-operative<\/em><\/i><\/span><\/span><br \/><span style=\"font-size: large; color: #000000;\"><b><\/b><\/span><\/p>\n<p><span style=\"font-size: large; color: #000000;\"><a href=\"https:\/\/umnb.ca\/wp-content\/uploads\/2024\/10\/UMNB-10-04-2024-1-compressed.pdf\"><b>Canoe Insurance et Grand Bay-Westfield :<\/b> <b>Cr\u00e9er de la valeur gr\u00e2ce au partenariat <\/b><\/a><i><em>Pr\u00e9sentateur :<\/em><\/i> <i><em>Mallory Gray, gestionnaire des services aux membres, Canoe Insurance, Jonathan Stone, sp\u00e9cialiste des assurances et des risques, Canoe Insurance, John Enns-Wind, DGA de Grand Bay-Westfield et Brittany Merrifield, maire de Grand Bay-Westfield.<\/em><\/i><\/span><br \/><span style=\"font-size: large; color: #000000;\"><b><strong><\/strong><\/b><\/span><\/p>\n<p><span style=\"font-size: x-large; color: #000000;\"><b><strong>SAMEDI<\/strong><\/b> <\/span><br \/><span style=\"font-size: x-large;\"><a href=\"https:\/\/umnb.ca\/wp-content\/uploads\/2024\/10\/10-05-2024-900-GRAND-CB-FiscalResearch5Oct2024.pptx\"><b><\/b><\/a><\/span><\/p>\n<p><span style=\"font-size: large;\"><a href=\"https:\/\/umnb.ca\/wp-content\/uploads\/2024\/10\/10-05-2024-900-GRAND-CB-FiscalResearch5Oct2024.pptx\"><b>Comprendre la sant\u00e9 financi\u00e8re des municipalit\u00e9s :<\/b><\/a> <a href=\"https:\/\/umnb.ca\/wp-content\/uploads\/2024\/10\/10-05-2024-900-GRAND-CB-FiscalResearch5Oct2024.pptx\"><b>Insights from the UMNB Fiscal Paper<\/b><\/a><b>, <\/b><span style=\"color: #000000;\"><i><em>Pr\u00e9sentateur :<\/em><\/i> <i><em>Craig Brett, professeur d&rsquo;\u00e9conomie, Mount Allison University<\/em><\/i> <\/span><\/span><br \/><span style=\"font-size: large;\"><a href=\"https:\/\/umnb.ca\/wp-content\/uploads\/2024\/10\/10-05-2024-1015-AM-GRAND-BALLROOM-PresentationEN-UMNB.pdf\"><b><\/b><\/a><\/span><\/p>\n<p><span style=\"font-size: large;\"><a href=\"https:\/\/umnb.ca\/wp-content\/uploads\/2024\/10\/10-05-2024-1015-AM-GRAND-BALLROOM-PresentationEN-UMNB.pdf\"><b>Commission de la gouvernance locale du Nouveau-Brunswick <\/b><\/a><span style=\"color: #000000;\"><i><em>Pr\u00e9sentatrice :<\/em><\/i> <i><em>Giselle Goguen, pr\u00e9sidente de la Commission de gouvernance locale<\/em><\/i> <\/span><\/span><br \/><span style=\"font-size: large;\"><a href=\"https:\/\/umnb.ca\/wp-content\/uploads\/2024\/10\/10-05-2024-1245-GRAND-FINAL-MC-MCA-Fostering-Respectful-Workplace-UMNB-ENG-No-Notes-Oct-5-2024.pptx\"><b><\/b><\/a><\/span><\/p>\n<p><span style=\"font-size: large;\"><a href=\"https:\/\/umnb.ca\/wp-content\/uploads\/2024\/10\/10-05-2024-1245-GRAND-FINAL-MC-MCA-Fostering-Respectful-Workplace-UMNB-ENG-No-Notes-Oct-5-2024.pptx\"><b>Favoriser un milieu de travail respectueux dans un cadre municipal<\/b><\/a><b>, <\/b><span style=\"color: #000000;\"><i><em>pr\u00e9sentatrice :<\/em><\/i> <i><em>Sally Ripley, MC Advisory et Chris Pelkey, McInnes Cooper<\/em><\/i><\/span><\/span><br \/><span style=\"font-size: large; color: #000000;\"><b><\/b><\/span><\/p>\n<p><span style=\"font-size: x-large; color: #000000;\"><b>DIMANCHE<\/b><\/span><br \/><span style=\"font-size: x-large; color: #000000;\"><b><\/b><\/span><\/p>\n<p><span style=\"font-size: large; color: #000000;\"><b>Atelier <\/b><i>pr\u00e9sent\u00e9 par le CN<\/i><\/span><\/p>\n<p>&nbsp;<\/p>\n<p><span style=\"color: #000000; font-size: large;\"><\/span><\/p>\n<p>[\/et_pb_text][et_pb_text _builder_version=\u00a0\u00bb4.20.2&Prime; _module_preset=\u00a0\u00bbdefault\u00a0\u00bb global_colors_info=\u00a0\u00bb{}\u00a0\u00bb]<\/p>\n<p><span style=\"font-size: x-large; color: #000000;\"><strong>2024 VENDEURS DE SALONS PROFESSIONNELS :<\/strong><\/span><span><\/span><\/p>\n<p><span><a href=\"https:\/\/www.abilitynb.ca\/our-programs-services\/\">Ability NB \u2013 Accessible NB program<\/a><\/span><\/p>\n<p><span><a href=\"https:\/\/www.facebook.com\/AbsoluteTraffic\/\">Absolute Traffic &amp; Sign Solutions Ltd<\/a><\/span><\/p>\n<p><span><a href=\"https:\/\/armtec.com\/\">Armtec<\/a><\/span><\/p>\n<p><span><a href=\"https:\/\/www.brokerlink.ca\/locations\/new-brunswick\">BrokerLink Insurance<\/a><\/span><\/p>\n<p><span><a href=\"https:\/\/brunnet.com\/\">BrunNet IT Solutions Inc<\/a><\/span><\/p>\n<p><span><a href=\"https:\/\/www.cn.ca\/\">Canadian National Railway Co.<\/a><\/span><\/p>\n<p><span><a href=\"https:\/\/canoeprocurement.ca\/\">Canoe Procurement Group of Canada<\/a><\/span><\/p>\n<p><span><a href=\"https:\/\/centresofexcellencenb.ca\/languagelearning\/\">Centre of Excellence for Language Learning<\/a><\/span><\/p>\n<p><span><a href=\"https:\/\/cybervisor.ca\/\">Cybervisor<\/a><\/span><\/p>\n<p><span><a href=\"https:\/\/www.dasconcrete.com\/\">D.A.S. Concrete Countertops<\/a><\/span><\/p>\n<p><span><a href=\"https:\/\/darwineventgroup.com\/\">Darwin Event Group<\/a><\/span><\/p>\n<p><span><a href=\"https:\/\/www.englobecorp.com\/\">Englobe Corp<\/a><\/span><\/p>\n<p><span><a href=\"https:\/\/www.municipalenvironmental.com\/fero\">Fero Waste and Recycling Inc<\/a><\/span><\/p>\n<p><span><a href=\"https:\/\/www.gemtec.ca\/\">GEMTEC Consulting Engineers and Scientists<\/a><\/span><\/p>\n<p><span><a href=\"https:\/\/hitechcomm.ca\/\">HiTech Communications Ltd.<\/a><\/span><\/p>\n<p><span><a href=\"https:\/\/hhnb-rlnb.ca\/\">Housing Hub of New Brunswick<\/a><\/span><\/p>\n<p><span><a href=\"https:\/\/jdirving.com\/en\/\">J.D. Irving Limited<\/a><\/span><\/p>\n<p><span><a href=\"https:\/\/www.liveablecities.com\/\">LED Roadway Lighting \/ Liveable Cities<\/a><\/span><\/p>\n<p><span>Master Control<\/span><\/p>\n<p><span><a href=\"https:\/\/www.mcadvisory.com\/\">MC Advisory<\/a>\/\u00a0<a href=\"https:\/\/www.mcinnescooper.com\/\">McInnes Cooper<\/a><\/span><\/p>\n<p><span><a href=\"https:\/\/npf-fpn.com\/\">National Police Federation (NFP)\u00a0<\/a><\/span><\/p>\n<p><span><a href=\"https:\/\/nblung.ca\/\">NB Lung<\/a><\/span><\/p>\n<p><span><a href=\"https:\/\/www.nbpower.com\/Welcome.aspx?lang=en\">NB Power<\/a><\/span><\/p>\n<p><span><a href=\"https:\/\/northlinecanada.com\/\">North Line Canada Ltd<\/a><\/span><\/p>\n<p><span><a href=\"https:\/\/nummax.com\/en\/\">Nummax<\/a><\/span><\/p>\n<p><span><a href=\"https:\/\/www.nwmo.ca\/en\">NWMO<\/a><\/span><\/p>\n<p><span><a href=\"https:\/\/www.porterobrien.com\/\">Porter O\u2019Brien<\/a><\/span><\/p>\n<p><span><a href=\"https:\/\/www.portfoliosolutions.group\/\">Portfolio Solutions Group<\/a><\/span><\/p>\n<p><span><a href=\"https:\/\/recreationnb.ca\/\">Recreation NB<\/a><\/span><\/p>\n<p><span><a href=\"https:\/\/royconsultants.ca\/en\/\">Roy Consultants<\/a><\/span><\/p>\n<p><span><a href=\"https:\/\/www.goguenchamplainfinancial.ca\/\">Services Financiers Goguen Champlain Financial Services Inc.<\/a><\/span><\/p>\n<p><span><a href=\"https:\/\/www.tacel.ca\/\">Tacel Ltd<\/a><\/span><\/p>\n<p><span><a href=\"https:\/\/tessier-rp.com\/\">Tessier R\u00e9cr\u00e9o-Parc<\/a><\/span><\/p>\n<p><span><a href=\"https:\/\/gingerdesign.ca\/\">The Ginger Agency<\/a><\/span><\/p>\n<p><span><a href=\"https:\/\/tc.canada.ca\/en\">Transport Canada<\/a><\/span><\/p>\n<p><span><a href=\"https:\/\/urbanruralrides.ca\/\">Urban\/Rural Rides \u2013 Transport Urbain\/Rural<\/a><\/span><\/p>\n<p><span><a href=\"https:\/\/www.xplore.ca\/\">Xplore Inc.<\/a><\/span><\/p>\n<p>[\/et_pb_text][et_pb_image src=\u00a0\u00bbhttps:\/\/umnb.ca\/wp-content\/uploads\/2024\/09\/2024-Sponsors-as-of-10-09-2024.png\u00a0\u00bb title_text=\u00a0\u00bb2024 Sponsors as of 10-09-2024&Prime; url=\u00a0\u00bbhttps:\/\/umnb.ca\/fr\/umnb2024-commanditaires\/\u00a0\u00bb _builder_version=\u00a0\u00bb4.20.2&Prime; _module_preset=\u00a0\u00bbdefault\u00a0\u00bb global_colors_info=\u00a0\u00bb{}\u00a0\u00bb][\/et_pb_image][\/et_pb_column][\/et_pb_row][\/et_pb_section]<\/p>\n","protected":false},"excerpt":{"rendered":"<p>Merci de vous \u00eatre joints \u00e0 nous lors de la 30e conf\u00e9rence annuelle et de l&rsquo;assembl\u00e9e g\u00e9n\u00e9rale annuelle de l&rsquo;UMNB !Quelle fin de semaine incroyable ! Plus de 275 \u00e9lus et employ\u00e9s municipaux de tout le Nouveau-Brunswick se sont r\u00e9unis pour c\u00e9l\u00e9brer notre 30e Conf\u00e9rence annuelle et AGA. L&rsquo;\u00e9v\u00e9nement de cette ann\u00e9e \u00e9tait vraiment sp\u00e9cial, [&hellip;]<\/p>\n","protected":false},"author":2,"featured_media":0,"parent":0,"menu_order":0,"comment_status":"closed","ping_status":"closed","template":"","meta":{"_et_pb_use_builder":"on","_et_pb_old_content":"","_et_gb_content_width":"","footnotes":""},"class_list":["post-10901","page","type-page","status-publish","hentry"],"_links":{"self":[{"href":"https:\/\/umnb.ca\/fr\/wp-json\/wp\/v2\/pages\/10901\/"}],"collection":[{"href":"https:\/\/umnb.ca\/fr\/wp-json\/wp\/v2\/pages\/"}],"about":[{"href":"https:\/\/umnb.ca\/fr\/wp-json\/wp\/v2\/types\/page\/"}],"author":[{"embeddable":true,"href":"https:\/\/umnb.ca\/fr\/wp-json\/wp\/v2\/users\/2\/"}],"replies":[{"embeddable":true,"href":"https:\/\/umnb.ca\/fr\/wp-json\/wp\/v2\/comments\/?post=10901"}],"version-history":[{"count":20,"href":"https:\/\/umnb.ca\/fr\/wp-json\/wp\/v2\/pages\/10901\/revisions\/"}],"predecessor-version":[{"id":12294,"href":"https:\/\/umnb.ca\/fr\/wp-json\/wp\/v2\/pages\/10901\/revisions\/12294\/"}],"wp:attachment":[{"href":"https:\/\/umnb.ca\/fr\/wp-json\/wp\/v2\/media\/?parent=10901"}],"curies":[{"name":"wp","href":"https:\/\/api.w.org\/{rel}","templated":true}]}}